{"id":60632,"date":"2025-11-03T13:59:51","date_gmt":"2025-11-03T13:59:51","guid":{"rendered":"https:\/\/www.retro-games.hu\/index.php\/termek\/9-the-last-resort\/"},"modified":"2025-11-03T13:59:52","modified_gmt":"2025-11-03T13:59:52","slug":"9-the-last-resort","status":"publish","type":"product","link":"https:\/\/www.retro-games.hu\/index.php\/termek\/9-the-last-resort\/","title":{"rendered":"9: The Last Resort"},"content":{"rendered":"<p>Klasszikus point and click kalandj\u00e1t\u00e9k. Kiad\u00e1s \u00e9ve: 1996. Platform: Windows 95. Kivitel: cd tokos, els\u0151 kiad\u00e1s,angol feliratos bor\u00edt\u00f3k, amely r\u00f6vid pap\u00edrk\u00e9zik\u00f6nyv is, eredeti cd, angol nyelv\u0171 j\u00e1t\u00e9k. CD \u00e1llapota: szinte karcmentes, tesztelt, m\u0171k\u00f6dik<\/p>\n","protected":false},"excerpt":{"rendered":"<p>Klasszikus point and click kalandj\u00e1t\u00e9k. Kiad\u00e1s \u00e9ve: 1996. Platform: Windows 95. Kivitel: cd tokos, els\u0151 kiad\u00e1s,angol feliratos bor\u00edt\u00f3k, amely r\u00f6vid pap\u00edrk\u00e9zik\u00f6nyv is, eredeti cd, angol nyelv\u0171 j\u00e1t\u00e9k. CD \u00e1llapota: szinte karcmentes, tesztelt, m\u0171k\u00f6dik<\/p>\n","protected":false},"featured_media":60631,"comment_status":"open","ping_status":"closed","template":"","meta":{"_et_pb_use_builder":"","_et_pb_old_content":"","_et_gb_content_width":""},"product_brand":[],"product_cat":[25,120,155],"product_tag":[],"class_list":{"0":"post-60632","1":"product","2":"type-product","3":"status-publish","4":"has-post-thumbnail","6":"product_cat-kaland","7":"product_cat-klasszikus-point-n-click","8":"product_cat-jatekok","9":"pa_allapot-hasznalt","10":"pa_kivitel-cd-tokos","11":"pa_nyelv-angol","12":"pa_platform-pc-windows-95","14":"first","15":"instock","16":"shipping-taxable","17":"purchasable","18":"product-type-simple"},"_links":{"self":[{"href":"https:\/\/www.retro-games.hu\/index.php\/wp-json\/wp\/v2\/product\/60632","targetHints":{"allow":["GET"]}}],"collection":[{"href":"https:\/\/www.retro-games.hu\/index.php\/wp-json\/wp\/v2\/product"}],"about":[{"href":"https:\/\/www.retro-games.hu\/index.php\/wp-json\/wp\/v2\/types\/product"}],"replies":[{"embeddable":true,"href":"https:\/\/www.retro-games.hu\/index.php\/wp-json\/wp\/v2\/comments?post=60632"}],"wp:featuredmedia":[{"embeddable":true,"href":"https:\/\/www.retro-games.hu\/index.php\/wp-json\/wp\/v2\/media\/60631"}],"wp:attachment":[{"href":"https:\/\/www.retro-games.hu\/index.php\/wp-json\/wp\/v2\/media?parent=60632"}],"wp:term":[{"taxonomy":"product_brand","embeddable":true,"href":"https:\/\/www.retro-games.hu\/index.php\/wp-json\/wp\/v2\/product_brand?post=60632"},{"taxonomy":"product_cat","embeddable":true,"href":"https:\/\/www.retro-games.hu\/index.php\/wp-json\/wp\/v2\/product_cat?post=60632"},{"taxonomy":"product_tag","embeddable":true,"href":"https:\/\/www.retro-games.hu\/index.php\/wp-json\/wp\/v2\/product_tag?post=60632"}],"curies":[{"name":"wp","href":"https:\/\/api.w.org\/{rel}","templated":true}]}}