{"id":60650,"date":"2025-11-03T14:00:24","date_gmt":"2025-11-03T14:00:24","guid":{"rendered":"https:\/\/www.retro-games.hu\/index.php\/termek\/power-rangers-zeo-versus-the-machine-empire\/"},"modified":"2025-11-03T14:00:24","modified_gmt":"2025-11-03T14:00:24","slug":"power-rangers-zeo-versus-the-machine-empire","status":"publish","type":"product","link":"https:\/\/www.retro-games.hu\/index.php\/termek\/power-rangers-zeo-versus-the-machine-empire\/","title":{"rendered":"Power Rangers: Zeo Versus The Machine Empire"},"content":{"rendered":"<p>Platformj\u00e1t\u00e9k. Kiad\u00e1s \u00e9ve: 1996. Platform: Windows 3.x\/95\/NT. Kivitel: cd tokos, ut\u00e1nkiad\u00e1s, n\u00e9met feliratos bor\u00edt\u00f3k, eredeti cd, angol nyelv\u0171 j\u00e1t\u00e9k. Plusz 2 j\u00e1t\u00e9k: Rings of Medusa Gold (n\u00e9met nyelv\u0171), Meridian 59 (n\u00e9met nyelv\u0171). CD \u00e1llapota: karcmentes, \u00fajnak t\u0171nik<\/p>\n","protected":false},"excerpt":{"rendered":"<p>Platformj\u00e1t\u00e9k. Kiad\u00e1s \u00e9ve: 1996. Platform: Windows 3.x\/95\/NT. Kivitel: cd tokos, ut\u00e1nkiad\u00e1s, n\u00e9met feliratos bor\u00edt\u00f3k, eredeti cd, angol nyelv\u0171 j\u00e1t\u00e9k. Plusz 2 j\u00e1t\u00e9k: Rings of Medusa Gold (n\u00e9met nyelv\u0171), Meridian 59 (n\u00e9met nyelv\u0171). CD \u00e1llapota: karcmentes, \u00fajnak t\u0171nik<\/p>\n","protected":false},"featured_media":60649,"comment_status":"open","ping_status":"closed","template":"","meta":{"_et_pb_use_builder":"","_et_pb_old_content":"","_et_gb_content_width":""},"product_brand":[],"product_cat":[21,155,34],"product_tag":[],"class_list":{"0":"post-60650","1":"product","2":"type-product","3":"status-publish","4":"has-post-thumbnail","6":"product_cat-akcio","7":"product_cat-jatekok","8":"product_cat-platformjatek","9":"pa_allapot-hasznalt","10":"pa_kivitel-cd-tokos","11":"pa_nyelv-angol","12":"pa_nyelv-nemet","13":"pa_platform-pc-windows-3-x","14":"pa_platform-pc-windows-95","15":"pa_platform-pc-windows-nt","17":"first","18":"instock","19":"shipping-taxable","20":"purchasable","21":"product-type-simple"},"_links":{"self":[{"href":"https:\/\/www.retro-games.hu\/index.php\/wp-json\/wp\/v2\/product\/60650","targetHints":{"allow":["GET"]}}],"collection":[{"href":"https:\/\/www.retro-games.hu\/index.php\/wp-json\/wp\/v2\/product"}],"about":[{"href":"https:\/\/www.retro-games.hu\/index.php\/wp-json\/wp\/v2\/types\/product"}],"replies":[{"embeddable":true,"href":"https:\/\/www.retro-games.hu\/index.php\/wp-json\/wp\/v2\/comments?post=60650"}],"wp:featuredmedia":[{"embeddable":true,"href":"https:\/\/www.retro-games.hu\/index.php\/wp-json\/wp\/v2\/media\/60649"}],"wp:attachment":[{"href":"https:\/\/www.retro-games.hu\/index.php\/wp-json\/wp\/v2\/media?parent=60650"}],"wp:term":[{"taxonomy":"product_brand","embeddable":true,"href":"https:\/\/www.retro-games.hu\/index.php\/wp-json\/wp\/v2\/product_brand?post=60650"},{"taxonomy":"product_cat","embeddable":true,"href":"https:\/\/www.retro-games.hu\/index.php\/wp-json\/wp\/v2\/product_cat?post=60650"},{"taxonomy":"product_tag","embeddable":true,"href":"https:\/\/www.retro-games.hu\/index.php\/wp-json\/wp\/v2\/product_tag?post=60650"}],"curies":[{"name":"wp","href":"https:\/\/api.w.org\/{rel}","templated":true}]}}