{"id":60672,"date":"2025-11-03T14:01:03","date_gmt":"2025-11-03T14:01:03","guid":{"rendered":"https:\/\/www.retro-games.hu\/index.php\/termek\/return-to-zork\/"},"modified":"2025-11-03T14:01:03","modified_gmt":"2025-11-03T14:01:03","slug":"return-to-zork","status":"publish","type":"product","link":"https:\/\/www.retro-games.hu\/index.php\/termek\/return-to-zork\/","title":{"rendered":"Return to Zork"},"content":{"rendered":"<p>Rejtv\u00e9nymegold\u00f3 j\u00e1t\u00e9k. Kiad\u00e1s \u00e9ve: 1993. Platform: DOS. Kivitel: cd tokos, ut\u00e1nkiad\u00e1s, angol feliratos els\u0151 bor\u00edt\u00f3, amit egyben k\u00e9zik\u00f6nyv is, eredeti cd, angol nyelv\u0171 j\u00e1t\u00e9k. CD \u00e1llapota: karcmentes, \u00fajnak t\u0171nik<\/p>\n","protected":false},"excerpt":{"rendered":"<p>Rejtv\u00e9nymegold\u00f3 j\u00e1t\u00e9k. Kiad\u00e1s \u00e9ve: 1993. Platform: DOS. Kivitel: cd tokos, ut\u00e1nkiad\u00e1s, angol feliratos els\u0151 bor\u00edt\u00f3, amit egyben k\u00e9zik\u00f6nyv is, eredeti cd, angol nyelv\u0171 j\u00e1t\u00e9k. CD \u00e1llapota: karcmentes, \u00fajnak t\u0171nik<\/p>\n","protected":false},"featured_media":60671,"comment_status":"open","ping_status":"closed","template":"","meta":{"_et_pb_use_builder":"","_et_pb_old_content":"","_et_gb_content_width":""},"product_brand":[],"product_cat":[25,155,114],"product_tag":[],"class_list":{"0":"post-60672","1":"product","2":"type-product","3":"status-publish","4":"has-post-thumbnail","6":"product_cat-kaland","7":"product_cat-jatekok","8":"product_cat-rejtvenymegoldo","9":"pa_allapot-hasznalt","10":"pa_kivitel-cd-tokos","11":"pa_nyelv-angol","12":"pa_platform-pc_dos","14":"first","15":"instock","16":"shipping-taxable","17":"purchasable","18":"product-type-simple"},"_links":{"self":[{"href":"https:\/\/www.retro-games.hu\/index.php\/wp-json\/wp\/v2\/product\/60672","targetHints":{"allow":["GET"]}}],"collection":[{"href":"https:\/\/www.retro-games.hu\/index.php\/wp-json\/wp\/v2\/product"}],"about":[{"href":"https:\/\/www.retro-games.hu\/index.php\/wp-json\/wp\/v2\/types\/product"}],"replies":[{"embeddable":true,"href":"https:\/\/www.retro-games.hu\/index.php\/wp-json\/wp\/v2\/comments?post=60672"}],"wp:featuredmedia":[{"embeddable":true,"href":"https:\/\/www.retro-games.hu\/index.php\/wp-json\/wp\/v2\/media\/60671"}],"wp:attachment":[{"href":"https:\/\/www.retro-games.hu\/index.php\/wp-json\/wp\/v2\/media?parent=60672"}],"wp:term":[{"taxonomy":"product_brand","embeddable":true,"href":"https:\/\/www.retro-games.hu\/index.php\/wp-json\/wp\/v2\/product_brand?post=60672"},{"taxonomy":"product_cat","embeddable":true,"href":"https:\/\/www.retro-games.hu\/index.php\/wp-json\/wp\/v2\/product_cat?post=60672"},{"taxonomy":"product_tag","embeddable":true,"href":"https:\/\/www.retro-games.hu\/index.php\/wp-json\/wp\/v2\/product_tag?post=60672"}],"curies":[{"name":"wp","href":"https:\/\/api.w.org\/{rel}","templated":true}]}}