{"id":60693,"date":"2025-11-03T14:01:42","date_gmt":"2025-11-03T14:01:42","guid":{"rendered":"https:\/\/www.retro-games.hu\/index.php\/termek\/star-trek-warrior-set\/"},"modified":"2025-11-03T14:01:42","modified_gmt":"2025-11-03T14:01:42","slug":"star-trek-warrior-set","status":"publish","type":"product","link":"https:\/\/www.retro-games.hu\/index.php\/termek\/star-trek-warrior-set\/","title":{"rendered":"Star Trek: Warrior Set"},"content":{"rendered":"<p>Star Trek \u00f6ssze\u00e1ll\u00edt\u00e1s. Kiad\u00e1s \u00e9ve: 1996. Platform: DOS\/Windows 3.x\/95. Kivitel: cd tokos, speci\u00e1lis kiad\u00e1s, angol\/n\u00e9met feliratos bor\u00edt\u00f3k, eredeti 3 cd, angol\/n\u00e9met nyelv\u0171 kiad\u00e1s. A speci\u00e1lis kiad\u00e1s tartalma: Star Trek Deep Space Nine Harbinger Holosuite Missions (angol), Star Trek Conversational Klingon Audio CD (angol), Star Trek The Next Generation Interactive Technical Manual U.S.S. Enterprise NCC-1707-D (n\u00e9met). CD-k \u00e1llapota: szinte karcmentes, tesztelt, m\u0171k\u00f6dik<\/p>\n","protected":false},"excerpt":{"rendered":"<p>Star Trek \u00f6ssze\u00e1ll\u00edt\u00e1s. Kiad\u00e1s \u00e9ve: 1996. Platform: DOS\/Windows 3.x\/95. Kivitel: cd tokos, speci\u00e1lis kiad\u00e1s, angol\/n\u00e9met feliratos bor\u00edt\u00f3k, eredeti 3 cd, angol\/n\u00e9met nyelv\u0171 kiad\u00e1s. A speci\u00e1lis kiad\u00e1s tartalma: Star Trek Deep Space Nine Harbinger Holosuite Missions (angol), Star Trek Conversational Klingon Audio CD (angol), Star Trek The Next Generation Interactive Technical Manual U.S.S. Enterprise NCC-1707-D (n\u00e9met). [&hellip;]<\/p>\n","protected":false},"featured_media":60692,"comment_status":"open","ping_status":"closed","template":"","meta":{"_et_pb_use_builder":"","_et_pb_old_content":"","_et_gb_content_width":""},"product_brand":[],"product_cat":[45,36,155],"product_tag":[],"class_list":{"0":"post-60693","1":"product","2":"type-product","3":"status-publish","4":"has-post-thumbnail","6":"product_cat-egyeb","7":"product_cat-osszeallitasok","8":"product_cat-jatekok","9":"pa_allapot-hasznalt","10":"pa_kivitel-cd-tokos","11":"pa_nyelv-angol","12":"pa_nyelv-nemet","13":"pa_platform-pc_dos","14":"pa_platform-pc-windows-3-x","15":"pa_platform-pc-windows-95","17":"first","18":"instock","19":"shipping-taxable","20":"purchasable","21":"product-type-simple"},"_links":{"self":[{"href":"https:\/\/www.retro-games.hu\/index.php\/wp-json\/wp\/v2\/product\/60693","targetHints":{"allow":["GET"]}}],"collection":[{"href":"https:\/\/www.retro-games.hu\/index.php\/wp-json\/wp\/v2\/product"}],"about":[{"href":"https:\/\/www.retro-games.hu\/index.php\/wp-json\/wp\/v2\/types\/product"}],"replies":[{"embeddable":true,"href":"https:\/\/www.retro-games.hu\/index.php\/wp-json\/wp\/v2\/comments?post=60693"}],"wp:featuredmedia":[{"embeddable":true,"href":"https:\/\/www.retro-games.hu\/index.php\/wp-json\/wp\/v2\/media\/60692"}],"wp:attachment":[{"href":"https:\/\/www.retro-games.hu\/index.php\/wp-json\/wp\/v2\/media?parent=60693"}],"wp:term":[{"taxonomy":"product_brand","embeddable":true,"href":"https:\/\/www.retro-games.hu\/index.php\/wp-json\/wp\/v2\/product_brand?post=60693"},{"taxonomy":"product_cat","embeddable":true,"href":"https:\/\/www.retro-games.hu\/index.php\/wp-json\/wp\/v2\/product_cat?post=60693"},{"taxonomy":"product_tag","embeddable":true,"href":"https:\/\/www.retro-games.hu\/index.php\/wp-json\/wp\/v2\/product_tag?post=60693"}],"curies":[{"name":"wp","href":"https:\/\/api.w.org\/{rel}","templated":true}]}}