{"id":60723,"date":"2025-11-03T14:02:36","date_gmt":"2025-11-03T14:02:36","guid":{"rendered":"https:\/\/www.retro-games.hu\/index.php\/termek\/star-trek-starship-creator\/"},"modified":"2025-11-03T14:02:36","modified_gmt":"2025-11-03T14:02:36","slug":"star-trek-starship-creator","status":"publish","type":"product","link":"https:\/\/www.retro-games.hu\/index.php\/termek\/star-trek-starship-creator\/","title":{"rendered":"Star Trek: Starship Creator"},"content":{"rendered":"<p>Csillagflotta szimul\u00e1tor. Kiad\u00e1s \u00e9ve: 1998. Platform: Windows 95 \u00e9s Apple\/Power Macintosh. Kivitel: cd tokos, els\u0151 kiad\u00e1s, angol feliratos h\u00e1ts\u00f3 bor\u00edt\u00f3, az els\u0151 bor\u00edt\u00f3 az angol nyelv\u0171 pap\u00edrk\u00e9zik\u00f6nyv, eredeti cd, angol nyelv\u0171 szoftver. CD \u00e1llapota: szinte karcmentes, \u00fajnak t\u0171nik<\/p>\n","protected":false},"excerpt":{"rendered":"<p>Csillagflotta szimul\u00e1tor. Kiad\u00e1s \u00e9ve: 1998. Platform: Windows 95 \u00e9s Apple\/Power Macintosh. Kivitel: cd tokos, els\u0151 kiad\u00e1s, angol feliratos h\u00e1ts\u00f3 bor\u00edt\u00f3, az els\u0151 bor\u00edt\u00f3 az angol nyelv\u0171 pap\u00edrk\u00e9zik\u00f6nyv, eredeti cd, angol nyelv\u0171 szoftver. CD \u00e1llapota: szinte karcmentes, \u00fajnak t\u0171nik<\/p>\n","protected":false},"featured_media":60722,"comment_status":"open","ping_status":"closed","template":"","meta":{"_et_pb_use_builder":"","_et_pb_old_content":"","_et_gb_content_width":""},"product_brand":[],"product_cat":[155,8,81],"product_tag":[],"class_list":{"0":"post-60723","1":"product","2":"type-product","3":"status-publish","4":"has-post-thumbnail","6":"product_cat-jatekok","7":"product_cat-szimulator","8":"product_cat-uzlet-menedzsment","9":"pa_allapot-hasznalt","10":"pa_kivitel-cd-tokos","11":"pa_nyelv-angol","12":"pa_platform-applepower-macintosh","13":"pa_platform-pc-windows-95","15":"first","16":"instock","17":"shipping-taxable","18":"purchasable","19":"product-type-simple"},"_links":{"self":[{"href":"https:\/\/www.retro-games.hu\/index.php\/wp-json\/wp\/v2\/product\/60723","targetHints":{"allow":["GET"]}}],"collection":[{"href":"https:\/\/www.retro-games.hu\/index.php\/wp-json\/wp\/v2\/product"}],"about":[{"href":"https:\/\/www.retro-games.hu\/index.php\/wp-json\/wp\/v2\/types\/product"}],"replies":[{"embeddable":true,"href":"https:\/\/www.retro-games.hu\/index.php\/wp-json\/wp\/v2\/comments?post=60723"}],"wp:featuredmedia":[{"embeddable":true,"href":"https:\/\/www.retro-games.hu\/index.php\/wp-json\/wp\/v2\/media\/60722"}],"wp:attachment":[{"href":"https:\/\/www.retro-games.hu\/index.php\/wp-json\/wp\/v2\/media?parent=60723"}],"wp:term":[{"taxonomy":"product_brand","embeddable":true,"href":"https:\/\/www.retro-games.hu\/index.php\/wp-json\/wp\/v2\/product_brand?post=60723"},{"taxonomy":"product_cat","embeddable":true,"href":"https:\/\/www.retro-games.hu\/index.php\/wp-json\/wp\/v2\/product_cat?post=60723"},{"taxonomy":"product_tag","embeddable":true,"href":"https:\/\/www.retro-games.hu\/index.php\/wp-json\/wp\/v2\/product_tag?post=60723"}],"curies":[{"name":"wp","href":"https:\/\/api.w.org\/{rel}","templated":true}]}}