{"id":60740,"date":"2025-11-03T14:03:10","date_gmt":"2025-11-03T14:03:10","guid":{"rendered":"https:\/\/www.retro-games.hu\/index.php\/termek\/star-wars-episode-i-racer-nemet\/"},"modified":"2025-11-03T14:03:10","modified_gmt":"2025-11-03T14:03:10","slug":"star-wars-episode-i-racer-nemet","status":"publish","type":"product","link":"https:\/\/www.retro-games.hu\/index.php\/termek\/star-wars-episode-i-racer-nemet\/","title":{"rendered":"Star Wars Episode I: Racer (n\u00e9met)"},"content":{"rendered":"<p>\u0170rhaj\u00f3 szimul\u00e1toros j\u00e1t\u00e9k.  Kiad\u00e1s \u00e9ve: 1999. Platform: Windows 95\/98. Kivitel: cd tokos, els\u0151 kiad\u00e1s, n\u00e9met feliratos bor\u00edt\u00f3k, eredeti cd, n\u00e9met nyelv\u0171 j\u00e1t\u00e9k. CD \u00e1llapota: enyh\u00e9n karcos (hajsz\u00e1lkarcok), tesztelt, m\u0171k\u00f6dik<\/p>\n","protected":false},"excerpt":{"rendered":"<p>\u0170rhaj\u00f3 szimul\u00e1toros j\u00e1t\u00e9k. Kiad\u00e1s \u00e9ve: 1999. Platform: Windows 95\/98. Kivitel: cd tokos, els\u0151 kiad\u00e1s, n\u00e9met feliratos bor\u00edt\u00f3k, eredeti cd, n\u00e9met nyelv\u0171 j\u00e1t\u00e9k. CD \u00e1llapota: enyh\u00e9n karcos (hajsz\u00e1lkarcok), tesztelt, m\u0171k\u00f6dik<\/p>\n","protected":false},"featured_media":60739,"comment_status":"open","ping_status":"closed","template":"","meta":{"_et_pb_use_builder":"","_et_pb_old_content":"","_et_gb_content_width":""},"product_brand":[],"product_cat":[155,8,71],"product_tag":[],"class_list":{"0":"post-60740","1":"product","2":"type-product","3":"status-publish","4":"has-post-thumbnail","6":"product_cat-jatekok","7":"product_cat-szimulator","8":"product_cat-urhajo-harci","9":"pa_allapot-hasznalt","10":"pa_kivitel-cd-tokos","11":"pa_nyelv-nemet","12":"pa_platform-pc-windows-95","13":"pa_platform-pc-windows-98","15":"first","16":"instock","17":"shipping-taxable","18":"purchasable","19":"product-type-simple"},"_links":{"self":[{"href":"https:\/\/www.retro-games.hu\/index.php\/wp-json\/wp\/v2\/product\/60740","targetHints":{"allow":["GET"]}}],"collection":[{"href":"https:\/\/www.retro-games.hu\/index.php\/wp-json\/wp\/v2\/product"}],"about":[{"href":"https:\/\/www.retro-games.hu\/index.php\/wp-json\/wp\/v2\/types\/product"}],"replies":[{"embeddable":true,"href":"https:\/\/www.retro-games.hu\/index.php\/wp-json\/wp\/v2\/comments?post=60740"}],"wp:featuredmedia":[{"embeddable":true,"href":"https:\/\/www.retro-games.hu\/index.php\/wp-json\/wp\/v2\/media\/60739"}],"wp:attachment":[{"href":"https:\/\/www.retro-games.hu\/index.php\/wp-json\/wp\/v2\/media?parent=60740"}],"wp:term":[{"taxonomy":"product_brand","embeddable":true,"href":"https:\/\/www.retro-games.hu\/index.php\/wp-json\/wp\/v2\/product_brand?post=60740"},{"taxonomy":"product_cat","embeddable":true,"href":"https:\/\/www.retro-games.hu\/index.php\/wp-json\/wp\/v2\/product_cat?post=60740"},{"taxonomy":"product_tag","embeddable":true,"href":"https:\/\/www.retro-games.hu\/index.php\/wp-json\/wp\/v2\/product_tag?post=60740"}],"curies":[{"name":"wp","href":"https:\/\/api.w.org\/{rel}","templated":true}]}}