{"id":60746,"date":"2025-11-03T14:03:19","date_gmt":"2025-11-03T14:03:19","guid":{"rendered":"https:\/\/www.retro-games.hu\/index.php\/termek\/tides-of-war\/"},"modified":"2025-11-03T14:03:19","modified_gmt":"2025-11-03T14:03:19","slug":"tides-of-war","status":"publish","type":"product","link":"https:\/\/www.retro-games.hu\/index.php\/termek\/tides-of-war\/","title":{"rendered":"Tides of War"},"content":{"rendered":"<p>A Pirates!-hez hasonl\u00f3 akci\u00f3-kalandj\u00e1t\u00e9k. Kiad\u00e1s \u00e9ve: 1999. Platform: Windows 95\/98. Kivitel: cd tokos, els\u0151 kiad\u00e1s, angol nyelv\u0171 bor\u00edt\u00f3k, eredeti 2cd, angol nyelv\u0171 j\u00e1t\u00e9k. CD-k \u00e1llapota: karcmentes, \u00fajnak t\u0171nik<\/p>\n","protected":false},"excerpt":{"rendered":"<p>A Pirates!-hez hasonl\u00f3 akci\u00f3-kalandj\u00e1t\u00e9k. Kiad\u00e1s \u00e9ve: 1999. Platform: Windows 95\/98. Kivitel: cd tokos, els\u0151 kiad\u00e1s, angol nyelv\u0171 bor\u00edt\u00f3k, eredeti 2cd, angol nyelv\u0171 j\u00e1t\u00e9k. CD-k \u00e1llapota: karcmentes, \u00fajnak t\u0171nik<\/p>\n","protected":false},"featured_media":60745,"comment_status":"open","ping_status":"closed","template":"","meta":{"_et_pb_use_builder":"","_et_pb_old_content":"","_et_gb_content_width":""},"product_brand":[],"product_cat":[101,25,155],"product_tag":[],"class_list":{"0":"post-60746","1":"product","2":"type-product","3":"status-publish","4":"has-post-thumbnail","6":"product_cat-akcio-kalandjatek-nyilt-vilag","7":"product_cat-kaland","8":"product_cat-jatekok","9":"pa_allapot-hasznalt","10":"pa_kivitel-cd-tokos","11":"pa_nyelv-angol","12":"pa_platform-pc-windows-95","13":"pa_platform-pc-windows-98","15":"first","16":"instock","17":"shipping-taxable","18":"purchasable","19":"product-type-simple"},"_links":{"self":[{"href":"https:\/\/www.retro-games.hu\/index.php\/wp-json\/wp\/v2\/product\/60746","targetHints":{"allow":["GET"]}}],"collection":[{"href":"https:\/\/www.retro-games.hu\/index.php\/wp-json\/wp\/v2\/product"}],"about":[{"href":"https:\/\/www.retro-games.hu\/index.php\/wp-json\/wp\/v2\/types\/product"}],"replies":[{"embeddable":true,"href":"https:\/\/www.retro-games.hu\/index.php\/wp-json\/wp\/v2\/comments?post=60746"}],"wp:featuredmedia":[{"embeddable":true,"href":"https:\/\/www.retro-games.hu\/index.php\/wp-json\/wp\/v2\/media\/60745"}],"wp:attachment":[{"href":"https:\/\/www.retro-games.hu\/index.php\/wp-json\/wp\/v2\/media?parent=60746"}],"wp:term":[{"taxonomy":"product_brand","embeddable":true,"href":"https:\/\/www.retro-games.hu\/index.php\/wp-json\/wp\/v2\/product_brand?post=60746"},{"taxonomy":"product_cat","embeddable":true,"href":"https:\/\/www.retro-games.hu\/index.php\/wp-json\/wp\/v2\/product_cat?post=60746"},{"taxonomy":"product_tag","embeddable":true,"href":"https:\/\/www.retro-games.hu\/index.php\/wp-json\/wp\/v2\/product_tag?post=60746"}],"curies":[{"name":"wp","href":"https:\/\/api.w.org\/{rel}","templated":true}]}}