{"id":60754,"date":"2025-11-03T14:03:33","date_gmt":"2025-11-03T14:03:33","guid":{"rendered":"https:\/\/www.retro-games.hu\/index.php\/termek\/team-yankee\/"},"modified":"2025-11-03T14:03:33","modified_gmt":"2025-11-03T14:03:33","slug":"team-yankee","status":"publish","type":"product","link":"https:\/\/www.retro-games.hu\/index.php\/termek\/team-yankee\/","title":{"rendered":"Team Yankee"},"content":{"rendered":"<p>Tankszimul\u00e1tor. Kiad\u00e1s \u00e9ve: 2001. Platform: DOS. Kivitel: cd tokos, ut\u00e1nkiad\u00e1s, angol nyelv\u0171 bor\u00edt\u00f3k, eredeti cd, angol nyelv\u0171 j\u00e1t\u00e9k. CD \u00e1llapota: karcmentes, \u00fajnak t\u0171nik<\/p>\n","protected":false},"excerpt":{"rendered":"<p>Tankszimul\u00e1tor. Kiad\u00e1s \u00e9ve: 2001. Platform: DOS. Kivitel: cd tokos, ut\u00e1nkiad\u00e1s, angol nyelv\u0171 bor\u00edt\u00f3k, eredeti cd, angol nyelv\u0171 j\u00e1t\u00e9k. CD \u00e1llapota: karcmentes, \u00fajnak t\u0171nik<\/p>\n","protected":false},"featured_media":60753,"comment_status":"open","ping_status":"closed","template":"","meta":{"_et_pb_use_builder":"","_et_pb_old_content":"","_et_gb_content_width":""},"product_brand":[],"product_cat":[155,8,122],"product_tag":[],"class_list":{"0":"post-60754","1":"product","2":"type-product","3":"status-publish","4":"has-post-thumbnail","6":"product_cat-jatekok","7":"product_cat-szimulator","8":"product_cat-tank","9":"pa_allapot-hasznalt","10":"pa_kivitel-cd-tokos","11":"pa_nyelv-angol","12":"pa_platform-pc_dos","14":"first","15":"instock","16":"shipping-taxable","17":"purchasable","18":"product-type-simple"},"_links":{"self":[{"href":"https:\/\/www.retro-games.hu\/index.php\/wp-json\/wp\/v2\/product\/60754","targetHints":{"allow":["GET"]}}],"collection":[{"href":"https:\/\/www.retro-games.hu\/index.php\/wp-json\/wp\/v2\/product"}],"about":[{"href":"https:\/\/www.retro-games.hu\/index.php\/wp-json\/wp\/v2\/types\/product"}],"replies":[{"embeddable":true,"href":"https:\/\/www.retro-games.hu\/index.php\/wp-json\/wp\/v2\/comments?post=60754"}],"wp:featuredmedia":[{"embeddable":true,"href":"https:\/\/www.retro-games.hu\/index.php\/wp-json\/wp\/v2\/media\/60753"}],"wp:attachment":[{"href":"https:\/\/www.retro-games.hu\/index.php\/wp-json\/wp\/v2\/media?parent=60754"}],"wp:term":[{"taxonomy":"product_brand","embeddable":true,"href":"https:\/\/www.retro-games.hu\/index.php\/wp-json\/wp\/v2\/product_brand?post=60754"},{"taxonomy":"product_cat","embeddable":true,"href":"https:\/\/www.retro-games.hu\/index.php\/wp-json\/wp\/v2\/product_cat?post=60754"},{"taxonomy":"product_tag","embeddable":true,"href":"https:\/\/www.retro-games.hu\/index.php\/wp-json\/wp\/v2\/product_tag?post=60754"}],"curies":[{"name":"wp","href":"https:\/\/api.w.org\/{rel}","templated":true}]}}