{"id":60762,"date":"2025-11-03T14:03:46","date_gmt":"2025-11-03T14:03:46","guid":{"rendered":"https:\/\/www.retro-games.hu\/index.php\/termek\/timelapse-nemet\/"},"modified":"2025-11-03T14:03:49","modified_gmt":"2025-11-03T14:03:49","slug":"timelapse-nemet","status":"publish","type":"product","link":"https:\/\/www.retro-games.hu\/index.php\/termek\/timelapse-nemet\/","title":{"rendered":"Timelapse (n\u00e9met)"},"content":{"rendered":"<p>Rejtv\u00e9nymegold\u00f3 nyomoz\u00f3s kalandj\u00e1t\u00e9k. Kiad\u00e1s \u00e9ve: 1996. Platform: Windows 3.x\/95. Kivitel: cd tokos, ut\u00e1nkiad\u00e1s, n\u00e9met feliratos bor\u00edt\u00f3k, eredeti cd, n\u00e9met nyelv\u0171 j\u00e1t\u00e9k. CD-k \u00e1llapota: karcmentes, \u00fajnak t\u0171nik<\/p>\n","protected":false},"excerpt":{"rendered":"<p>Rejtv\u00e9nymegold\u00f3 nyomoz\u00f3s kalandj\u00e1t\u00e9k. Kiad\u00e1s \u00e9ve: 1996. Platform: Windows 3.x\/95. Kivitel: cd tokos, ut\u00e1nkiad\u00e1s, n\u00e9met feliratos bor\u00edt\u00f3k, eredeti cd, n\u00e9met nyelv\u0171 j\u00e1t\u00e9k. CD-k \u00e1llapota: karcmentes, \u00fajnak t\u0171nik<\/p>\n","protected":false},"featured_media":60761,"comment_status":"open","ping_status":"closed","template":"","meta":{"_et_pb_use_builder":"","_et_pb_old_content":"","_et_gb_content_width":""},"product_brand":[],"product_cat":[25,155,114],"product_tag":[],"class_list":{"0":"post-60762","1":"product","2":"type-product","3":"status-publish","4":"has-post-thumbnail","6":"product_cat-kaland","7":"product_cat-jatekok","8":"product_cat-rejtvenymegoldo","9":"pa_allapot-hasznalt","10":"pa_kivitel-cd-tokos","11":"pa_nyelv-nemet","12":"pa_platform-pc-windows-3-x","13":"pa_platform-pc-windows-95","15":"first","16":"instock","17":"shipping-taxable","18":"purchasable","19":"product-type-simple"},"_links":{"self":[{"href":"https:\/\/www.retro-games.hu\/index.php\/wp-json\/wp\/v2\/product\/60762","targetHints":{"allow":["GET"]}}],"collection":[{"href":"https:\/\/www.retro-games.hu\/index.php\/wp-json\/wp\/v2\/product"}],"about":[{"href":"https:\/\/www.retro-games.hu\/index.php\/wp-json\/wp\/v2\/types\/product"}],"replies":[{"embeddable":true,"href":"https:\/\/www.retro-games.hu\/index.php\/wp-json\/wp\/v2\/comments?post=60762"}],"wp:featuredmedia":[{"embeddable":true,"href":"https:\/\/www.retro-games.hu\/index.php\/wp-json\/wp\/v2\/media\/60761"}],"wp:attachment":[{"href":"https:\/\/www.retro-games.hu\/index.php\/wp-json\/wp\/v2\/media?parent=60762"}],"wp:term":[{"taxonomy":"product_brand","embeddable":true,"href":"https:\/\/www.retro-games.hu\/index.php\/wp-json\/wp\/v2\/product_brand?post=60762"},{"taxonomy":"product_cat","embeddable":true,"href":"https:\/\/www.retro-games.hu\/index.php\/wp-json\/wp\/v2\/product_cat?post=60762"},{"taxonomy":"product_tag","embeddable":true,"href":"https:\/\/www.retro-games.hu\/index.php\/wp-json\/wp\/v2\/product_tag?post=60762"}],"curies":[{"name":"wp","href":"https:\/\/api.w.org\/{rel}","templated":true}]}}