{"id":60765,"date":"2025-11-03T14:03:52","date_gmt":"2025-11-03T14:03:52","guid":{"rendered":"https:\/\/www.retro-games.hu\/index.php\/termek\/total-mania-total-mayhem-nemet\/"},"modified":"2025-11-03T14:03:52","modified_gmt":"2025-11-03T14:03:52","slug":"total-mania-total-mayhem-nemet","status":"publish","type":"product","link":"https:\/\/www.retro-games.hu\/index.php\/termek\/total-mania-total-mayhem-nemet\/","title":{"rendered":"Total Mania (Total Mayhem) (n\u00e9met)"},"content":{"rendered":"<p>Izometrikus l\u00f6v\u00f6ld\u00f6z\u0151s j\u00e1t\u00e9k. Kiad\u00e1s \u00e9ve: 1996. Platform: Windows 3.x\/95. Kivitel: cd tokos, ut\u00e1nkiad\u00e1s, angol\/n\u00e9met\/francia feliratos speci\u00e1lis kihajthat\u00f3 pap\u00edrtok, angol\/n\u00e9met\/francia nyelv\u0171 pap\u00edrk\u00e9zik\u00f6nyv, eredeti cd, n\u00e9met nyelv\u0171 j\u00e1t\u00e9k. CD \u00e1llapota: szinte karcmentes, tesztelt, m\u0171k\u00f6dik<\/p>\n","protected":false},"excerpt":{"rendered":"<p>Izometrikus l\u00f6v\u00f6ld\u00f6z\u0151s j\u00e1t\u00e9k. Kiad\u00e1s \u00e9ve: 1996. Platform: Windows 3.x\/95. Kivitel: cd tokos, ut\u00e1nkiad\u00e1s, angol\/n\u00e9met\/francia feliratos speci\u00e1lis kihajthat\u00f3 pap\u00edrtok, angol\/n\u00e9met\/francia nyelv\u0171 pap\u00edrk\u00e9zik\u00f6nyv, eredeti cd, n\u00e9met nyelv\u0171 j\u00e1t\u00e9k. CD \u00e1llapota: szinte karcmentes, tesztelt, m\u0171k\u00f6dik<\/p>\n","protected":false},"featured_media":60764,"comment_status":"open","ping_status":"closed","template":"","meta":{"_et_pb_use_builder":"","_et_pb_old_content":"","_et_gb_content_width":""},"product_brand":[],"product_cat":[21,83,155],"product_tag":[],"class_list":{"0":"post-60765","1":"product","2":"type-product","3":"status-publish","4":"has-post-thumbnail","6":"product_cat-akcio","7":"product_cat-egyeb-2d-lovoldozos","8":"product_cat-jatekok","9":"pa_allapot-hasznalt","10":"pa_kivitel-cd-tokos","11":"pa_nyelv-nemet","12":"pa_platform-pc-windows-3-x","13":"pa_platform-pc-windows-95","15":"first","16":"instock","17":"shipping-taxable","18":"purchasable","19":"product-type-simple"},"_links":{"self":[{"href":"https:\/\/www.retro-games.hu\/index.php\/wp-json\/wp\/v2\/product\/60765","targetHints":{"allow":["GET"]}}],"collection":[{"href":"https:\/\/www.retro-games.hu\/index.php\/wp-json\/wp\/v2\/product"}],"about":[{"href":"https:\/\/www.retro-games.hu\/index.php\/wp-json\/wp\/v2\/types\/product"}],"replies":[{"embeddable":true,"href":"https:\/\/www.retro-games.hu\/index.php\/wp-json\/wp\/v2\/comments?post=60765"}],"wp:featuredmedia":[{"embeddable":true,"href":"https:\/\/www.retro-games.hu\/index.php\/wp-json\/wp\/v2\/media\/60764"}],"wp:attachment":[{"href":"https:\/\/www.retro-games.hu\/index.php\/wp-json\/wp\/v2\/media?parent=60765"}],"wp:term":[{"taxonomy":"product_brand","embeddable":true,"href":"https:\/\/www.retro-games.hu\/index.php\/wp-json\/wp\/v2\/product_brand?post=60765"},{"taxonomy":"product_cat","embeddable":true,"href":"https:\/\/www.retro-games.hu\/index.php\/wp-json\/wp\/v2\/product_cat?post=60765"},{"taxonomy":"product_tag","embeddable":true,"href":"https:\/\/www.retro-games.hu\/index.php\/wp-json\/wp\/v2\/product_tag?post=60765"}],"curies":[{"name":"wp","href":"https:\/\/api.w.org\/{rel}","templated":true}]}}