{"id":60773,"date":"2025-11-03T14:04:06","date_gmt":"2025-11-03T14:04:06","guid":{"rendered":"https:\/\/www.retro-games.hu\/index.php\/termek\/zapitalism-deluxe-zapitalisme-holland\/"},"modified":"2025-11-03T14:04:07","modified_gmt":"2025-11-03T14:04:07","slug":"zapitalism-deluxe-zapitalisme-holland","status":"publish","type":"product","link":"https:\/\/www.retro-games.hu\/index.php\/termek\/zapitalism-deluxe-zapitalisme-holland\/","title":{"rendered":"Zapitalism! Deluxe (Zapitalisme) (holland)"},"content":{"rendered":"<p>Fantasy kereskedelmi j\u00e1t\u00e9k. Kiad\u00e1s \u00e9ve: 1997. Platform: Windows 3.x\/95. Kivitel: cd tokos, els\u0151 kiad\u00e1s, holland feliratos bor\u00edt\u00f3k, eredeti cd,  holland nyelv\u0171 j\u00e1t\u00e9k. CD \u00e1llapota: enyh\u00e9n karcos (hajsz\u00e1lkarcok), tesztelt, m\u0171k\u00f6dik<\/p>\n","protected":false},"excerpt":{"rendered":"<p>Fantasy kereskedelmi j\u00e1t\u00e9k. Kiad\u00e1s \u00e9ve: 1997. Platform: Windows 3.x\/95. Kivitel: cd tokos, els\u0151 kiad\u00e1s, holland feliratos bor\u00edt\u00f3k, eredeti cd, holland nyelv\u0171 j\u00e1t\u00e9k. CD \u00e1llapota: enyh\u00e9n karcos (hajsz\u00e1lkarcok), tesztelt, m\u0171k\u00f6dik<\/p>\n","protected":false},"featured_media":60772,"comment_status":"open","ping_status":"closed","template":"","meta":{"_et_pb_use_builder":"","_et_pb_old_content":"","_et_gb_content_width":""},"product_brand":[],"product_cat":[155,8,81],"product_tag":[],"class_list":{"0":"post-60773","1":"product","2":"type-product","3":"status-publish","4":"has-post-thumbnail","6":"product_cat-jatekok","7":"product_cat-szimulator","8":"product_cat-uzlet-menedzsment","9":"pa_allapot-hasznalt","10":"pa_kivitel-cd-tokos","11":"pa_nyelv-holland","12":"pa_platform-pc-windows-3-x","13":"pa_platform-pc-windows-95","15":"first","16":"instock","17":"shipping-taxable","18":"purchasable","19":"product-type-simple"},"_links":{"self":[{"href":"https:\/\/www.retro-games.hu\/index.php\/wp-json\/wp\/v2\/product\/60773","targetHints":{"allow":["GET"]}}],"collection":[{"href":"https:\/\/www.retro-games.hu\/index.php\/wp-json\/wp\/v2\/product"}],"about":[{"href":"https:\/\/www.retro-games.hu\/index.php\/wp-json\/wp\/v2\/types\/product"}],"replies":[{"embeddable":true,"href":"https:\/\/www.retro-games.hu\/index.php\/wp-json\/wp\/v2\/comments?post=60773"}],"wp:featuredmedia":[{"embeddable":true,"href":"https:\/\/www.retro-games.hu\/index.php\/wp-json\/wp\/v2\/media\/60772"}],"wp:attachment":[{"href":"https:\/\/www.retro-games.hu\/index.php\/wp-json\/wp\/v2\/media?parent=60773"}],"wp:term":[{"taxonomy":"product_brand","embeddable":true,"href":"https:\/\/www.retro-games.hu\/index.php\/wp-json\/wp\/v2\/product_brand?post=60773"},{"taxonomy":"product_cat","embeddable":true,"href":"https:\/\/www.retro-games.hu\/index.php\/wp-json\/wp\/v2\/product_cat?post=60773"},{"taxonomy":"product_tag","embeddable":true,"href":"https:\/\/www.retro-games.hu\/index.php\/wp-json\/wp\/v2\/product_tag?post=60773"}],"curies":[{"name":"wp","href":"https:\/\/api.w.org\/{rel}","templated":true}]}}