{"id":60777,"date":"2025-11-03T14:04:13","date_gmt":"2025-11-03T14:04:13","guid":{"rendered":"https:\/\/www.retro-games.hu\/index.php\/termek\/wayne-gretzky-and-the-nhlpa-all-stars\/"},"modified":"2025-11-03T14:04:13","modified_gmt":"2025-11-03T14:04:13","slug":"wayne-gretzky-and-the-nhlpa-all-stars","status":"publish","type":"product","link":"https:\/\/www.retro-games.hu\/index.php\/termek\/wayne-gretzky-and-the-nhlpa-all-stars\/","title":{"rendered":"Wayne Gretzky and the NHLPA All-Stars"},"content":{"rendered":"<p>Sportj\u00e1t\u00e9k &#8211; j\u00e9gkorong Kiad\u00e1s \u00e9ve: 1995. Platform: DOS. Kivitel: cd tokos, els\u0151 kiad\u00e1s, n\u00e9met feliratos bor\u00edt\u00f3k, eredeti cd, angol nyelv\u0171 j\u00e1t\u00e9k. CD \u00e1llapota: karcmentes, \u00fajnak t\u0171nik<\/p>\n","protected":false},"excerpt":{"rendered":"<p>Sportj\u00e1t\u00e9k &#8211; j\u00e9gkorong Kiad\u00e1s \u00e9ve: 1995. Platform: DOS. Kivitel: cd tokos, els\u0151 kiad\u00e1s, n\u00e9met feliratos bor\u00edt\u00f3k, eredeti cd, angol nyelv\u0171 j\u00e1t\u00e9k. CD \u00e1llapota: karcmentes, \u00fajnak t\u0171nik<\/p>\n","protected":false},"featured_media":60776,"comment_status":"open","ping_status":"closed","template":"","meta":{"_et_pb_use_builder":"","_et_pb_old_content":"","_et_gb_content_width":""},"product_brand":[],"product_cat":[70,155,40],"product_tag":[],"class_list":{"0":"post-60777","1":"product","2":"type-product","3":"status-publish","4":"has-post-thumbnail","6":"product_cat-jegkorong","7":"product_cat-jatekok","8":"product_cat-sportjatek","9":"pa_allapot-hasznalt","10":"pa_kivitel-cd-tokos","11":"pa_nyelv-angol","12":"pa_platform-pc_dos","14":"first","15":"instock","16":"shipping-taxable","17":"purchasable","18":"product-type-simple"},"_links":{"self":[{"href":"https:\/\/www.retro-games.hu\/index.php\/wp-json\/wp\/v2\/product\/60777","targetHints":{"allow":["GET"]}}],"collection":[{"href":"https:\/\/www.retro-games.hu\/index.php\/wp-json\/wp\/v2\/product"}],"about":[{"href":"https:\/\/www.retro-games.hu\/index.php\/wp-json\/wp\/v2\/types\/product"}],"replies":[{"embeddable":true,"href":"https:\/\/www.retro-games.hu\/index.php\/wp-json\/wp\/v2\/comments?post=60777"}],"wp:featuredmedia":[{"embeddable":true,"href":"https:\/\/www.retro-games.hu\/index.php\/wp-json\/wp\/v2\/media\/60776"}],"wp:attachment":[{"href":"https:\/\/www.retro-games.hu\/index.php\/wp-json\/wp\/v2\/media?parent=60777"}],"wp:term":[{"taxonomy":"product_brand","embeddable":true,"href":"https:\/\/www.retro-games.hu\/index.php\/wp-json\/wp\/v2\/product_brand?post=60777"},{"taxonomy":"product_cat","embeddable":true,"href":"https:\/\/www.retro-games.hu\/index.php\/wp-json\/wp\/v2\/product_cat?post=60777"},{"taxonomy":"product_tag","embeddable":true,"href":"https:\/\/www.retro-games.hu\/index.php\/wp-json\/wp\/v2\/product_tag?post=60777"}],"curies":[{"name":"wp","href":"https:\/\/api.w.org\/{rel}","templated":true}]}}