{"id":60785,"date":"2025-11-03T14:04:27","date_gmt":"2025-11-03T14:04:27","guid":{"rendered":"https:\/\/www.retro-games.hu\/index.php\/termek\/xenocracy-the-ultimate-solar-war\/"},"modified":"2025-11-03T14:04:28","modified_gmt":"2025-11-03T14:04:28","slug":"xenocracy-the-ultimate-solar-war","status":"publish","type":"product","link":"https:\/\/www.retro-games.hu\/index.php\/termek\/xenocracy-the-ultimate-solar-war\/","title":{"rendered":"Xenocracy: The Ultimate Solar War"},"content":{"rendered":"<p>\u0170rhaj\u00f3-szimul\u00e1tor \u00e9s strat\u00e9giai j\u00e1t\u00e9k hibrid. Kiad\u00e1s \u00e9ve: 1998. Platform: Windows 95. Kivitel: cd tokos, els\u0151 kiad\u00e1s, angol feliratos bor\u00edt\u00f3k, eredeti cd, angol nyelv\u0171 j\u00e1t\u00e9k. CD \u00e1llapota: karcmentes, \u00fajnak t\u0171nik<\/p>\n","protected":false},"excerpt":{"rendered":"<p>\u0170rhaj\u00f3-szimul\u00e1tor \u00e9s strat\u00e9giai j\u00e1t\u00e9k hibrid. Kiad\u00e1s \u00e9ve: 1998. Platform: Windows 95. Kivitel: cd tokos, els\u0151 kiad\u00e1s, angol feliratos bor\u00edt\u00f3k, eredeti cd, angol nyelv\u0171 j\u00e1t\u00e9k. CD \u00e1llapota: karcmentes, \u00fajnak t\u0171nik<\/p>\n","protected":false},"featured_media":60784,"comment_status":"open","ping_status":"closed","template":"","meta":{"_et_pb_use_builder":"","_et_pb_old_content":"","_et_gb_content_width":""},"product_brand":[],"product_cat":[44,155,43,8,71],"product_tag":[],"class_list":{"0":"post-60785","1":"product","2":"type-product","3":"status-publish","4":"has-post-thumbnail","6":"product_cat-korokre-osztott","7":"product_cat-jatekok","8":"product_cat-strategiai-jatek","9":"product_cat-szimulator","10":"product_cat-urhajo-harci","11":"pa_allapot-hasznalt","12":"pa_kivitel-cd-tokos","13":"pa_nyelv-angol","14":"pa_platform-pc-windows-95","16":"first","17":"instock","18":"shipping-taxable","19":"purchasable","20":"product-type-simple"},"_links":{"self":[{"href":"https:\/\/www.retro-games.hu\/index.php\/wp-json\/wp\/v2\/product\/60785","targetHints":{"allow":["GET"]}}],"collection":[{"href":"https:\/\/www.retro-games.hu\/index.php\/wp-json\/wp\/v2\/product"}],"about":[{"href":"https:\/\/www.retro-games.hu\/index.php\/wp-json\/wp\/v2\/types\/product"}],"replies":[{"embeddable":true,"href":"https:\/\/www.retro-games.hu\/index.php\/wp-json\/wp\/v2\/comments?post=60785"}],"wp:featuredmedia":[{"embeddable":true,"href":"https:\/\/www.retro-games.hu\/index.php\/wp-json\/wp\/v2\/media\/60784"}],"wp:attachment":[{"href":"https:\/\/www.retro-games.hu\/index.php\/wp-json\/wp\/v2\/media?parent=60785"}],"wp:term":[{"taxonomy":"product_brand","embeddable":true,"href":"https:\/\/www.retro-games.hu\/index.php\/wp-json\/wp\/v2\/product_brand?post=60785"},{"taxonomy":"product_cat","embeddable":true,"href":"https:\/\/www.retro-games.hu\/index.php\/wp-json\/wp\/v2\/product_cat?post=60785"},{"taxonomy":"product_tag","embeddable":true,"href":"https:\/\/www.retro-games.hu\/index.php\/wp-json\/wp\/v2\/product_tag?post=60785"}],"curies":[{"name":"wp","href":"https:\/\/api.w.org\/{rel}","templated":true}]}}