{"id":60829,"date":"2025-11-03T14:05:58","date_gmt":"2025-11-03T14:05:58","guid":{"rendered":"https:\/\/www.retro-games.hu\/index.php\/termek\/shanghai-great-moments-uj\/"},"modified":"2025-11-03T14:06:01","modified_gmt":"2025-11-03T14:06:01","slug":"shanghai-great-moments-uj","status":"publish","type":"product","link":"https:\/\/www.retro-games.hu\/index.php\/termek\/shanghai-great-moments-uj\/","title":{"rendered":"Shanghai: Great Moments (\u00faj)"},"content":{"rendered":"<p>T\u00e1rsasj\u00e1t\u00e9k adapt\u00e1ci\u00f3. Kiad\u00e1s \u00e9ve: 1995. Platform: Windows 3.x\/95. Kivitel: cd tokos, ut\u00e1nkiad\u00e1s, angol feliratos bor\u00edt\u00f3k, eredeti cd, angol nyelv\u0171 j\u00e1t\u00e9kok, 4 Shanghai Mahjongg j\u00e1t\u00e9k egy lemezen. Bontatlan, f\u00f3li\u00e1s!<\/p>\n","protected":false},"excerpt":{"rendered":"<p>T\u00e1rsasj\u00e1t\u00e9k adapt\u00e1ci\u00f3. Kiad\u00e1s \u00e9ve: 1995. Platform: Windows 3.x\/95. Kivitel: cd tokos, ut\u00e1nkiad\u00e1s, angol feliratos bor\u00edt\u00f3k, eredeti cd, angol nyelv\u0171 j\u00e1t\u00e9kok, 4 Shanghai Mahjongg j\u00e1t\u00e9k egy lemezen. Bontatlan, f\u00f3li\u00e1s!<\/p>\n","protected":false},"featured_media":60828,"comment_status":"open","ping_status":"closed","template":"","meta":{"_et_pb_use_builder":"","_et_pb_old_content":"","_et_gb_content_width":""},"product_brand":[],"product_cat":[45,155,129],"product_tag":[],"class_list":{"0":"post-60829","1":"product","2":"type-product","3":"status-publish","4":"has-post-thumbnail","6":"product_cat-egyeb","7":"product_cat-jatekok","8":"product_cat-tarsasjatek-adaptacio","9":"pa_allapot-uj","10":"pa_kivitel-cd-tokos","11":"pa_nyelv-angol","12":"pa_platform-pc-windows-3-x","13":"pa_platform-pc-windows-95","15":"first","16":"instock","17":"shipping-taxable","18":"purchasable","19":"product-type-simple"},"_links":{"self":[{"href":"https:\/\/www.retro-games.hu\/index.php\/wp-json\/wp\/v2\/product\/60829","targetHints":{"allow":["GET"]}}],"collection":[{"href":"https:\/\/www.retro-games.hu\/index.php\/wp-json\/wp\/v2\/product"}],"about":[{"href":"https:\/\/www.retro-games.hu\/index.php\/wp-json\/wp\/v2\/types\/product"}],"replies":[{"embeddable":true,"href":"https:\/\/www.retro-games.hu\/index.php\/wp-json\/wp\/v2\/comments?post=60829"}],"wp:featuredmedia":[{"embeddable":true,"href":"https:\/\/www.retro-games.hu\/index.php\/wp-json\/wp\/v2\/media\/60828"}],"wp:attachment":[{"href":"https:\/\/www.retro-games.hu\/index.php\/wp-json\/wp\/v2\/media?parent=60829"}],"wp:term":[{"taxonomy":"product_brand","embeddable":true,"href":"https:\/\/www.retro-games.hu\/index.php\/wp-json\/wp\/v2\/product_brand?post=60829"},{"taxonomy":"product_cat","embeddable":true,"href":"https:\/\/www.retro-games.hu\/index.php\/wp-json\/wp\/v2\/product_cat?post=60829"},{"taxonomy":"product_tag","embeddable":true,"href":"https:\/\/www.retro-games.hu\/index.php\/wp-json\/wp\/v2\/product_tag?post=60829"}],"curies":[{"name":"wp","href":"https:\/\/api.w.org\/{rel}","templated":true}]}}