{"id":60865,"date":"2025-11-03T14:07:17","date_gmt":"2025-11-03T14:07:17","guid":{"rendered":"https:\/\/www.retro-games.hu\/index.php\/termek\/world-rally-fever-born-on-the-road\/"},"modified":"2025-11-03T14:07:20","modified_gmt":"2025-11-03T14:07:20","slug":"world-rally-fever-born-on-the-road","status":"publish","type":"product","link":"https:\/\/www.retro-games.hu\/index.php\/termek\/world-rally-fever-born-on-the-road\/","title":{"rendered":"World Rally Fever: Born on the Road"},"content":{"rendered":"<p>Aut\u00f3versenyz\u0151s j\u00e1t\u00e9k. Kiad\u00e1s \u00e9ve: 1996. Platform: DOS. Kivitel: cd tokos, ut\u00e1nkiad\u00e1s, angol\/holland\/francia\/olasz\/n\u00e9met\/portug\u00e1l\/spanyol feliratos bor\u00edt\u00f3k, eredeti cd, angol nyelv\u0171 j\u00e1t\u00e9k. CD \u00e1llapota: szinte karcmentes, tesztelt, m\u0171k\u00f6dik<\/p>\n","protected":false},"excerpt":{"rendered":"<p>Aut\u00f3versenyz\u0151s j\u00e1t\u00e9k. Kiad\u00e1s \u00e9ve: 1996. Platform: DOS. Kivitel: cd tokos, ut\u00e1nkiad\u00e1s, angol\/holland\/francia\/olasz\/n\u00e9met\/portug\u00e1l\/spanyol feliratos bor\u00edt\u00f3k, eredeti cd, angol nyelv\u0171 j\u00e1t\u00e9k. CD \u00e1llapota: szinte karcmentes, tesztelt, m\u0171k\u00f6dik<\/p>\n","protected":false},"featured_media":60864,"comment_status":"open","ping_status":"closed","template":"","meta":{"_et_pb_use_builder":"","_et_pb_old_content":"","_et_gb_content_width":""},"product_brand":[],"product_cat":[33,155,8],"product_tag":[],"class_list":{"0":"post-60865","1":"product","2":"type-product","3":"status-publish","4":"has-post-thumbnail","6":"product_cat-autoversenyzos","7":"product_cat-jatekok","8":"product_cat-szimulator","9":"pa_allapot-hasznalt","10":"pa_kivitel-cd-tokos","11":"pa_nyelv-angol","12":"pa_platform-pc_dos","14":"first","15":"instock","16":"shipping-taxable","17":"purchasable","18":"product-type-simple"},"_links":{"self":[{"href":"https:\/\/www.retro-games.hu\/index.php\/wp-json\/wp\/v2\/product\/60865","targetHints":{"allow":["GET"]}}],"collection":[{"href":"https:\/\/www.retro-games.hu\/index.php\/wp-json\/wp\/v2\/product"}],"about":[{"href":"https:\/\/www.retro-games.hu\/index.php\/wp-json\/wp\/v2\/types\/product"}],"replies":[{"embeddable":true,"href":"https:\/\/www.retro-games.hu\/index.php\/wp-json\/wp\/v2\/comments?post=60865"}],"wp:featuredmedia":[{"embeddable":true,"href":"https:\/\/www.retro-games.hu\/index.php\/wp-json\/wp\/v2\/media\/60864"}],"wp:attachment":[{"href":"https:\/\/www.retro-games.hu\/index.php\/wp-json\/wp\/v2\/media?parent=60865"}],"wp:term":[{"taxonomy":"product_brand","embeddable":true,"href":"https:\/\/www.retro-games.hu\/index.php\/wp-json\/wp\/v2\/product_brand?post=60865"},{"taxonomy":"product_cat","embeddable":true,"href":"https:\/\/www.retro-games.hu\/index.php\/wp-json\/wp\/v2\/product_cat?post=60865"},{"taxonomy":"product_tag","embeddable":true,"href":"https:\/\/www.retro-games.hu\/index.php\/wp-json\/wp\/v2\/product_tag?post=60865"}],"curies":[{"name":"wp","href":"https:\/\/api.w.org\/{rel}","templated":true}]}}