{"id":60892,"date":"2025-11-03T14:08:06","date_gmt":"2025-11-03T14:08:06","guid":{"rendered":"https:\/\/www.retro-games.hu\/index.php\/termek\/arcade-pool-ii\/"},"modified":"2025-11-03T14:08:07","modified_gmt":"2025-11-03T14:08:07","slug":"arcade-pool-ii","status":"publish","type":"product","link":"https:\/\/www.retro-games.hu\/index.php\/termek\/arcade-pool-ii\/","title":{"rendered":"Arcade Pool II"},"content":{"rendered":"<p>Sportj\u00e1t\u00e9k (bili\u00e1rd). Kiad\u00e1s \u00e9ve: 1999. Platform: Windows 95\/98. Kivitel: ut\u00e1nkiad\u00e1s, csak az eredeti cd, angol nyelv\u0171 j\u00e1t\u00e9k. CD \u00e1llapota: enyh\u00e9n karcos (hajsz\u00e1lkarcok), tesztelt \u00e9s m\u0171k\u00f6dik<\/p>\n","protected":false},"excerpt":{"rendered":"<p>Sportj\u00e1t\u00e9k (bili\u00e1rd). Kiad\u00e1s \u00e9ve: 1999. Platform: Windows 95\/98. Kivitel: ut\u00e1nkiad\u00e1s, csak az eredeti cd, angol nyelv\u0171 j\u00e1t\u00e9k. CD \u00e1llapota: enyh\u00e9n karcos (hajsz\u00e1lkarcok), tesztelt \u00e9s m\u0171k\u00f6dik<\/p>\n","protected":false},"featured_media":60891,"comment_status":"open","ping_status":"closed","template":"","meta":{"_et_pb_use_builder":"","_et_pb_old_content":"","_et_gb_content_width":""},"product_brand":[],"product_cat":[95,155,40],"product_tag":[],"class_list":{"0":"post-60892","1":"product","2":"type-product","3":"status-publish","4":"has-post-thumbnail","6":"product_cat-biliard","7":"product_cat-jatekok","8":"product_cat-sportjatek","9":"pa_allapot-hasznalt","10":"pa_kivitel-csak-a-lemezcddvdkazetta","11":"pa_nyelv-angol","12":"pa_platform-pc-windows-95","13":"pa_platform-pc-windows-98","15":"first","16":"instock","17":"shipping-taxable","18":"purchasable","19":"product-type-simple"},"_links":{"self":[{"href":"https:\/\/www.retro-games.hu\/index.php\/wp-json\/wp\/v2\/product\/60892","targetHints":{"allow":["GET"]}}],"collection":[{"href":"https:\/\/www.retro-games.hu\/index.php\/wp-json\/wp\/v2\/product"}],"about":[{"href":"https:\/\/www.retro-games.hu\/index.php\/wp-json\/wp\/v2\/types\/product"}],"replies":[{"embeddable":true,"href":"https:\/\/www.retro-games.hu\/index.php\/wp-json\/wp\/v2\/comments?post=60892"}],"wp:featuredmedia":[{"embeddable":true,"href":"https:\/\/www.retro-games.hu\/index.php\/wp-json\/wp\/v2\/media\/60891"}],"wp:attachment":[{"href":"https:\/\/www.retro-games.hu\/index.php\/wp-json\/wp\/v2\/media?parent=60892"}],"wp:term":[{"taxonomy":"product_brand","embeddable":true,"href":"https:\/\/www.retro-games.hu\/index.php\/wp-json\/wp\/v2\/product_brand?post=60892"},{"taxonomy":"product_cat","embeddable":true,"href":"https:\/\/www.retro-games.hu\/index.php\/wp-json\/wp\/v2\/product_cat?post=60892"},{"taxonomy":"product_tag","embeddable":true,"href":"https:\/\/www.retro-games.hu\/index.php\/wp-json\/wp\/v2\/product_tag?post=60892"}],"curies":[{"name":"wp","href":"https:\/\/api.w.org\/{rel}","templated":true}]}}