{"id":60970,"date":"2025-11-03T14:10:27","date_gmt":"2025-11-03T14:10:27","guid":{"rendered":"https:\/\/www.retro-games.hu\/index.php\/termek\/defender-of-the-crown-digitally-remastered-collectors-edition\/"},"modified":"2025-11-03T14:10:27","modified_gmt":"2025-11-03T14:10:27","slug":"defender-of-the-crown-digitally-remastered-collectors-edition","status":"publish","type":"product","link":"https:\/\/www.retro-games.hu\/index.php\/termek\/defender-of-the-crown-digitally-remastered-collectors-edition\/","title":{"rendered":"Defender of the Crown: Digitally Remastered Collector&#8217;s Edition"},"content":{"rendered":"<p>Akci\u00f3-strat\u00e9giai j\u00e1t\u00e9k. Kiad\u00e1s \u00e9ve: 2002. Platform: Windows 95\/98\/ME\/2000\/XP \u00e9s Apple Macintosh. Kivitel: Digitally Remastered Collector&#8217;s Edition, tartalmazza az eredeti Defender of the Crown eredeti Amiga, Amstrad, PC, C64 \u00e9s Apple IIGS verz\u00f3it is; csak az eredeti cd, angol nyelv\u0171 j\u00e1t\u00e9k. CD \u00e1llapota: karcmentes, \u00fajnak t\u0171nik<\/p>\n","protected":false},"excerpt":{"rendered":"<p>Akci\u00f3-strat\u00e9giai j\u00e1t\u00e9k. Kiad\u00e1s \u00e9ve: 2002. Platform: Windows 95\/98\/ME\/2000\/XP \u00e9s Apple Macintosh. Kivitel: Digitally Remastered Collector&#8217;s Edition, tartalmazza az eredeti Defender of the Crown eredeti Amiga, Amstrad, PC, C64 \u00e9s Apple IIGS verz\u00f3it is; csak az eredeti cd, angol nyelv\u0171 j\u00e1t\u00e9k. CD \u00e1llapota: karcmentes, \u00fajnak t\u0171nik<\/p>\n","protected":false},"featured_media":60969,"comment_status":"open","ping_status":"closed","template":"","meta":{"_et_pb_use_builder":"","_et_pb_old_content":"","_et_gb_content_width":""},"product_brand":[],"product_cat":[143,155,43],"product_tag":[],"class_list":{"0":"post-60970","1":"product","2":"type-product","3":"status-publish","4":"has-post-thumbnail","6":"product_cat-akcio-strategia","7":"product_cat-jatekok","8":"product_cat-strategiai-jatek","9":"pa_allapot-hasznalt","10":"pa_kivitel-csak-a-lemezcddvdkazetta","11":"pa_nyelv-angol","12":"pa_platform-applepower-macintosh","13":"pa_platform-pc-windows-2000","14":"pa_platform-pc-windows-95","15":"pa_platform-pc-windows-98","16":"pa_platform-pc-windows-me","17":"pa_platform-pc_windows","19":"first","20":"instock","21":"shipping-taxable","22":"purchasable","23":"product-type-simple"},"_links":{"self":[{"href":"https:\/\/www.retro-games.hu\/index.php\/wp-json\/wp\/v2\/product\/60970","targetHints":{"allow":["GET"]}}],"collection":[{"href":"https:\/\/www.retro-games.hu\/index.php\/wp-json\/wp\/v2\/product"}],"about":[{"href":"https:\/\/www.retro-games.hu\/index.php\/wp-json\/wp\/v2\/types\/product"}],"replies":[{"embeddable":true,"href":"https:\/\/www.retro-games.hu\/index.php\/wp-json\/wp\/v2\/comments?post=60970"}],"wp:featuredmedia":[{"embeddable":true,"href":"https:\/\/www.retro-games.hu\/index.php\/wp-json\/wp\/v2\/media\/60969"}],"wp:attachment":[{"href":"https:\/\/www.retro-games.hu\/index.php\/wp-json\/wp\/v2\/media?parent=60970"}],"wp:term":[{"taxonomy":"product_brand","embeddable":true,"href":"https:\/\/www.retro-games.hu\/index.php\/wp-json\/wp\/v2\/product_brand?post=60970"},{"taxonomy":"product_cat","embeddable":true,"href":"https:\/\/www.retro-games.hu\/index.php\/wp-json\/wp\/v2\/product_cat?post=60970"},{"taxonomy":"product_tag","embeddable":true,"href":"https:\/\/www.retro-games.hu\/index.php\/wp-json\/wp\/v2\/product_tag?post=60970"}],"curies":[{"name":"wp","href":"https:\/\/api.w.org\/{rel}","templated":true}]}}