{"id":61022,"date":"2025-11-03T14:12:01","date_gmt":"2025-11-03T14:12:01","guid":{"rendered":"https:\/\/www.retro-games.hu\/index.php\/termek\/search-rescue-lite-version\/"},"modified":"2025-11-03T14:12:01","modified_gmt":"2025-11-03T14:12:01","slug":"search-rescue-lite-version","status":"publish","type":"product","link":"https:\/\/www.retro-games.hu\/index.php\/termek\/search-rescue-lite-version\/","title":{"rendered":"Search &#038; Rescue Lite Version"},"content":{"rendered":"<p>Ment\u0151helikopter-szimul\u00e1tor j\u00e1t\u00e9k (kevesebb k\u00fcldet\u00e9st tartalmaz\u00f3 verzi\u00f3). Kiad\u00e1s \u00e9ve: 1997. Platform: Windows 95. Kivitel: ut\u00e1nkiad\u00e1s, csak az eredeti cd, angol nyelv\u0171 j\u00e1t\u00e9k. CD \u00e1llapota: szinte karcmentes, tesztelt, m\u0171k\u00f6dik<\/p>\n","protected":false},"excerpt":{"rendered":"<p>Ment\u0151helikopter-szimul\u00e1tor j\u00e1t\u00e9k (kevesebb k\u00fcldet\u00e9st tartalmaz\u00f3 verzi\u00f3). Kiad\u00e1s \u00e9ve: 1997. Platform: Windows 95. Kivitel: ut\u00e1nkiad\u00e1s, csak az eredeti cd, angol nyelv\u0171 j\u00e1t\u00e9k. CD \u00e1llapota: szinte karcmentes, tesztelt, m\u0171k\u00f6dik<\/p>\n","protected":false},"featured_media":61021,"comment_status":"open","ping_status":"closed","template":"","meta":{"_et_pb_use_builder":"","_et_pb_old_content":"","_et_gb_content_width":""},"product_brand":[],"product_cat":[155,10,9,8],"product_tag":[],"class_list":{"0":"post-61022","1":"product","2":"type-product","3":"status-publish","4":"has-post-thumbnail","6":"product_cat-jatekok","7":"product_cat-polgari","8":"product_cat-repulogep-szimulator-szimulator","9":"product_cat-szimulator","10":"pa_allapot-hasznalt","11":"pa_kivitel-csak-a-lemezcddvdkazetta","12":"pa_nyelv-angol","13":"pa_platform-pc-windows-95","15":"first","16":"instock","17":"shipping-taxable","18":"purchasable","19":"product-type-simple"},"_links":{"self":[{"href":"https:\/\/www.retro-games.hu\/index.php\/wp-json\/wp\/v2\/product\/61022","targetHints":{"allow":["GET"]}}],"collection":[{"href":"https:\/\/www.retro-games.hu\/index.php\/wp-json\/wp\/v2\/product"}],"about":[{"href":"https:\/\/www.retro-games.hu\/index.php\/wp-json\/wp\/v2\/types\/product"}],"replies":[{"embeddable":true,"href":"https:\/\/www.retro-games.hu\/index.php\/wp-json\/wp\/v2\/comments?post=61022"}],"wp:featuredmedia":[{"embeddable":true,"href":"https:\/\/www.retro-games.hu\/index.php\/wp-json\/wp\/v2\/media\/61021"}],"wp:attachment":[{"href":"https:\/\/www.retro-games.hu\/index.php\/wp-json\/wp\/v2\/media?parent=61022"}],"wp:term":[{"taxonomy":"product_brand","embeddable":true,"href":"https:\/\/www.retro-games.hu\/index.php\/wp-json\/wp\/v2\/product_brand?post=61022"},{"taxonomy":"product_cat","embeddable":true,"href":"https:\/\/www.retro-games.hu\/index.php\/wp-json\/wp\/v2\/product_cat?post=61022"},{"taxonomy":"product_tag","embeddable":true,"href":"https:\/\/www.retro-games.hu\/index.php\/wp-json\/wp\/v2\/product_tag?post=61022"}],"curies":[{"name":"wp","href":"https:\/\/api.w.org\/{rel}","templated":true}]}}