{"id":61044,"date":"2025-11-03T14:12:41","date_gmt":"2025-11-03T14:12:41","guid":{"rendered":"https:\/\/www.retro-games.hu\/index.php\/termek\/vanguard-ace-es-wingstar-egyben\/"},"modified":"2025-11-03T14:12:42","modified_gmt":"2025-11-03T14:12:42","slug":"vanguard-ace-es-wingstar-egyben","status":"publish","type":"product","link":"https:\/\/www.retro-games.hu\/index.php\/termek\/vanguard-ace-es-wingstar-egyben\/","title":{"rendered":"Vanguard Ace \u00e9s Wingstar egyben"},"content":{"rendered":"<p>\u00c1rk\u00e1d rep\u00fcl\u0151g\u00e9p-szimul\u00e1torok. Kiad\u00e1s \u00e9ve: 1996\/1997. Platform: DOS \u00e9s Windows 95. Kivitel: cd tokos, ut\u00e1nkiad\u00e1s, bor\u00edt\u00f3k n\u00e9lk\u00fcl, eredeti cd, angol nyelv\u0171 j\u00e1t\u00e9kok. CD \u00e1llapota: karcmentes, \u00fajnak t\u0171nik<\/p>\n","protected":false},"excerpt":{"rendered":"<p>\u00c1rk\u00e1d rep\u00fcl\u0151g\u00e9p-szimul\u00e1torok. Kiad\u00e1s \u00e9ve: 1996\/1997. Platform: DOS \u00e9s Windows 95. Kivitel: cd tokos, ut\u00e1nkiad\u00e1s, bor\u00edt\u00f3k n\u00e9lk\u00fcl, eredeti cd, angol nyelv\u0171 j\u00e1t\u00e9kok. CD \u00e1llapota: karcmentes, \u00fajnak t\u0171nik<\/p>\n","protected":false},"featured_media":61043,"comment_status":"open","ping_status":"closed","template":"","meta":{"_et_pb_use_builder":"","_et_pb_old_content":"","_et_gb_content_width":""},"product_brand":[],"product_cat":[11,155,9,8],"product_tag":[],"class_list":{"0":"post-61044","1":"product","2":"type-product","3":"status-publish","4":"has-post-thumbnail","6":"product_cat-harci","7":"product_cat-jatekok","8":"product_cat-repulogep-szimulator-szimulator","9":"product_cat-szimulator","10":"pa_allapot-hasznalt","11":"pa_kivitel-csak-a-lemezcddvdkazetta","12":"pa_nyelv-angol","13":"pa_platform-pc_dos","14":"pa_platform-pc-windows-95","16":"first","17":"instock","18":"shipping-taxable","19":"purchasable","20":"product-type-simple"},"_links":{"self":[{"href":"https:\/\/www.retro-games.hu\/index.php\/wp-json\/wp\/v2\/product\/61044","targetHints":{"allow":["GET"]}}],"collection":[{"href":"https:\/\/www.retro-games.hu\/index.php\/wp-json\/wp\/v2\/product"}],"about":[{"href":"https:\/\/www.retro-games.hu\/index.php\/wp-json\/wp\/v2\/types\/product"}],"replies":[{"embeddable":true,"href":"https:\/\/www.retro-games.hu\/index.php\/wp-json\/wp\/v2\/comments?post=61044"}],"wp:featuredmedia":[{"embeddable":true,"href":"https:\/\/www.retro-games.hu\/index.php\/wp-json\/wp\/v2\/media\/61043"}],"wp:attachment":[{"href":"https:\/\/www.retro-games.hu\/index.php\/wp-json\/wp\/v2\/media?parent=61044"}],"wp:term":[{"taxonomy":"product_brand","embeddable":true,"href":"https:\/\/www.retro-games.hu\/index.php\/wp-json\/wp\/v2\/product_brand?post=61044"},{"taxonomy":"product_cat","embeddable":true,"href":"https:\/\/www.retro-games.hu\/index.php\/wp-json\/wp\/v2\/product_cat?post=61044"},{"taxonomy":"product_tag","embeddable":true,"href":"https:\/\/www.retro-games.hu\/index.php\/wp-json\/wp\/v2\/product_tag?post=61044"}],"curies":[{"name":"wp","href":"https:\/\/api.w.org\/{rel}","templated":true}]}}