{"id":61054,"date":"2025-11-03T14:13:01","date_gmt":"2025-11-03T14:13:01","guid":{"rendered":"https:\/\/www.retro-games.hu\/index.php\/termek\/heavy-gear-ii-2-mission-caprice-nemet\/"},"modified":"2025-11-03T14:13:02","modified_gmt":"2025-11-03T14:13:02","slug":"heavy-gear-ii-2-mission-caprice-nemet","status":"publish","type":"product","link":"https:\/\/www.retro-games.hu\/index.php\/termek\/heavy-gear-ii-2-mission-caprice-nemet\/","title":{"rendered":"Heavy Gear II 2: Mission Caprice (n\u00e9met)"},"content":{"rendered":"<p>Harci \u00f3ri\u00e1srobot szimul\u00e1tor. Kiad\u00e1s \u00e9ve: 1999. Platform: Windows 95\/98. Kivitel: els\u0151 kiad\u00e1s, csak az eredeti cd, n\u00e9met nyelv\u0171 j\u00e1t\u00e9k. CD \u00e1llapota: enyh\u00e9n karcos (hajsz\u00e1lkarcok), tesztelt \u00e9s m\u0171k\u00f6dik<\/p>\n","protected":false},"excerpt":{"rendered":"<p>Harci \u00f3ri\u00e1srobot szimul\u00e1tor. Kiad\u00e1s \u00e9ve: 1999. Platform: Windows 95\/98. Kivitel: els\u0151 kiad\u00e1s, csak az eredeti cd, n\u00e9met nyelv\u0171 j\u00e1t\u00e9k. CD \u00e1llapota: enyh\u00e9n karcos (hajsz\u00e1lkarcok), tesztelt \u00e9s m\u0171k\u00f6dik<\/p>\n","protected":false},"featured_media":61053,"comment_status":"open","ping_status":"closed","template":"","meta":{"_et_pb_use_builder":"","_et_pb_old_content":"","_et_gb_content_width":""},"product_brand":[],"product_cat":[121,155,8],"product_tag":[],"class_list":{"0":"post-61054","1":"product","2":"type-product","3":"status-publish","4":"has-post-thumbnail","6":"product_cat-harci-oriasrobot","7":"product_cat-jatekok","8":"product_cat-szimulator","9":"pa_allapot-hasznalt","10":"pa_kivitel-csak-a-lemezcddvdkazetta","11":"pa_nyelv-nemet","12":"pa_platform-pc-windows-95","13":"pa_platform-pc-windows-98","15":"first","16":"instock","17":"shipping-taxable","18":"purchasable","19":"product-type-simple"},"_links":{"self":[{"href":"https:\/\/www.retro-games.hu\/index.php\/wp-json\/wp\/v2\/product\/61054","targetHints":{"allow":["GET"]}}],"collection":[{"href":"https:\/\/www.retro-games.hu\/index.php\/wp-json\/wp\/v2\/product"}],"about":[{"href":"https:\/\/www.retro-games.hu\/index.php\/wp-json\/wp\/v2\/types\/product"}],"replies":[{"embeddable":true,"href":"https:\/\/www.retro-games.hu\/index.php\/wp-json\/wp\/v2\/comments?post=61054"}],"wp:featuredmedia":[{"embeddable":true,"href":"https:\/\/www.retro-games.hu\/index.php\/wp-json\/wp\/v2\/media\/61053"}],"wp:attachment":[{"href":"https:\/\/www.retro-games.hu\/index.php\/wp-json\/wp\/v2\/media?parent=61054"}],"wp:term":[{"taxonomy":"product_brand","embeddable":true,"href":"https:\/\/www.retro-games.hu\/index.php\/wp-json\/wp\/v2\/product_brand?post=61054"},{"taxonomy":"product_cat","embeddable":true,"href":"https:\/\/www.retro-games.hu\/index.php\/wp-json\/wp\/v2\/product_cat?post=61054"},{"taxonomy":"product_tag","embeddable":true,"href":"https:\/\/www.retro-games.hu\/index.php\/wp-json\/wp\/v2\/product_tag?post=61054"}],"curies":[{"name":"wp","href":"https:\/\/api.w.org\/{rel}","templated":true}]}}