{"id":61094,"date":"2025-11-03T14:14:16","date_gmt":"2025-11-03T14:14:16","guid":{"rendered":"https:\/\/www.retro-games.hu\/index.php\/termek\/iron-helix\/"},"modified":"2025-11-03T14:14:17","modified_gmt":"2025-11-03T14:14:17","slug":"iron-helix","status":"publish","type":"product","link":"https:\/\/www.retro-games.hu\/index.php\/termek\/iron-helix\/","title":{"rendered":"Iron Helix"},"content":{"rendered":"<p>Interakt\u00edv mozi &#8211; kalandj\u00e1t\u00e9k. Kiad\u00e1s \u00e9ve: 1993. Platform: Windows 3.x. Kivitel: els\u0151 kiad\u00e1s, angol feliratos sz\u00ednes eredeti pap\u00edrtokj\u00e1ban, eredeti cd, angol \u00e9s francia, n\u00e9met nyelv\u0171 j\u00e1t\u00e9k. CD \u00e1llapota: karcmentes, \u00fajnak t\u0171nik<\/p>\n","protected":false},"excerpt":{"rendered":"<p>Interakt\u00edv mozi &#8211; kalandj\u00e1t\u00e9k. Kiad\u00e1s \u00e9ve: 1993. Platform: Windows 3.x. Kivitel: els\u0151 kiad\u00e1s, angol feliratos sz\u00ednes eredeti pap\u00edrtokj\u00e1ban, eredeti cd, angol \u00e9s francia, n\u00e9met nyelv\u0171 j\u00e1t\u00e9k. CD \u00e1llapota: karcmentes, \u00fajnak t\u0171nik<\/p>\n","protected":false},"featured_media":61093,"comment_status":"open","ping_status":"closed","template":"","meta":{"_et_pb_use_builder":"","_et_pb_old_content":"","_et_gb_content_width":""},"product_brand":[],"product_cat":[65,25,155],"product_tag":[],"class_list":{"0":"post-61094","1":"product","2":"type-product","3":"status-publish","4":"has-post-thumbnail","6":"product_cat-interaktiv-mozi","7":"product_cat-kaland","8":"product_cat-jatekok","9":"pa_allapot-hasznalt","10":"pa_kivitel-csak-a-lemezcddvdkazetta","11":"pa_nyelv-angol","12":"pa_nyelv-francia","13":"pa_nyelv-nemet","14":"pa_platform-pc-windows-3-x","16":"first","17":"instock","18":"shipping-taxable","19":"purchasable","20":"product-type-simple"},"_links":{"self":[{"href":"https:\/\/www.retro-games.hu\/index.php\/wp-json\/wp\/v2\/product\/61094","targetHints":{"allow":["GET"]}}],"collection":[{"href":"https:\/\/www.retro-games.hu\/index.php\/wp-json\/wp\/v2\/product"}],"about":[{"href":"https:\/\/www.retro-games.hu\/index.php\/wp-json\/wp\/v2\/types\/product"}],"replies":[{"embeddable":true,"href":"https:\/\/www.retro-games.hu\/index.php\/wp-json\/wp\/v2\/comments?post=61094"}],"wp:featuredmedia":[{"embeddable":true,"href":"https:\/\/www.retro-games.hu\/index.php\/wp-json\/wp\/v2\/media\/61093"}],"wp:attachment":[{"href":"https:\/\/www.retro-games.hu\/index.php\/wp-json\/wp\/v2\/media?parent=61094"}],"wp:term":[{"taxonomy":"product_brand","embeddable":true,"href":"https:\/\/www.retro-games.hu\/index.php\/wp-json\/wp\/v2\/product_brand?post=61094"},{"taxonomy":"product_cat","embeddable":true,"href":"https:\/\/www.retro-games.hu\/index.php\/wp-json\/wp\/v2\/product_cat?post=61094"},{"taxonomy":"product_tag","embeddable":true,"href":"https:\/\/www.retro-games.hu\/index.php\/wp-json\/wp\/v2\/product_tag?post=61094"}],"curies":[{"name":"wp","href":"https:\/\/api.w.org\/{rel}","templated":true}]}}