{"id":61138,"date":"2025-11-03T14:15:36","date_gmt":"2025-11-03T14:15:36","guid":{"rendered":"https:\/\/www.retro-games.hu\/index.php\/termek\/marble-drop-full-tilt-pinball\/"},"modified":"2025-11-03T14:15:37","modified_gmt":"2025-11-03T14:15:37","slug":"marble-drop-full-tilt-pinball","status":"publish","type":"product","link":"https:\/\/www.retro-games.hu\/index.php\/termek\/marble-drop-full-tilt-pinball\/","title":{"rendered":"Marble Drop + Full Tilt! Pinball"},"content":{"rendered":"<p>Logikai j\u00e1t\u00e9k (\u00e9s b\u00f3nuszk\u00e9nt a lemezen el\u00e9rhet\u0151 a Full Tilt! Pinball teljes verzi\u00f3ja). Kiad\u00e1s \u00e9ve: 1997. Platform: Windows 3.x\/95. Kivitel: ut\u00e1nkiad\u00e1s, csak az eredeti cd, angol nyelv\u0171 j\u00e1t\u00e9kok. CD \u00e1llapota: enyh\u00e9n karcos (hajsz\u00e1lkarcok), tesztelt, m\u0171k\u00f6dik<\/p>\n","protected":false},"excerpt":{"rendered":"<p>Logikai j\u00e1t\u00e9k (\u00e9s b\u00f3nuszk\u00e9nt a lemezen el\u00e9rhet\u0151 a Full Tilt! Pinball teljes verzi\u00f3ja). Kiad\u00e1s \u00e9ve: 1997. Platform: Windows 3.x\/95. Kivitel: ut\u00e1nkiad\u00e1s, csak az eredeti cd, angol nyelv\u0171 j\u00e1t\u00e9kok. CD \u00e1llapota: enyh\u00e9n karcos (hajsz\u00e1lkarcok), tesztelt, m\u0171k\u00f6dik<\/p>\n","protected":false},"featured_media":61137,"comment_status":"open","ping_status":"closed","template":"","meta":{"_et_pb_use_builder":"","_et_pb_old_content":"","_et_gb_content_width":""},"product_brand":[],"product_cat":[21,45,68,295,155],"product_tag":[],"class_list":{"0":"post-61138","1":"product","2":"type-product","3":"status-publish","4":"has-post-thumbnail","6":"product_cat-akcio","7":"product_cat-egyeb","8":"product_cat-flipper","9":"product_cat-logikai","10":"product_cat-jatekok","11":"pa_allapot-hasznalt","12":"pa_kivitel-csak-a-lemezcddvdkazetta","13":"pa_nyelv-angol","14":"pa_platform-pc-windows-3-x","15":"pa_platform-pc-windows-95","17":"first","18":"instock","19":"shipping-taxable","20":"purchasable","21":"product-type-simple"},"_links":{"self":[{"href":"https:\/\/www.retro-games.hu\/index.php\/wp-json\/wp\/v2\/product\/61138","targetHints":{"allow":["GET"]}}],"collection":[{"href":"https:\/\/www.retro-games.hu\/index.php\/wp-json\/wp\/v2\/product"}],"about":[{"href":"https:\/\/www.retro-games.hu\/index.php\/wp-json\/wp\/v2\/types\/product"}],"replies":[{"embeddable":true,"href":"https:\/\/www.retro-games.hu\/index.php\/wp-json\/wp\/v2\/comments?post=61138"}],"wp:featuredmedia":[{"embeddable":true,"href":"https:\/\/www.retro-games.hu\/index.php\/wp-json\/wp\/v2\/media\/61137"}],"wp:attachment":[{"href":"https:\/\/www.retro-games.hu\/index.php\/wp-json\/wp\/v2\/media?parent=61138"}],"wp:term":[{"taxonomy":"product_brand","embeddable":true,"href":"https:\/\/www.retro-games.hu\/index.php\/wp-json\/wp\/v2\/product_brand?post=61138"},{"taxonomy":"product_cat","embeddable":true,"href":"https:\/\/www.retro-games.hu\/index.php\/wp-json\/wp\/v2\/product_cat?post=61138"},{"taxonomy":"product_tag","embeddable":true,"href":"https:\/\/www.retro-games.hu\/index.php\/wp-json\/wp\/v2\/product_tag?post=61138"}],"curies":[{"name":"wp","href":"https:\/\/api.w.org\/{rel}","templated":true}]}}