{"id":61160,"date":"2025-11-03T14:16:17","date_gmt":"2025-11-03T14:16:17","guid":{"rendered":"https:\/\/www.retro-games.hu\/index.php\/termek\/missionforce-cyberstorm-2\/"},"modified":"2025-11-03T14:16:18","modified_gmt":"2025-11-03T14:16:18","slug":"missionforce-cyberstorm-2","status":"publish","type":"product","link":"https:\/\/www.retro-games.hu\/index.php\/termek\/missionforce-cyberstorm-2\/","title":{"rendered":"MissionForce: CyberStorm"},"content":{"rendered":"<p>K\u00f6r\u00f6kre osztott strat\u00e9giai j\u00e1t\u00e9k. Kiad\u00e1s \u00e9ve: 1996. Platform: Windows 95. Kivitel: cd tokos, els\u0151 kiad\u00e1s, bor\u00edt\u00f3k n\u00e9lk\u00fcl, eredeti cd, angol nyelv\u0171 j\u00e1t\u00e9k. CD \u00e1llapota: enyh\u00e9n-k\u00f6zepesen karcos (hajsz\u00e1lkarcok), tesztelt, m\u0171k\u00f6dik<\/p>\n","protected":false},"excerpt":{"rendered":"<p>K\u00f6r\u00f6kre osztott strat\u00e9giai j\u00e1t\u00e9k. Kiad\u00e1s \u00e9ve: 1996. Platform: Windows 95. Kivitel: cd tokos, els\u0151 kiad\u00e1s, bor\u00edt\u00f3k n\u00e9lk\u00fcl, eredeti cd, angol nyelv\u0171 j\u00e1t\u00e9k. CD \u00e1llapota: enyh\u00e9n-k\u00f6zepesen karcos (hajsz\u00e1lkarcok), tesztelt, m\u0171k\u00f6dik<\/p>\n","protected":false},"featured_media":61159,"comment_status":"open","ping_status":"closed","template":"","meta":{"_et_pb_use_builder":"","_et_pb_old_content":"","_et_gb_content_width":""},"product_brand":[],"product_cat":[121,8],"product_tag":[],"class_list":{"0":"post-61160","1":"product","2":"type-product","3":"status-publish","4":"has-post-thumbnail","6":"product_cat-harci-oriasrobot","7":"product_cat-szimulator","8":"pa_allapot-hasznalt","9":"pa_kivitel-csak-a-lemezcddvdkazetta","10":"pa_nyelv-angol","11":"pa_nyelv-francia","12":"pa_nyelv-nemet","13":"pa_platform-pc-windows-95","15":"first","16":"instock","17":"shipping-taxable","18":"purchasable","19":"product-type-simple"},"_links":{"self":[{"href":"https:\/\/www.retro-games.hu\/index.php\/wp-json\/wp\/v2\/product\/61160","targetHints":{"allow":["GET"]}}],"collection":[{"href":"https:\/\/www.retro-games.hu\/index.php\/wp-json\/wp\/v2\/product"}],"about":[{"href":"https:\/\/www.retro-games.hu\/index.php\/wp-json\/wp\/v2\/types\/product"}],"replies":[{"embeddable":true,"href":"https:\/\/www.retro-games.hu\/index.php\/wp-json\/wp\/v2\/comments?post=61160"}],"wp:featuredmedia":[{"embeddable":true,"href":"https:\/\/www.retro-games.hu\/index.php\/wp-json\/wp\/v2\/media\/61159"}],"wp:attachment":[{"href":"https:\/\/www.retro-games.hu\/index.php\/wp-json\/wp\/v2\/media?parent=61160"}],"wp:term":[{"taxonomy":"product_brand","embeddable":true,"href":"https:\/\/www.retro-games.hu\/index.php\/wp-json\/wp\/v2\/product_brand?post=61160"},{"taxonomy":"product_cat","embeddable":true,"href":"https:\/\/www.retro-games.hu\/index.php\/wp-json\/wp\/v2\/product_cat?post=61160"},{"taxonomy":"product_tag","embeddable":true,"href":"https:\/\/www.retro-games.hu\/index.php\/wp-json\/wp\/v2\/product_tag?post=61160"}],"curies":[{"name":"wp","href":"https:\/\/api.w.org\/{rel}","templated":true}]}}