{"id":61200,"date":"2025-11-03T14:17:29","date_gmt":"2025-11-03T14:17:29","guid":{"rendered":"https:\/\/www.retro-games.hu\/index.php\/termek\/pinball-3d-vcr-total-pinball-3d\/"},"modified":"2025-11-03T14:17:30","modified_gmt":"2025-11-03T14:17:30","slug":"pinball-3d-vcr-total-pinball-3d","status":"publish","type":"product","link":"https:\/\/www.retro-games.hu\/index.php\/termek\/pinball-3d-vcr-total-pinball-3d\/","title":{"rendered":"Pinball 3D-VCR (Total Pinball 3D)"},"content":{"rendered":"<p>Flipper j\u00e1t\u00e9k. Kiad\u00e1s \u00e9ve: 1996. Platform: DOS. Kivitel: els\u0151 kiad\u00e1s, csak az eredeti cd, angol \u00e9s n\u00e9met nyelv\u0171 j\u00e1t\u00e9k. CD \u00e1llapota: enyh\u00e9n karcos (hajsz\u00e1lkarcok), tesztelt, m\u0171k\u00f6dik<\/p>\n","protected":false},"excerpt":{"rendered":"<p>Flipper j\u00e1t\u00e9k. Kiad\u00e1s \u00e9ve: 1996. Platform: DOS. Kivitel: els\u0151 kiad\u00e1s, csak az eredeti cd, angol \u00e9s n\u00e9met nyelv\u0171 j\u00e1t\u00e9k. CD \u00e1llapota: enyh\u00e9n karcos (hajsz\u00e1lkarcok), tesztelt, m\u0171k\u00f6dik<\/p>\n","protected":false},"featured_media":61199,"comment_status":"open","ping_status":"closed","template":"","meta":{"_et_pb_use_builder":"","_et_pb_old_content":"","_et_gb_content_width":""},"product_brand":[],"product_cat":[21,68,155],"product_tag":[],"class_list":{"0":"post-61200","1":"product","2":"type-product","3":"status-publish","4":"has-post-thumbnail","6":"product_cat-akcio","7":"product_cat-flipper","8":"product_cat-jatekok","9":"pa_allapot-hasznalt","10":"pa_kivitel-csak-a-lemezcddvdkazetta","11":"pa_nyelv-angol","12":"pa_nyelv-nemet","13":"pa_platform-pc_dos","15":"first","16":"instock","17":"shipping-taxable","18":"purchasable","19":"product-type-simple"},"_links":{"self":[{"href":"https:\/\/www.retro-games.hu\/index.php\/wp-json\/wp\/v2\/product\/61200","targetHints":{"allow":["GET"]}}],"collection":[{"href":"https:\/\/www.retro-games.hu\/index.php\/wp-json\/wp\/v2\/product"}],"about":[{"href":"https:\/\/www.retro-games.hu\/index.php\/wp-json\/wp\/v2\/types\/product"}],"replies":[{"embeddable":true,"href":"https:\/\/www.retro-games.hu\/index.php\/wp-json\/wp\/v2\/comments?post=61200"}],"wp:featuredmedia":[{"embeddable":true,"href":"https:\/\/www.retro-games.hu\/index.php\/wp-json\/wp\/v2\/media\/61199"}],"wp:attachment":[{"href":"https:\/\/www.retro-games.hu\/index.php\/wp-json\/wp\/v2\/media?parent=61200"}],"wp:term":[{"taxonomy":"product_brand","embeddable":true,"href":"https:\/\/www.retro-games.hu\/index.php\/wp-json\/wp\/v2\/product_brand?post=61200"},{"taxonomy":"product_cat","embeddable":true,"href":"https:\/\/www.retro-games.hu\/index.php\/wp-json\/wp\/v2\/product_cat?post=61200"},{"taxonomy":"product_tag","embeddable":true,"href":"https:\/\/www.retro-games.hu\/index.php\/wp-json\/wp\/v2\/product_tag?post=61200"}],"curies":[{"name":"wp","href":"https:\/\/api.w.org\/{rel}","templated":true}]}}