{"id":61206,"date":"2025-11-03T14:17:40","date_gmt":"2025-11-03T14:17:40","guid":{"rendered":"https:\/\/www.retro-games.hu\/index.php\/termek\/pirates-gold\/"},"modified":"2025-11-03T14:17:41","modified_gmt":"2025-11-03T14:17:41","slug":"pirates-gold","status":"publish","type":"product","link":"https:\/\/www.retro-games.hu\/index.php\/termek\/pirates-gold\/","title":{"rendered":"Pirates! Gold"},"content":{"rendered":"<p>Kal\u00f3zos akci\u00f3-kalandj\u00e1t\u00e9k (ny\u00edlt vil\u00e1g). Kiad\u00e1s \u00e9ve: 1993. Platform: DOS. Kivitel: Power Plus kiad\u00e1s, csak az eredeti cd, angol \u00e9s francia, n\u00e9met nyelv\u0171 j\u00e1t\u00e9k. CD \u00e1llapota: enyh\u00e9n karcos (hajsz\u00e1lkarcok), tesztelt, m\u0171k\u00f6dik.<\/p>\n","protected":false},"excerpt":{"rendered":"<p>Kal\u00f3zos akci\u00f3-kalandj\u00e1t\u00e9k (ny\u00edlt vil\u00e1g). Kiad\u00e1s \u00e9ve: 1993. Platform: DOS. Kivitel: Power Plus kiad\u00e1s, csak az eredeti cd, angol \u00e9s francia, n\u00e9met nyelv\u0171 j\u00e1t\u00e9k. CD \u00e1llapota: enyh\u00e9n karcos (hajsz\u00e1lkarcok), tesztelt, m\u0171k\u00f6dik.<\/p>\n","protected":false},"featured_media":61205,"comment_status":"open","ping_status":"closed","template":"","meta":{"_et_pb_use_builder":"","_et_pb_old_content":"","_et_gb_content_width":""},"product_brand":[],"product_cat":[101,25,155],"product_tag":[],"class_list":{"0":"post-61206","1":"product","2":"type-product","3":"status-publish","4":"has-post-thumbnail","6":"product_cat-akcio-kalandjatek-nyilt-vilag","7":"product_cat-kaland","8":"product_cat-jatekok","9":"pa_allapot-hasznalt","10":"pa_kivitel-csak-a-lemezcddvdkazetta","11":"pa_nyelv-angol","12":"pa_nyelv-francia","13":"pa_nyelv-nemet","14":"pa_platform-pc_dos","16":"first","17":"instock","18":"shipping-taxable","19":"purchasable","20":"product-type-simple"},"_links":{"self":[{"href":"https:\/\/www.retro-games.hu\/index.php\/wp-json\/wp\/v2\/product\/61206","targetHints":{"allow":["GET"]}}],"collection":[{"href":"https:\/\/www.retro-games.hu\/index.php\/wp-json\/wp\/v2\/product"}],"about":[{"href":"https:\/\/www.retro-games.hu\/index.php\/wp-json\/wp\/v2\/types\/product"}],"replies":[{"embeddable":true,"href":"https:\/\/www.retro-games.hu\/index.php\/wp-json\/wp\/v2\/comments?post=61206"}],"wp:featuredmedia":[{"embeddable":true,"href":"https:\/\/www.retro-games.hu\/index.php\/wp-json\/wp\/v2\/media\/61205"}],"wp:attachment":[{"href":"https:\/\/www.retro-games.hu\/index.php\/wp-json\/wp\/v2\/media?parent=61206"}],"wp:term":[{"taxonomy":"product_brand","embeddable":true,"href":"https:\/\/www.retro-games.hu\/index.php\/wp-json\/wp\/v2\/product_brand?post=61206"},{"taxonomy":"product_cat","embeddable":true,"href":"https:\/\/www.retro-games.hu\/index.php\/wp-json\/wp\/v2\/product_cat?post=61206"},{"taxonomy":"product_tag","embeddable":true,"href":"https:\/\/www.retro-games.hu\/index.php\/wp-json\/wp\/v2\/product_tag?post=61206"}],"curies":[{"name":"wp","href":"https:\/\/api.w.org\/{rel}","templated":true}]}}