{"id":61272,"date":"2025-11-03T14:19:40","date_gmt":"2025-11-03T14:19:40","guid":{"rendered":"https:\/\/www.retro-games.hu\/index.php\/termek\/rollercoaster-tycoon-2-wacky-worlds-kiegeszito\/"},"modified":"2025-11-03T14:19:40","modified_gmt":"2025-11-03T14:19:40","slug":"rollercoaster-tycoon-2-wacky-worlds-kiegeszito","status":"publish","type":"product","link":"https:\/\/www.retro-games.hu\/index.php\/termek\/rollercoaster-tycoon-2-wacky-worlds-kiegeszito\/","title":{"rendered":"Rollercoaster Tycoon 2: Wacky Worlds kieg\u00e9sz\u00edt\u0151"},"content":{"rendered":"<p>Hull\u00e1mvas\u00fat tervez\u0151 \/ szimul\u00e1tor. Kiad\u00e1s \u00e9ve: 2003. Platform: Windows 98\/ME\/2000\/XP. Kivitel: cd tokos, els\u0151 kiad\u00e1s, bor\u00edt\u00f3k n\u00e9lk\u00fcl, eredeti cd, angol, holland, francia, n\u00e9met, olasz, spanyol \u00e9s sv\u00e9d nyelv\u0171 kieg\u00e9sz\u00edt\u0151 lemez. Futtat\u00e1s\u00e1hoz sz\u00fcks\u00e9ges a Rollercoaster Tycoon 2 alapj\u00e1t\u00e9k! CD \u00e1llapota: szinte karcmentes, tesztelt, m\u0171k\u00f6dik<\/p>\n","protected":false},"excerpt":{"rendered":"<p>Hull\u00e1mvas\u00fat tervez\u0151 \/ szimul\u00e1tor. Kiad\u00e1s \u00e9ve: 2003. Platform: Windows 98\/ME\/2000\/XP. Kivitel: cd tokos, els\u0151 kiad\u00e1s, bor\u00edt\u00f3k n\u00e9lk\u00fcl, eredeti cd, angol, holland, francia, n\u00e9met, olasz, spanyol \u00e9s sv\u00e9d nyelv\u0171 kieg\u00e9sz\u00edt\u0151 lemez. Futtat\u00e1s\u00e1hoz sz\u00fcks\u00e9ges a Rollercoaster Tycoon 2 alapj\u00e1t\u00e9k! CD \u00e1llapota: szinte karcmentes, tesztelt, m\u0171k\u00f6dik<\/p>\n","protected":false},"featured_media":61271,"comment_status":"open","ping_status":"closed","template":"","meta":{"_et_pb_use_builder":"","_et_pb_old_content":"","_et_gb_content_width":""},"product_brand":[],"product_cat":[155,8,81],"product_tag":[],"class_list":{"0":"post-61272","1":"product","2":"type-product","3":"status-publish","4":"has-post-thumbnail","6":"product_cat-jatekok","7":"product_cat-szimulator","8":"product_cat-uzlet-menedzsment","9":"pa_allapot-hasznalt","10":"pa_kivitel-csak-a-lemezcddvdkazetta","11":"pa_nyelv-angol","12":"pa_nyelv-francia","13":"pa_nyelv-holland","14":"pa_nyelv-nemet","15":"pa_nyelv-olasz","16":"pa_nyelv-spanyol","17":"pa_nyelv-sved","18":"pa_platform-pc-windows-2000","19":"pa_platform-pc-windows-98","20":"pa_platform-pc-windows-me","21":"pa_platform-pc_windows","23":"first","24":"instock","25":"shipping-taxable","26":"purchasable","27":"product-type-simple"},"_links":{"self":[{"href":"https:\/\/www.retro-games.hu\/index.php\/wp-json\/wp\/v2\/product\/61272","targetHints":{"allow":["GET"]}}],"collection":[{"href":"https:\/\/www.retro-games.hu\/index.php\/wp-json\/wp\/v2\/product"}],"about":[{"href":"https:\/\/www.retro-games.hu\/index.php\/wp-json\/wp\/v2\/types\/product"}],"replies":[{"embeddable":true,"href":"https:\/\/www.retro-games.hu\/index.php\/wp-json\/wp\/v2\/comments?post=61272"}],"wp:featuredmedia":[{"embeddable":true,"href":"https:\/\/www.retro-games.hu\/index.php\/wp-json\/wp\/v2\/media\/61271"}],"wp:attachment":[{"href":"https:\/\/www.retro-games.hu\/index.php\/wp-json\/wp\/v2\/media?parent=61272"}],"wp:term":[{"taxonomy":"product_brand","embeddable":true,"href":"https:\/\/www.retro-games.hu\/index.php\/wp-json\/wp\/v2\/product_brand?post=61272"},{"taxonomy":"product_cat","embeddable":true,"href":"https:\/\/www.retro-games.hu\/index.php\/wp-json\/wp\/v2\/product_cat?post=61272"},{"taxonomy":"product_tag","embeddable":true,"href":"https:\/\/www.retro-games.hu\/index.php\/wp-json\/wp\/v2\/product_tag?post=61272"}],"curies":[{"name":"wp","href":"https:\/\/api.w.org\/{rel}","templated":true}]}}