{"id":61330,"date":"2025-11-03T14:21:27","date_gmt":"2025-11-03T14:21:27","guid":{"rendered":"https:\/\/www.retro-games.hu\/index.php\/termek\/sorry\/"},"modified":"2025-11-03T14:21:28","modified_gmt":"2025-11-03T14:21:28","slug":"sorry","status":"publish","type":"product","link":"https:\/\/www.retro-games.hu\/index.php\/termek\/sorry\/","title":{"rendered":"Sorry!"},"content":{"rendered":"<p>T\u00e1rsasj\u00e1t\u00e9k-adapt\u00e1ci\u00f3. Kiad\u00e1s \u00e9ve: 2004 (1998). Platform: Windows 98SE\/ME\/2000\/XP. Kivitel: ut\u00e1nkiad\u00e1s, csak az eredeti cd, angol nyelv\u0171 j\u00e1t\u00e9k. CD \u00e1llapota: szinte karcmentes, tesztelt, m\u0171k\u00f6dik<\/p>\n","protected":false},"excerpt":{"rendered":"<p>T\u00e1rsasj\u00e1t\u00e9k-adapt\u00e1ci\u00f3. Kiad\u00e1s \u00e9ve: 2004 (1998). Platform: Windows 98SE\/ME\/2000\/XP. Kivitel: ut\u00e1nkiad\u00e1s, csak az eredeti cd, angol nyelv\u0171 j\u00e1t\u00e9k. CD \u00e1llapota: szinte karcmentes, tesztelt, m\u0171k\u00f6dik<\/p>\n","protected":false},"featured_media":61329,"comment_status":"open","ping_status":"closed","template":"","meta":{"_et_pb_use_builder":"","_et_pb_old_content":"","_et_gb_content_width":""},"product_brand":[],"product_cat":[45,155,129],"product_tag":[],"class_list":{"0":"post-61330","1":"product","2":"type-product","3":"status-publish","4":"has-post-thumbnail","6":"product_cat-egyeb","7":"product_cat-jatekok","8":"product_cat-tarsasjatek-adaptacio","9":"pa_allapot-hasznalt","10":"pa_kivitel-csak-a-lemezcddvdkazetta","11":"pa_nyelv-angol","12":"pa_platform-pc-windows-2000","13":"pa_platform-pc-windows-98se-2","14":"pa_platform-pc-windows-me","15":"pa_platform-pc_windows","17":"first","18":"instock","19":"shipping-taxable","20":"purchasable","21":"product-type-simple"},"_links":{"self":[{"href":"https:\/\/www.retro-games.hu\/index.php\/wp-json\/wp\/v2\/product\/61330","targetHints":{"allow":["GET"]}}],"collection":[{"href":"https:\/\/www.retro-games.hu\/index.php\/wp-json\/wp\/v2\/product"}],"about":[{"href":"https:\/\/www.retro-games.hu\/index.php\/wp-json\/wp\/v2\/types\/product"}],"replies":[{"embeddable":true,"href":"https:\/\/www.retro-games.hu\/index.php\/wp-json\/wp\/v2\/comments?post=61330"}],"wp:featuredmedia":[{"embeddable":true,"href":"https:\/\/www.retro-games.hu\/index.php\/wp-json\/wp\/v2\/media\/61329"}],"wp:attachment":[{"href":"https:\/\/www.retro-games.hu\/index.php\/wp-json\/wp\/v2\/media?parent=61330"}],"wp:term":[{"taxonomy":"product_brand","embeddable":true,"href":"https:\/\/www.retro-games.hu\/index.php\/wp-json\/wp\/v2\/product_brand?post=61330"},{"taxonomy":"product_cat","embeddable":true,"href":"https:\/\/www.retro-games.hu\/index.php\/wp-json\/wp\/v2\/product_cat?post=61330"},{"taxonomy":"product_tag","embeddable":true,"href":"https:\/\/www.retro-games.hu\/index.php\/wp-json\/wp\/v2\/product_tag?post=61330"}],"curies":[{"name":"wp","href":"https:\/\/api.w.org\/{rel}","templated":true}]}}