{"id":61334,"date":"2025-11-03T14:21:35","date_gmt":"2025-11-03T14:21:35","guid":{"rendered":"https:\/\/www.retro-games.hu\/index.php\/termek\/spec-ops-ii-u-s-army-green-berets-2\/"},"modified":"2025-11-03T14:21:36","modified_gmt":"2025-11-03T14:21:36","slug":"spec-ops-ii-u-s-army-green-berets-2","status":"publish","type":"product","link":"https:\/\/www.retro-games.hu\/index.php\/termek\/spec-ops-ii-u-s-army-green-berets-2\/","title":{"rendered":"Spec Ops II: U.S. Army Green Berets"},"content":{"rendered":"<p>Bels\u0151 n\u00e9zetes l\u00f6v\u00f6ld\u00f6z\u0151s j\u00e1t\u00e9k (FPS). Kiad\u00e1s \u00e9ve: 1999. Platform: Windows 95\/98. Kivitel: els\u0151 kiad\u00e1s, csak az eredeti cd, angol \u00e9s francia, n\u00e9met, olasz, spanyol nyelv\u0171 j\u00e1t\u00e9k. CD \u00e1llapota: karcmentes, \u00fajnak t\u0171nik<\/p>\n","protected":false},"excerpt":{"rendered":"<p>Bels\u0151 n\u00e9zetes l\u00f6v\u00f6ld\u00f6z\u0151s j\u00e1t\u00e9k (FPS). Kiad\u00e1s \u00e9ve: 1999. Platform: Windows 95\/98. Kivitel: els\u0151 kiad\u00e1s, csak az eredeti cd, angol \u00e9s francia, n\u00e9met, olasz, spanyol nyelv\u0171 j\u00e1t\u00e9k. CD \u00e1llapota: karcmentes, \u00fajnak t\u0171nik<\/p>\n","protected":false},"featured_media":61333,"comment_status":"open","ping_status":"closed","template":"","meta":{"_et_pb_use_builder":"","_et_pb_old_content":"","_et_gb_content_width":""},"product_brand":[],"product_cat":[21,22,155],"product_tag":[],"class_list":{"0":"post-61334","1":"product","2":"type-product","3":"status-publish","4":"has-post-thumbnail","6":"product_cat-akcio","7":"product_cat-belso-nezetes-lovoldozos-fps","8":"product_cat-jatekok","9":"pa_allapot-hasznalt","10":"pa_kivitel-csak-a-lemezcddvdkazetta","11":"pa_nyelv-angol","12":"pa_nyelv-francia","13":"pa_nyelv-nemet","14":"pa_nyelv-olasz","15":"pa_nyelv-spanyol","16":"pa_platform-pc-windows-95","17":"pa_platform-pc-windows-98","19":"first","20":"instock","21":"shipping-taxable","22":"purchasable","23":"product-type-simple"},"_links":{"self":[{"href":"https:\/\/www.retro-games.hu\/index.php\/wp-json\/wp\/v2\/product\/61334","targetHints":{"allow":["GET"]}}],"collection":[{"href":"https:\/\/www.retro-games.hu\/index.php\/wp-json\/wp\/v2\/product"}],"about":[{"href":"https:\/\/www.retro-games.hu\/index.php\/wp-json\/wp\/v2\/types\/product"}],"replies":[{"embeddable":true,"href":"https:\/\/www.retro-games.hu\/index.php\/wp-json\/wp\/v2\/comments?post=61334"}],"wp:featuredmedia":[{"embeddable":true,"href":"https:\/\/www.retro-games.hu\/index.php\/wp-json\/wp\/v2\/media\/61333"}],"wp:attachment":[{"href":"https:\/\/www.retro-games.hu\/index.php\/wp-json\/wp\/v2\/media?parent=61334"}],"wp:term":[{"taxonomy":"product_brand","embeddable":true,"href":"https:\/\/www.retro-games.hu\/index.php\/wp-json\/wp\/v2\/product_brand?post=61334"},{"taxonomy":"product_cat","embeddable":true,"href":"https:\/\/www.retro-games.hu\/index.php\/wp-json\/wp\/v2\/product_cat?post=61334"},{"taxonomy":"product_tag","embeddable":true,"href":"https:\/\/www.retro-games.hu\/index.php\/wp-json\/wp\/v2\/product_tag?post=61334"}],"curies":[{"name":"wp","href":"https:\/\/api.w.org\/{rel}","templated":true}]}}