{"id":61338,"date":"2025-11-03T14:21:42","date_gmt":"2025-11-03T14:21:42","guid":{"rendered":"https:\/\/www.retro-games.hu\/index.php\/termek\/project-x-es-spectre-vr-egyben\/"},"modified":"2025-11-03T14:21:42","modified_gmt":"2025-11-03T14:21:42","slug":"project-x-es-spectre-vr-egyben","status":"publish","type":"product","link":"https:\/\/www.retro-games.hu\/index.php\/termek\/project-x-es-spectre-vr-egyben\/","title":{"rendered":"Project-X \u00e9s Spectre VR egyben"},"content":{"rendered":"<p>Egy bels\u0151 n\u00e9zetes \u00e9s egy oldaln\u00e9zetes l\u00f6v\u00f6ld\u00f6z\u0151s j\u00e1t\u00e9k egyben. Kiad\u00e1s \u00e9ve: 1996 (1993 \u00e9s 1994). Platform: DOS \/ Windows 3.x. Kivitel: gy\u0171jtem\u00e9nyes kiad\u00e1s, csak az eredeti cd, angol nyelv\u0171 j\u00e1t\u00e9kok. CD \u00e1llapota: enyh\u00e9n-k\u00f6zepesen karcos (hajsz\u00e1lkarcok), tesztelt, m\u0171k\u00f6dik<\/p>\n","protected":false},"excerpt":{"rendered":"<p>Egy bels\u0151 n\u00e9zetes \u00e9s egy oldaln\u00e9zetes l\u00f6v\u00f6ld\u00f6z\u0151s j\u00e1t\u00e9k egyben. Kiad\u00e1s \u00e9ve: 1996 (1993 \u00e9s 1994). Platform: DOS \/ Windows 3.x. Kivitel: gy\u0171jtem\u00e9nyes kiad\u00e1s, csak az eredeti cd, angol nyelv\u0171 j\u00e1t\u00e9kok. CD \u00e1llapota: enyh\u00e9n-k\u00f6zepesen karcos (hajsz\u00e1lkarcok), tesztelt, m\u0171k\u00f6dik<\/p>\n","protected":false},"featured_media":61337,"comment_status":"open","ping_status":"closed","template":"","meta":{"_et_pb_use_builder":"","_et_pb_old_content":"","_et_gb_content_width":""},"product_brand":[],"product_cat":[21,22,319,155],"product_tag":[],"class_list":{"0":"post-61338","1":"product","2":"type-product","3":"status-publish","4":"has-post-thumbnail","6":"product_cat-akcio","7":"product_cat-belso-nezetes-lovoldozos-fps","8":"product_cat-oldalnezetes-lovoldozos","9":"product_cat-jatekok","10":"pa_allapot-hasznalt","11":"pa_kivitel-csak-a-lemezcddvdkazetta","12":"pa_nyelv-angol","13":"pa_platform-pc_dos","14":"pa_platform-pc-windows-3-x","16":"first","17":"instock","18":"shipping-taxable","19":"purchasable","20":"product-type-simple"},"_links":{"self":[{"href":"https:\/\/www.retro-games.hu\/index.php\/wp-json\/wp\/v2\/product\/61338","targetHints":{"allow":["GET"]}}],"collection":[{"href":"https:\/\/www.retro-games.hu\/index.php\/wp-json\/wp\/v2\/product"}],"about":[{"href":"https:\/\/www.retro-games.hu\/index.php\/wp-json\/wp\/v2\/types\/product"}],"replies":[{"embeddable":true,"href":"https:\/\/www.retro-games.hu\/index.php\/wp-json\/wp\/v2\/comments?post=61338"}],"wp:featuredmedia":[{"embeddable":true,"href":"https:\/\/www.retro-games.hu\/index.php\/wp-json\/wp\/v2\/media\/61337"}],"wp:attachment":[{"href":"https:\/\/www.retro-games.hu\/index.php\/wp-json\/wp\/v2\/media?parent=61338"}],"wp:term":[{"taxonomy":"product_brand","embeddable":true,"href":"https:\/\/www.retro-games.hu\/index.php\/wp-json\/wp\/v2\/product_brand?post=61338"},{"taxonomy":"product_cat","embeddable":true,"href":"https:\/\/www.retro-games.hu\/index.php\/wp-json\/wp\/v2\/product_cat?post=61338"},{"taxonomy":"product_tag","embeddable":true,"href":"https:\/\/www.retro-games.hu\/index.php\/wp-json\/wp\/v2\/product_tag?post=61338"}],"curies":[{"name":"wp","href":"https:\/\/api.w.org\/{rel}","templated":true}]}}