{"id":61342,"date":"2025-11-03T14:21:48","date_gmt":"2025-11-03T14:21:48","guid":{"rendered":"https:\/\/www.retro-games.hu\/index.php\/termek\/sracs-swedish-classics-gp-fox-jones\/"},"modified":"2025-11-03T14:21:49","modified_gmt":"2025-11-03T14:21:49","slug":"sracs-swedish-classics-gp-fox-jones","status":"publish","type":"product","link":"https:\/\/www.retro-games.hu\/index.php\/termek\/sracs-swedish-classics-gp-fox-jones\/","title":{"rendered":"SRACS + Swedish Classics GP + Fox Jones"},"content":{"rendered":"<p>\u00d6ssze\u00e1ll\u00edt\u00e1s 3 teljes verzi\u00f3s j\u00e1t\u00e9kb\u00f3l. Kiad\u00e1s \u00e9ve: 2008. Platform: Windows XP. Kivitel: gy\u0171jtem\u00e9nyes kiad\u00e1s, magyar feliratos j\u00e1t\u00e9kok (teljes verzi\u00f3k), csak az eredeti CD, \u00e1llapota: karcmentes, \u00fajnak t\u0171nik<\/p>\n","protected":false},"excerpt":{"rendered":"<p>\u00d6ssze\u00e1ll\u00edt\u00e1s 3 teljes verzi\u00f3s j\u00e1t\u00e9kb\u00f3l. Kiad\u00e1s \u00e9ve: 2008. Platform: Windows XP. Kivitel: gy\u0171jtem\u00e9nyes kiad\u00e1s, magyar feliratos j\u00e1t\u00e9kok (teljes verzi\u00f3k), csak az eredeti CD, \u00e1llapota: karcmentes, \u00fajnak t\u0171nik<\/p>\n","protected":false},"featured_media":61341,"comment_status":"open","ping_status":"closed","template":"","meta":{"_et_pb_use_builder":"","_et_pb_old_content":"","_et_gb_content_width":""},"product_brand":[],"product_cat":[45,36,155],"product_tag":[],"class_list":{"0":"post-61342","1":"product","2":"type-product","3":"status-publish","4":"has-post-thumbnail","6":"product_cat-egyeb","7":"product_cat-osszeallitasok","8":"product_cat-jatekok","9":"pa_allapot-hasznalt","10":"pa_kivitel-csak-a-lemezcddvdkazetta","11":"pa_nyelv-magyar-feliratos","12":"pa_platform-pc_windows","14":"first","15":"instock","16":"shipping-taxable","17":"purchasable","18":"product-type-simple"},"_links":{"self":[{"href":"https:\/\/www.retro-games.hu\/index.php\/wp-json\/wp\/v2\/product\/61342","targetHints":{"allow":["GET"]}}],"collection":[{"href":"https:\/\/www.retro-games.hu\/index.php\/wp-json\/wp\/v2\/product"}],"about":[{"href":"https:\/\/www.retro-games.hu\/index.php\/wp-json\/wp\/v2\/types\/product"}],"replies":[{"embeddable":true,"href":"https:\/\/www.retro-games.hu\/index.php\/wp-json\/wp\/v2\/comments?post=61342"}],"wp:featuredmedia":[{"embeddable":true,"href":"https:\/\/www.retro-games.hu\/index.php\/wp-json\/wp\/v2\/media\/61341"}],"wp:attachment":[{"href":"https:\/\/www.retro-games.hu\/index.php\/wp-json\/wp\/v2\/media?parent=61342"}],"wp:term":[{"taxonomy":"product_brand","embeddable":true,"href":"https:\/\/www.retro-games.hu\/index.php\/wp-json\/wp\/v2\/product_brand?post=61342"},{"taxonomy":"product_cat","embeddable":true,"href":"https:\/\/www.retro-games.hu\/index.php\/wp-json\/wp\/v2\/product_cat?post=61342"},{"taxonomy":"product_tag","embeddable":true,"href":"https:\/\/www.retro-games.hu\/index.php\/wp-json\/wp\/v2\/product_tag?post=61342"}],"curies":[{"name":"wp","href":"https:\/\/api.w.org\/{rel}","templated":true}]}}