{"id":61346,"date":"2025-11-03T14:21:58","date_gmt":"2025-11-03T14:21:58","guid":{"rendered":"https:\/\/www.retro-games.hu\/index.php\/termek\/star-wraith-iv-reviction\/"},"modified":"2025-11-03T14:21:58","modified_gmt":"2025-11-03T14:21:58","slug":"star-wraith-iv-reviction","status":"publish","type":"product","link":"https:\/\/www.retro-games.hu\/index.php\/termek\/star-wraith-iv-reviction\/","title":{"rendered":"Star Wraith IV: Reviction"},"content":{"rendered":"<p>Harci \u0171rhaj\u00f3 szimul\u00e1tor. Kiad\u00e1s \u00e9ve: 2004. Platform: Windows 95\/98\/ME\/2000\/XP. Kivitel: els\u0151 kiad\u00e1s, csak az eredeti dvd, magyar feliratos \u00e9s angol\/cseh\/szlov\u00e1k nyelv\u0171 j\u00e1t\u00e9k. DVD \u00e1llapota: szinte karcmentes tesztelt, m\u0171k\u00f6dik<\/p>\n","protected":false},"excerpt":{"rendered":"<p>Harci \u0171rhaj\u00f3 szimul\u00e1tor. Kiad\u00e1s \u00e9ve: 2004. Platform: Windows 95\/98\/ME\/2000\/XP. Kivitel: els\u0151 kiad\u00e1s, csak az eredeti dvd, magyar feliratos \u00e9s angol\/cseh\/szlov\u00e1k nyelv\u0171 j\u00e1t\u00e9k. DVD \u00e1llapota: szinte karcmentes tesztelt, m\u0171k\u00f6dik<\/p>\n","protected":false},"featured_media":61345,"comment_status":"open","ping_status":"closed","template":"","meta":{"_et_pb_use_builder":"","_et_pb_old_content":"","_et_gb_content_width":""},"product_brand":[],"product_cat":[155,8,71],"product_tag":[],"class_list":{"0":"post-61346","1":"product","2":"type-product","3":"status-publish","4":"has-post-thumbnail","6":"product_cat-jatekok","7":"product_cat-szimulator","8":"product_cat-urhajo-harci","9":"pa_allapot-hasznalt","10":"pa_kivitel-csak-a-lemezcddvdkazetta","11":"pa_nyelv-angol","12":"pa_nyelv-cseh","13":"pa_nyelv-magyar-feliratos","14":"pa_nyelv-szlovak","15":"pa_platform-pc-windows-2000","16":"pa_platform-pc-windows-95","17":"pa_platform-pc-windows-98","18":"pa_platform-pc-windows-me","19":"pa_platform-pc_windows","21":"first","22":"instock","23":"shipping-taxable","24":"purchasable","25":"product-type-simple"},"_links":{"self":[{"href":"https:\/\/www.retro-games.hu\/index.php\/wp-json\/wp\/v2\/product\/61346","targetHints":{"allow":["GET"]}}],"collection":[{"href":"https:\/\/www.retro-games.hu\/index.php\/wp-json\/wp\/v2\/product"}],"about":[{"href":"https:\/\/www.retro-games.hu\/index.php\/wp-json\/wp\/v2\/types\/product"}],"replies":[{"embeddable":true,"href":"https:\/\/www.retro-games.hu\/index.php\/wp-json\/wp\/v2\/comments?post=61346"}],"wp:featuredmedia":[{"embeddable":true,"href":"https:\/\/www.retro-games.hu\/index.php\/wp-json\/wp\/v2\/media\/61345"}],"wp:attachment":[{"href":"https:\/\/www.retro-games.hu\/index.php\/wp-json\/wp\/v2\/media?parent=61346"}],"wp:term":[{"taxonomy":"product_brand","embeddable":true,"href":"https:\/\/www.retro-games.hu\/index.php\/wp-json\/wp\/v2\/product_brand?post=61346"},{"taxonomy":"product_cat","embeddable":true,"href":"https:\/\/www.retro-games.hu\/index.php\/wp-json\/wp\/v2\/product_cat?post=61346"},{"taxonomy":"product_tag","embeddable":true,"href":"https:\/\/www.retro-games.hu\/index.php\/wp-json\/wp\/v2\/product_tag?post=61346"}],"curies":[{"name":"wp","href":"https:\/\/api.w.org\/{rel}","templated":true}]}}