{"id":61348,"date":"2025-11-03T14:22:02","date_gmt":"2025-11-03T14:22:02","guid":{"rendered":"https:\/\/www.retro-games.hu\/index.php\/termek\/starcraft-brood-war-kiegeszito\/"},"modified":"2025-11-03T14:22:02","modified_gmt":"2025-11-03T14:22:02","slug":"starcraft-brood-war-kiegeszito","status":"publish","type":"product","link":"https:\/\/www.retro-games.hu\/index.php\/termek\/starcraft-brood-war-kiegeszito\/","title":{"rendered":"Starcraft: Brood War kieg\u00e9sz\u00edt\u0151"},"content":{"rendered":"<p>Val\u00f3s idej\u0171 strat\u00e9giai j\u00e1t\u00e9k. Kiad\u00e1s \u00e9ve: 1998. Platform: PC &#8211; Windows 95\/98\/NT \u00e9s Apple\/Power Macintosh. Kivitel: els\u0151 kiad\u00e1s, csak a cd, angol nyelv\u0171 kieg\u00e9sz\u00edt\u0151 lemez, a Starcraft alapj\u00e1t\u00e9k sz\u00fcks\u00e9ges hozz\u00e1. CD \u00e1llapota: k\u00f6zepesen karcos (hajsz\u00e1lkarcok), tesztelt, m\u0171k\u00f6dik<\/p>\n","protected":false},"excerpt":{"rendered":"<p>Val\u00f3s idej\u0171 strat\u00e9giai j\u00e1t\u00e9k. Kiad\u00e1s \u00e9ve: 1998. Platform: PC &#8211; Windows 95\/98\/NT \u00e9s Apple\/Power Macintosh. Kivitel: els\u0151 kiad\u00e1s, csak a cd, angol nyelv\u0171 kieg\u00e9sz\u00edt\u0151 lemez, a Starcraft alapj\u00e1t\u00e9k sz\u00fcks\u00e9ges hozz\u00e1. CD \u00e1llapota: k\u00f6zepesen karcos (hajsz\u00e1lkarcok), tesztelt, m\u0171k\u00f6dik<\/p>\n","protected":false},"featured_media":61347,"comment_status":"open","ping_status":"closed","template":"","meta":{"_et_pb_use_builder":"","_et_pb_old_content":"","_et_gb_content_width":""},"product_brand":[],"product_cat":[155,43,47],"product_tag":[],"class_list":{"0":"post-61348","1":"product","2":"type-product","3":"status-publish","4":"has-post-thumbnail","6":"product_cat-jatekok","7":"product_cat-strategiai-jatek","8":"product_cat-valos-ideju-rts","9":"pa_allapot-hasznalt","10":"pa_kivitel-csak-a-lemezcddvdkazetta","11":"pa_nyelv-angol","12":"pa_platform-applepower-macintosh","13":"pa_platform-pc-windows-95","14":"pa_platform-pc-windows-98","15":"pa_platform-pc-windows-nt","17":"first","18":"instock","19":"shipping-taxable","20":"purchasable","21":"product-type-simple"},"_links":{"self":[{"href":"https:\/\/www.retro-games.hu\/index.php\/wp-json\/wp\/v2\/product\/61348","targetHints":{"allow":["GET"]}}],"collection":[{"href":"https:\/\/www.retro-games.hu\/index.php\/wp-json\/wp\/v2\/product"}],"about":[{"href":"https:\/\/www.retro-games.hu\/index.php\/wp-json\/wp\/v2\/types\/product"}],"replies":[{"embeddable":true,"href":"https:\/\/www.retro-games.hu\/index.php\/wp-json\/wp\/v2\/comments?post=61348"}],"wp:featuredmedia":[{"embeddable":true,"href":"https:\/\/www.retro-games.hu\/index.php\/wp-json\/wp\/v2\/media\/61347"}],"wp:attachment":[{"href":"https:\/\/www.retro-games.hu\/index.php\/wp-json\/wp\/v2\/media?parent=61348"}],"wp:term":[{"taxonomy":"product_brand","embeddable":true,"href":"https:\/\/www.retro-games.hu\/index.php\/wp-json\/wp\/v2\/product_brand?post=61348"},{"taxonomy":"product_cat","embeddable":true,"href":"https:\/\/www.retro-games.hu\/index.php\/wp-json\/wp\/v2\/product_cat?post=61348"},{"taxonomy":"product_tag","embeddable":true,"href":"https:\/\/www.retro-games.hu\/index.php\/wp-json\/wp\/v2\/product_tag?post=61348"}],"curies":[{"name":"wp","href":"https:\/\/api.w.org\/{rel}","templated":true}]}}