{"id":61358,"date":"2025-11-03T14:22:19","date_gmt":"2025-11-03T14:22:19","guid":{"rendered":"https:\/\/www.retro-games.hu\/index.php\/termek\/stronghold-crusader-nemet\/"},"modified":"2025-11-03T14:22:20","modified_gmt":"2025-11-03T14:22:20","slug":"stronghold-crusader-nemet","status":"publish","type":"product","link":"https:\/\/www.retro-games.hu\/index.php\/termek\/stronghold-crusader-nemet\/","title":{"rendered":"Stronghold: Crusader (n\u00e9met)"},"content":{"rendered":"<p>Val\u00f3sidej\u0171 strat\u00e9giai j\u00e1t\u00e9k. Kiad\u00e1s \u00e9ve: 2002. Platform: Windows 98\/ME\/2000\/XP. Kivitel: ut\u00e1nkiad\u00e1s, n\u00e9met nyelv\u0171 j\u00e1t\u00e9k, csak a CD, \u00e1llapota: enyh\u00e9n-k\u00f6zepesen karcos (hajsz\u00e1lkarcok), tesztelt, m\u0171k\u00f6dik<\/p>\n","protected":false},"excerpt":{"rendered":"<p>Val\u00f3sidej\u0171 strat\u00e9giai j\u00e1t\u00e9k. Kiad\u00e1s \u00e9ve: 2002. Platform: Windows 98\/ME\/2000\/XP. Kivitel: ut\u00e1nkiad\u00e1s, n\u00e9met nyelv\u0171 j\u00e1t\u00e9k, csak a CD, \u00e1llapota: enyh\u00e9n-k\u00f6zepesen karcos (hajsz\u00e1lkarcok), tesztelt, m\u0171k\u00f6dik<\/p>\n","protected":false},"featured_media":61357,"comment_status":"open","ping_status":"closed","template":"","meta":{"_et_pb_use_builder":"","_et_pb_old_content":"","_et_gb_content_width":""},"product_brand":[],"product_cat":[155,43,47],"product_tag":[],"class_list":{"0":"post-61358","1":"product","2":"type-product","3":"status-publish","4":"has-post-thumbnail","6":"product_cat-jatekok","7":"product_cat-strategiai-jatek","8":"product_cat-valos-ideju-rts","9":"pa_allapot-hasznalt","10":"pa_kivitel-csak-a-lemezcddvdkazetta","11":"pa_nyelv-nemet","12":"pa_platform-pc-windows-2000","13":"pa_platform-pc-windows-98","14":"pa_platform-pc-windows-me","15":"pa_platform-pc_windows","17":"first","18":"instock","19":"shipping-taxable","20":"purchasable","21":"product-type-simple"},"_links":{"self":[{"href":"https:\/\/www.retro-games.hu\/index.php\/wp-json\/wp\/v2\/product\/61358","targetHints":{"allow":["GET"]}}],"collection":[{"href":"https:\/\/www.retro-games.hu\/index.php\/wp-json\/wp\/v2\/product"}],"about":[{"href":"https:\/\/www.retro-games.hu\/index.php\/wp-json\/wp\/v2\/types\/product"}],"replies":[{"embeddable":true,"href":"https:\/\/www.retro-games.hu\/index.php\/wp-json\/wp\/v2\/comments?post=61358"}],"wp:featuredmedia":[{"embeddable":true,"href":"https:\/\/www.retro-games.hu\/index.php\/wp-json\/wp\/v2\/media\/61357"}],"wp:attachment":[{"href":"https:\/\/www.retro-games.hu\/index.php\/wp-json\/wp\/v2\/media?parent=61358"}],"wp:term":[{"taxonomy":"product_brand","embeddable":true,"href":"https:\/\/www.retro-games.hu\/index.php\/wp-json\/wp\/v2\/product_brand?post=61358"},{"taxonomy":"product_cat","embeddable":true,"href":"https:\/\/www.retro-games.hu\/index.php\/wp-json\/wp\/v2\/product_cat?post=61358"},{"taxonomy":"product_tag","embeddable":true,"href":"https:\/\/www.retro-games.hu\/index.php\/wp-json\/wp\/v2\/product_tag?post=61358"}],"curies":[{"name":"wp","href":"https:\/\/api.w.org\/{rel}","templated":true}]}}