{"id":61398,"date":"2025-11-03T14:23:35","date_gmt":"2025-11-03T14:23:35","guid":{"rendered":"https:\/\/www.retro-games.hu\/index.php\/termek\/torins-passage\/"},"modified":"2025-11-03T14:23:36","modified_gmt":"2025-11-03T14:23:36","slug":"torins-passage","status":"publish","type":"product","link":"https:\/\/www.retro-games.hu\/index.php\/termek\/torins-passage\/","title":{"rendered":"Torin&#8217;s Passage"},"content":{"rendered":"<p>Klasszikus point &#8216;n click kalandj\u00e1t\u00e9k. Kiad\u00e1s \u00e9ve: 1995. Platform: PC &#8211; DOS \u00e9s Windows 3.x . Kivitel: cd tokos, ut\u00e1nkiad\u00e1s, bor\u00edt\u00f3k n\u00e9lk\u00fcl, eredeti cd, angol, n\u00e9met \u00e9s francia nyelv\u0171 j\u00e1t\u00e9k. CD \u00e1llapota: enyh\u00e9n-k\u00f6zepesen karcos (hajsz\u00e1lkarcok), tesztelt, m\u0171k\u00f6dik<\/p>\n","protected":false},"excerpt":{"rendered":"<p>Klasszikus point &#8216;n click kalandj\u00e1t\u00e9k. Kiad\u00e1s \u00e9ve: 1995. Platform: PC &#8211; DOS \u00e9s Windows 3.x . Kivitel: cd tokos, ut\u00e1nkiad\u00e1s, bor\u00edt\u00f3k n\u00e9lk\u00fcl, eredeti cd, angol, n\u00e9met \u00e9s francia nyelv\u0171 j\u00e1t\u00e9k. CD \u00e1llapota: enyh\u00e9n-k\u00f6zepesen karcos (hajsz\u00e1lkarcok), tesztelt, m\u0171k\u00f6dik<\/p>\n","protected":false},"featured_media":61397,"comment_status":"open","ping_status":"closed","template":"","meta":{"_et_pb_use_builder":"","_et_pb_old_content":"","_et_gb_content_width":""},"product_brand":[],"product_cat":[25,120,155],"product_tag":[],"class_list":{"0":"post-61398","1":"product","2":"type-product","3":"status-publish","4":"has-post-thumbnail","6":"product_cat-kaland","7":"product_cat-klasszikus-point-n-click","8":"product_cat-jatekok","9":"pa_allapot-hasznalt","10":"pa_kivitel-csak-a-lemezcddvdkazetta","11":"pa_nyelv-angol","12":"pa_nyelv-francia","13":"pa_nyelv-nemet","14":"pa_platform-pc_dos","15":"pa_platform-pc-windows-3-x","17":"first","18":"instock","19":"shipping-taxable","20":"purchasable","21":"product-type-simple"},"_links":{"self":[{"href":"https:\/\/www.retro-games.hu\/index.php\/wp-json\/wp\/v2\/product\/61398","targetHints":{"allow":["GET"]}}],"collection":[{"href":"https:\/\/www.retro-games.hu\/index.php\/wp-json\/wp\/v2\/product"}],"about":[{"href":"https:\/\/www.retro-games.hu\/index.php\/wp-json\/wp\/v2\/types\/product"}],"replies":[{"embeddable":true,"href":"https:\/\/www.retro-games.hu\/index.php\/wp-json\/wp\/v2\/comments?post=61398"}],"wp:featuredmedia":[{"embeddable":true,"href":"https:\/\/www.retro-games.hu\/index.php\/wp-json\/wp\/v2\/media\/61397"}],"wp:attachment":[{"href":"https:\/\/www.retro-games.hu\/index.php\/wp-json\/wp\/v2\/media?parent=61398"}],"wp:term":[{"taxonomy":"product_brand","embeddable":true,"href":"https:\/\/www.retro-games.hu\/index.php\/wp-json\/wp\/v2\/product_brand?post=61398"},{"taxonomy":"product_cat","embeddable":true,"href":"https:\/\/www.retro-games.hu\/index.php\/wp-json\/wp\/v2\/product_cat?post=61398"},{"taxonomy":"product_tag","embeddable":true,"href":"https:\/\/www.retro-games.hu\/index.php\/wp-json\/wp\/v2\/product_tag?post=61398"}],"curies":[{"name":"wp","href":"https:\/\/api.w.org\/{rel}","templated":true}]}}