{"id":61416,"date":"2025-11-03T14:24:07","date_gmt":"2025-11-03T14:24:07","guid":{"rendered":"https:\/\/www.retro-games.hu\/index.php\/termek\/the-untouchable\/"},"modified":"2025-11-03T14:24:08","modified_gmt":"2025-11-03T14:24:08","slug":"the-untouchable","status":"publish","type":"product","link":"https:\/\/www.retro-games.hu\/index.php\/termek\/the-untouchable\/","title":{"rendered":"The Untouchable"},"content":{"rendered":"<p>Vereked\u0151s j\u00e1t\u00e9k. Kiad\u00e1s \u00e9ve: 2000. Platform: Windows 95\/98. Kivitel: ut\u00e1nkiad\u00e1s, csak az eredeti cd, angol nyelv\u0171 j\u00e1t\u00e9k. CD \u00e1llapota: szinte karcmentes, tesztelt, m\u0171k\u00f6dik<\/p>\n","protected":false},"excerpt":{"rendered":"<p>Vereked\u0151s j\u00e1t\u00e9k. Kiad\u00e1s \u00e9ve: 2000. Platform: Windows 95\/98. Kivitel: ut\u00e1nkiad\u00e1s, csak az eredeti cd, angol nyelv\u0171 j\u00e1t\u00e9k. CD \u00e1llapota: szinte karcmentes, tesztelt, m\u0171k\u00f6dik<\/p>\n","protected":false},"featured_media":61415,"comment_status":"open","ping_status":"closed","template":"","meta":{"_et_pb_use_builder":"","_et_pb_old_content":"","_et_gb_content_width":""},"product_brand":[],"product_cat":[21,155,32],"product_tag":[],"class_list":{"0":"post-61416","1":"product","2":"type-product","3":"status-publish","4":"has-post-thumbnail","6":"product_cat-akcio","7":"product_cat-jatekok","8":"product_cat-verekedos-beat-em-up","9":"pa_allapot-hasznalt","10":"pa_kivitel-csak-a-lemezcddvdkazetta","11":"pa_nyelv-angol","12":"pa_platform-pc-windows-95","13":"pa_platform-pc-windows-98","15":"first","16":"instock","17":"shipping-taxable","18":"purchasable","19":"product-type-simple"},"_links":{"self":[{"href":"https:\/\/www.retro-games.hu\/index.php\/wp-json\/wp\/v2\/product\/61416","targetHints":{"allow":["GET"]}}],"collection":[{"href":"https:\/\/www.retro-games.hu\/index.php\/wp-json\/wp\/v2\/product"}],"about":[{"href":"https:\/\/www.retro-games.hu\/index.php\/wp-json\/wp\/v2\/types\/product"}],"replies":[{"embeddable":true,"href":"https:\/\/www.retro-games.hu\/index.php\/wp-json\/wp\/v2\/comments?post=61416"}],"wp:featuredmedia":[{"embeddable":true,"href":"https:\/\/www.retro-games.hu\/index.php\/wp-json\/wp\/v2\/media\/61415"}],"wp:attachment":[{"href":"https:\/\/www.retro-games.hu\/index.php\/wp-json\/wp\/v2\/media?parent=61416"}],"wp:term":[{"taxonomy":"product_brand","embeddable":true,"href":"https:\/\/www.retro-games.hu\/index.php\/wp-json\/wp\/v2\/product_brand?post=61416"},{"taxonomy":"product_cat","embeddable":true,"href":"https:\/\/www.retro-games.hu\/index.php\/wp-json\/wp\/v2\/product_cat?post=61416"},{"taxonomy":"product_tag","embeddable":true,"href":"https:\/\/www.retro-games.hu\/index.php\/wp-json\/wp\/v2\/product_tag?post=61416"}],"curies":[{"name":"wp","href":"https:\/\/api.w.org\/{rel}","templated":true}]}}