{"id":61420,"date":"2025-11-03T14:24:17","date_gmt":"2025-11-03T14:24:17","guid":{"rendered":"https:\/\/www.retro-games.hu\/index.php\/termek\/xtreme-space-games\/"},"modified":"2025-11-03T14:24:17","modified_gmt":"2025-11-03T14:24:17","slug":"xtreme-space-games","status":"publish","type":"product","link":"https:\/\/www.retro-games.hu\/index.php\/termek\/xtreme-space-games\/","title":{"rendered":"Xtreme Space Games"},"content":{"rendered":"<p>Kollekci\u00f3, 12 \u0171r t\u00e9m\u00e1j\u00fa j\u00e1t\u00e9k. Kiad\u00e1s \u00e9ve: 2000. Platform: Windows 95\/98\/2000. Kivitel: ut\u00e1nkiad\u00e1s kollekci\u00f3, csak az eredeti cd, angol nyelv\u0171 j\u00e1t\u00e9kok: Alien Armada, Astroship Evader, B.U.G.S,\u00a0 Blasteroids, Comet Busters, Lunar Defense, Moonshot 2.0., Neo Dragon, Roids, Smart Boxes, Star Child, Star Saber, SWARM. CD \u00e1llapota: enyh\u00e9n karcos (hajsz\u00e1lkarcok), tesztelt, m\u0171k\u00f6dik<\/p>\n","protected":false},"excerpt":{"rendered":"<p>Kollekci\u00f3, 12 \u0171r t\u00e9m\u00e1j\u00fa j\u00e1t\u00e9k. Kiad\u00e1s \u00e9ve: 2000. Platform: Windows 95\/98\/2000. Kivitel: ut\u00e1nkiad\u00e1s kollekci\u00f3, csak az eredeti cd, angol nyelv\u0171 j\u00e1t\u00e9kok: Alien Armada, Astroship Evader, B.U.G.S,\u00a0 Blasteroids, Comet Busters, Lunar Defense, Moonshot 2.0., Neo Dragon, Roids, Smart Boxes, Star Child, Star Saber, SWARM. CD \u00e1llapota: enyh\u00e9n karcos (hajsz\u00e1lkarcok), tesztelt, m\u0171k\u00f6dik<\/p>\n","protected":false},"featured_media":61419,"comment_status":"open","ping_status":"closed","template":"","meta":{"_et_pb_use_builder":"","_et_pb_old_content":"","_et_gb_content_width":""},"product_brand":[],"product_cat":[45,36,155],"product_tag":[],"class_list":{"0":"post-61420","1":"product","2":"type-product","3":"status-publish","4":"has-post-thumbnail","6":"product_cat-egyeb","7":"product_cat-osszeallitasok","8":"product_cat-jatekok","9":"pa_allapot-hasznalt","10":"pa_kivitel-csak-a-lemezcddvdkazetta","11":"pa_nyelv-angol","12":"pa_platform-pc_dos","14":"first","15":"instock","16":"shipping-taxable","17":"purchasable","18":"product-type-simple"},"_links":{"self":[{"href":"https:\/\/www.retro-games.hu\/index.php\/wp-json\/wp\/v2\/product\/61420","targetHints":{"allow":["GET"]}}],"collection":[{"href":"https:\/\/www.retro-games.hu\/index.php\/wp-json\/wp\/v2\/product"}],"about":[{"href":"https:\/\/www.retro-games.hu\/index.php\/wp-json\/wp\/v2\/types\/product"}],"replies":[{"embeddable":true,"href":"https:\/\/www.retro-games.hu\/index.php\/wp-json\/wp\/v2\/comments?post=61420"}],"wp:featuredmedia":[{"embeddable":true,"href":"https:\/\/www.retro-games.hu\/index.php\/wp-json\/wp\/v2\/media\/61419"}],"wp:attachment":[{"href":"https:\/\/www.retro-games.hu\/index.php\/wp-json\/wp\/v2\/media?parent=61420"}],"wp:term":[{"taxonomy":"product_brand","embeddable":true,"href":"https:\/\/www.retro-games.hu\/index.php\/wp-json\/wp\/v2\/product_brand?post=61420"},{"taxonomy":"product_cat","embeddable":true,"href":"https:\/\/www.retro-games.hu\/index.php\/wp-json\/wp\/v2\/product_cat?post=61420"},{"taxonomy":"product_tag","embeddable":true,"href":"https:\/\/www.retro-games.hu\/index.php\/wp-json\/wp\/v2\/product_tag?post=61420"}],"curies":[{"name":"wp","href":"https:\/\/api.w.org\/{rel}","templated":true}]}}