{"id":61444,"date":"2025-11-03T14:25:03","date_gmt":"2025-11-03T14:25:03","guid":{"rendered":"https:\/\/www.retro-games.hu\/index.php\/termek\/war-planets-age-of-chaos-armageddon-at-rock\/"},"modified":"2025-11-03T14:25:04","modified_gmt":"2025-11-03T14:25:04","slug":"war-planets-age-of-chaos-armageddon-at-rock","status":"publish","type":"product","link":"https:\/\/www.retro-games.hu\/index.php\/termek\/war-planets-age-of-chaos-armageddon-at-rock\/","title":{"rendered":"War Planets: Age of Chaos &#8211; Armageddon at Rock"},"content":{"rendered":"<p>Val\u00f3sidej\u0171 strat\u00e9giai j\u00e1t\u00e9k. Kiad\u00e1s \u00e9ve: 1997. Platform: DOS \u00e9s Windows 95. Kivitel: els\u0151 kiad\u00e1s, csak az eredeti cd, angol nyelv\u0171 j\u00e1t\u00e9k. Shareware verzi\u00f3, csak a Rock k\u00fcldet\u00e9seket tartalmazza. CD \u00e1llapota: enyh\u00e9n-k\u00f6zepesen karcos (hajsz\u00e1lkarcok), tesztelt, m\u0171k\u00f6dik.<\/p>\n","protected":false},"excerpt":{"rendered":"<p>Val\u00f3sidej\u0171 strat\u00e9giai j\u00e1t\u00e9k. Kiad\u00e1s \u00e9ve: 1997. Platform: DOS \u00e9s Windows 95. Kivitel: els\u0151 kiad\u00e1s, csak az eredeti cd, angol nyelv\u0171 j\u00e1t\u00e9k. Shareware verzi\u00f3, csak a Rock k\u00fcldet\u00e9seket tartalmazza. CD \u00e1llapota: enyh\u00e9n-k\u00f6zepesen karcos (hajsz\u00e1lkarcok), tesztelt, m\u0171k\u00f6dik.<\/p>\n","protected":false},"featured_media":61443,"comment_status":"open","ping_status":"closed","template":"","meta":{"_et_pb_use_builder":"","_et_pb_old_content":"","_et_gb_content_width":""},"product_brand":[],"product_cat":[155,43,47],"product_tag":[],"class_list":{"0":"post-61444","1":"product","2":"type-product","3":"status-publish","4":"has-post-thumbnail","6":"product_cat-jatekok","7":"product_cat-strategiai-jatek","8":"product_cat-valos-ideju-rts","9":"pa_allapot-hasznalt","10":"pa_kivitel-csak-a-lemezcddvdkazetta","11":"pa_nyelv-angol","12":"pa_platform-pc_dos","13":"pa_platform-pc-windows-95","15":"first","16":"instock","17":"shipping-taxable","18":"purchasable","19":"product-type-simple"},"_links":{"self":[{"href":"https:\/\/www.retro-games.hu\/index.php\/wp-json\/wp\/v2\/product\/61444","targetHints":{"allow":["GET"]}}],"collection":[{"href":"https:\/\/www.retro-games.hu\/index.php\/wp-json\/wp\/v2\/product"}],"about":[{"href":"https:\/\/www.retro-games.hu\/index.php\/wp-json\/wp\/v2\/types\/product"}],"replies":[{"embeddable":true,"href":"https:\/\/www.retro-games.hu\/index.php\/wp-json\/wp\/v2\/comments?post=61444"}],"wp:featuredmedia":[{"embeddable":true,"href":"https:\/\/www.retro-games.hu\/index.php\/wp-json\/wp\/v2\/media\/61443"}],"wp:attachment":[{"href":"https:\/\/www.retro-games.hu\/index.php\/wp-json\/wp\/v2\/media?parent=61444"}],"wp:term":[{"taxonomy":"product_brand","embeddable":true,"href":"https:\/\/www.retro-games.hu\/index.php\/wp-json\/wp\/v2\/product_brand?post=61444"},{"taxonomy":"product_cat","embeddable":true,"href":"https:\/\/www.retro-games.hu\/index.php\/wp-json\/wp\/v2\/product_cat?post=61444"},{"taxonomy":"product_tag","embeddable":true,"href":"https:\/\/www.retro-games.hu\/index.php\/wp-json\/wp\/v2\/product_tag?post=61444"}],"curies":[{"name":"wp","href":"https:\/\/api.w.org\/{rel}","templated":true}]}}