{"id":61460,"date":"2025-11-03T14:25:34","date_gmt":"2025-11-03T14:25:34","guid":{"rendered":"https:\/\/www.retro-games.hu\/index.php\/termek\/wing-commander-privateer-cd-rom-edition\/"},"modified":"2025-11-03T14:25:34","modified_gmt":"2025-11-03T14:25:34","slug":"wing-commander-privateer-cd-rom-edition","status":"publish","type":"product","link":"https:\/\/www.retro-games.hu\/index.php\/termek\/wing-commander-privateer-cd-rom-edition\/","title":{"rendered":"Wing Commander: Privateer &#8211; CD-ROM Edition"},"content":{"rendered":"<p>\u0170rbeli keresked\u00e9si szimul\u00e1tor. Gy\u0171jtem\u00e9nyes kiad\u00e1s, tartalma: Privateer: Righteous Fire + Wing Commander: Privateer + Speech Pack. Kiad\u00e1s \u00e9ve: 1994. Platform: DOS. Kivitel: els\u0151 kiad\u00e1s, csak az eredeti cd, angol nyelv\u0171 j\u00e1t\u00e9k. CD \u00e1llapota: enyh\u00e9n karcos (hajsz\u00e1lkarcok), tesztelt, m\u0171k\u00f6dik<\/p>\n","protected":false},"excerpt":{"rendered":"<p>\u0170rbeli keresked\u00e9si szimul\u00e1tor. Gy\u0171jtem\u00e9nyes kiad\u00e1s, tartalma: Privateer: Righteous Fire + Wing Commander: Privateer + Speech Pack. Kiad\u00e1s \u00e9ve: 1994. Platform: DOS. Kivitel: els\u0151 kiad\u00e1s, csak az eredeti cd, angol nyelv\u0171 j\u00e1t\u00e9k. CD \u00e1llapota: enyh\u00e9n karcos (hajsz\u00e1lkarcok), tesztelt, m\u0171k\u00f6dik<\/p>\n","protected":false},"featured_media":61459,"comment_status":"open","ping_status":"closed","template":"","meta":{"_et_pb_use_builder":"","_et_pb_old_content":"","_et_gb_content_width":""},"product_brand":[],"product_cat":[155,8,148],"product_tag":[],"class_list":{"0":"post-61460","1":"product","2":"type-product","3":"status-publish","4":"has-post-thumbnail","6":"product_cat-jatekok","7":"product_cat-szimulator","8":"product_cat-urbeli-kereskedos","9":"pa_allapot-hasznalt","10":"pa_kivitel-csak-a-lemezcddvdkazetta","11":"pa_nyelv-angol","12":"pa_platform-pc_dos","14":"first","15":"instock","16":"shipping-taxable","17":"purchasable","18":"product-type-simple"},"_links":{"self":[{"href":"https:\/\/www.retro-games.hu\/index.php\/wp-json\/wp\/v2\/product\/61460","targetHints":{"allow":["GET"]}}],"collection":[{"href":"https:\/\/www.retro-games.hu\/index.php\/wp-json\/wp\/v2\/product"}],"about":[{"href":"https:\/\/www.retro-games.hu\/index.php\/wp-json\/wp\/v2\/types\/product"}],"replies":[{"embeddable":true,"href":"https:\/\/www.retro-games.hu\/index.php\/wp-json\/wp\/v2\/comments?post=61460"}],"wp:featuredmedia":[{"embeddable":true,"href":"https:\/\/www.retro-games.hu\/index.php\/wp-json\/wp\/v2\/media\/61459"}],"wp:attachment":[{"href":"https:\/\/www.retro-games.hu\/index.php\/wp-json\/wp\/v2\/media?parent=61460"}],"wp:term":[{"taxonomy":"product_brand","embeddable":true,"href":"https:\/\/www.retro-games.hu\/index.php\/wp-json\/wp\/v2\/product_brand?post=61460"},{"taxonomy":"product_cat","embeddable":true,"href":"https:\/\/www.retro-games.hu\/index.php\/wp-json\/wp\/v2\/product_cat?post=61460"},{"taxonomy":"product_tag","embeddable":true,"href":"https:\/\/www.retro-games.hu\/index.php\/wp-json\/wp\/v2\/product_tag?post=61460"}],"curies":[{"name":"wp","href":"https:\/\/api.w.org\/{rel}","templated":true}]}}