{"id":61486,"date":"2025-11-03T14:26:28","date_gmt":"2025-11-03T14:26:28","guid":{"rendered":"https:\/\/www.retro-games.hu\/index.php\/termek\/assassins-creed-bonusz-dvd-uj-csak-a-bonusz-dvd-jatek-nelkul\/"},"modified":"2025-11-03T14:26:31","modified_gmt":"2025-11-03T14:26:31","slug":"assassins-creed-bonusz-dvd-uj-csak-a-bonusz-dvd-jatek-nelkul","status":"publish","type":"product","link":"https:\/\/www.retro-games.hu\/index.php\/termek\/assassins-creed-bonusz-dvd-uj-csak-a-bonusz-dvd-jatek-nelkul\/","title":{"rendered":"Assassin&#8217;s Creed b\u00f3nusz DVD (\u00faj) (csak a b\u00f3nusz DVD, j\u00e1t\u00e9k n\u00e9lk\u00fcl)"},"content":{"rendered":"<p>Trailerek, r\u00f6vid interj\u00fak, besz\u00e9lget\u00e9sek, j\u00e1t\u00e9kbemutat\u00f3k, h\u00e1tt\u00e9rk\u00e9pek az Assassins&#8217;s Creed els\u0151 r\u00e9sz\u00e9hez. \u00daj, bontatlan, f\u00f3li\u00e1s!<\/p>\n","protected":false},"excerpt":{"rendered":"<p>Trailerek, r\u00f6vid interj\u00fak, besz\u00e9lget\u00e9sek, j\u00e1t\u00e9kbemutat\u00f3k, h\u00e1tt\u00e9rk\u00e9pek az Assassins&#8217;s Creed els\u0151 r\u00e9sz\u00e9hez. \u00daj, bontatlan, f\u00f3li\u00e1s!<\/p>\n","protected":false},"featured_media":61485,"comment_status":"open","ping_status":"closed","template":"","meta":{"_et_pb_use_builder":"","_et_pb_old_content":"","_et_gb_content_width":""},"product_brand":[],"product_cat":[155,338],"product_tag":[],"class_list":{"0":"post-61486","1":"product","2":"type-product","3":"status-publish","4":"has-post-thumbnail","6":"product_cat-jatekok","7":"product_cat-promocios-anyagok","8":"pa_allapot-uj","9":"pa_kivitel-dvd-tokos","10":"pa_nyelv-angol","11":"pa_platform-bonusz-dvd","13":"first","14":"instock","15":"shipping-taxable","16":"purchasable","17":"product-type-simple"},"_links":{"self":[{"href":"https:\/\/www.retro-games.hu\/index.php\/wp-json\/wp\/v2\/product\/61486","targetHints":{"allow":["GET"]}}],"collection":[{"href":"https:\/\/www.retro-games.hu\/index.php\/wp-json\/wp\/v2\/product"}],"about":[{"href":"https:\/\/www.retro-games.hu\/index.php\/wp-json\/wp\/v2\/types\/product"}],"replies":[{"embeddable":true,"href":"https:\/\/www.retro-games.hu\/index.php\/wp-json\/wp\/v2\/comments?post=61486"}],"wp:featuredmedia":[{"embeddable":true,"href":"https:\/\/www.retro-games.hu\/index.php\/wp-json\/wp\/v2\/media\/61485"}],"wp:attachment":[{"href":"https:\/\/www.retro-games.hu\/index.php\/wp-json\/wp\/v2\/media?parent=61486"}],"wp:term":[{"taxonomy":"product_brand","embeddable":true,"href":"https:\/\/www.retro-games.hu\/index.php\/wp-json\/wp\/v2\/product_brand?post=61486"},{"taxonomy":"product_cat","embeddable":true,"href":"https:\/\/www.retro-games.hu\/index.php\/wp-json\/wp\/v2\/product_cat?post=61486"},{"taxonomy":"product_tag","embeddable":true,"href":"https:\/\/www.retro-games.hu\/index.php\/wp-json\/wp\/v2\/product_tag?post=61486"}],"curies":[{"name":"wp","href":"https:\/\/api.w.org\/{rel}","templated":true}]}}