{"id":61519,"date":"2025-11-03T14:27:41","date_gmt":"2025-11-03T14:27:41","guid":{"rendered":"https:\/\/www.retro-games.hu\/index.php\/termek\/bubajos-magusok-uj-schoolmates-past-to-present\/"},"modified":"2025-11-03T14:27:44","modified_gmt":"2025-11-03T14:27:44","slug":"bubajos-magusok-uj-schoolmates-past-to-present","status":"publish","type":"product","link":"https:\/\/www.retro-games.hu\/index.php\/termek\/bubajos-magusok-uj-schoolmates-past-to-present\/","title":{"rendered":"B\u0171b\u00e1jos m\u00e1gusok (\u00faj) (Schoolmates: Past to Present)"},"content":{"rendered":"<p>Akci\u00f3-kalandj\u00e1t\u00e9k minij\u00e1t\u00e9kokkal. Kiad\u00e1s \u00e9ve: 2011. Platform: Windows XP\/Vista. Kivitel: dvd tokos, els\u0151 kiad\u00e1s, magyar feliratos bor\u00edt\u00f3, eredeti dvd, magyar feliratos j\u00e1t\u00e9k. \u00daj, bontatlan, f\u00f3li\u00e1s<\/p>\n","protected":false},"excerpt":{"rendered":"<p>Akci\u00f3-kalandj\u00e1t\u00e9k minij\u00e1t\u00e9kokkal. Kiad\u00e1s \u00e9ve: 2011. Platform: Windows XP\/Vista. Kivitel: dvd tokos, els\u0151 kiad\u00e1s, magyar feliratos bor\u00edt\u00f3, eredeti dvd, magyar feliratos j\u00e1t\u00e9k. \u00daj, bontatlan, f\u00f3li\u00e1s<\/p>\n","protected":false},"featured_media":61518,"comment_status":"open","ping_status":"closed","template":"","meta":{"_et_pb_use_builder":"","_et_pb_old_content":"","_et_gb_content_width":""},"product_brand":[],"product_cat":[26,25,155],"product_tag":[],"class_list":{"0":"post-61519","1":"product","2":"type-product","3":"status-publish","4":"has-post-thumbnail","6":"product_cat-akcio-kalandjatek","7":"product_cat-kaland","8":"product_cat-jatekok","9":"pa_allapot-uj","10":"pa_kivitel-dvd-tokos","11":"pa_nyelv-magyar-feliratos","12":"pa_platform-pc-windows-vista","13":"pa_platform-pc_windows","15":"first","16":"instock","17":"shipping-taxable","18":"purchasable","19":"product-type-simple"},"_links":{"self":[{"href":"https:\/\/www.retro-games.hu\/index.php\/wp-json\/wp\/v2\/product\/61519","targetHints":{"allow":["GET"]}}],"collection":[{"href":"https:\/\/www.retro-games.hu\/index.php\/wp-json\/wp\/v2\/product"}],"about":[{"href":"https:\/\/www.retro-games.hu\/index.php\/wp-json\/wp\/v2\/types\/product"}],"replies":[{"embeddable":true,"href":"https:\/\/www.retro-games.hu\/index.php\/wp-json\/wp\/v2\/comments?post=61519"}],"wp:featuredmedia":[{"embeddable":true,"href":"https:\/\/www.retro-games.hu\/index.php\/wp-json\/wp\/v2\/media\/61518"}],"wp:attachment":[{"href":"https:\/\/www.retro-games.hu\/index.php\/wp-json\/wp\/v2\/media?parent=61519"}],"wp:term":[{"taxonomy":"product_brand","embeddable":true,"href":"https:\/\/www.retro-games.hu\/index.php\/wp-json\/wp\/v2\/product_brand?post=61519"},{"taxonomy":"product_cat","embeddable":true,"href":"https:\/\/www.retro-games.hu\/index.php\/wp-json\/wp\/v2\/product_cat?post=61519"},{"taxonomy":"product_tag","embeddable":true,"href":"https:\/\/www.retro-games.hu\/index.php\/wp-json\/wp\/v2\/product_tag?post=61519"}],"curies":[{"name":"wp","href":"https:\/\/api.w.org\/{rel}","templated":true}]}}