{"id":61534,"date":"2025-11-03T14:28:14","date_gmt":"2025-11-03T14:28:14","guid":{"rendered":"https:\/\/www.retro-games.hu\/index.php\/termek\/crusader-kings-ii-2-uj\/"},"modified":"2025-11-03T14:28:17","modified_gmt":"2025-11-03T14:28:17","slug":"crusader-kings-ii-2-uj","status":"publish","type":"product","link":"https:\/\/www.retro-games.hu\/index.php\/termek\/crusader-kings-ii-2-uj\/","title":{"rendered":"Crusader Kings II 2 (\u00faj)"},"content":{"rendered":"<p>\u00c1tfog\u00f3 (grand) strat\u00e9giai j\u00e1t\u00e9k. Kiad\u00e1s \u00e9ve: 2012. Platform: Windows XP\/Vista\/7. Kivitel: vastag dvd tokos, Premium Games kiad\u00e1s, magyar feliratos bor\u00edt\u00f3, magyar nyelv\u0171 r\u00f6vid \u00fatmutat\u00f3, eredeti dvd, angol nyelv\u0171 j\u00e1t\u00e9k. \u00daj, bontatlan, f\u00f3li\u00e1s! Figyelem: ingyenes Steam fi\u00f3k \u00e9s internetes aktiv\u00e1l\u00e1s sz\u00fcks\u00e9ges a haszn\u00e1lat\u00e1hoz. A k\u00f3d csak ezekben az orsz\u00e1gokban aktiv\u00e1lhat\u00f3: Magyarorsz\u00e1g, Lengyelorsz\u00e1g, Csehorsz\u00e1g, Szlov\u00e1kia.<\/p>\n","protected":false},"excerpt":{"rendered":"<p>\u00c1tfog\u00f3 (grand) strat\u00e9giai j\u00e1t\u00e9k. Kiad\u00e1s \u00e9ve: 2012. Platform: Windows XP\/Vista\/7. Kivitel: vastag dvd tokos, Premium Games kiad\u00e1s, magyar feliratos bor\u00edt\u00f3, magyar nyelv\u0171 r\u00f6vid \u00fatmutat\u00f3, eredeti dvd, angol nyelv\u0171 j\u00e1t\u00e9k. \u00daj, bontatlan, f\u00f3li\u00e1s! Figyelem: ingyenes Steam fi\u00f3k \u00e9s internetes aktiv\u00e1l\u00e1s sz\u00fcks\u00e9ges a haszn\u00e1lat\u00e1hoz. A k\u00f3d csak ezekben az orsz\u00e1gokban aktiv\u00e1lhat\u00f3: Magyarorsz\u00e1g, Lengyelorsz\u00e1g, Csehorsz\u00e1g, Szlov\u00e1kia.<\/p>\n","protected":false},"featured_media":61533,"comment_status":"open","ping_status":"closed","template":"","meta":{"_et_pb_use_builder":"","_et_pb_old_content":"","_et_gb_content_width":""},"product_brand":[],"product_cat":[135,155,43],"product_tag":[],"class_list":{"0":"post-61534","1":"product","2":"type-product","3":"status-publish","4":"has-post-thumbnail","6":"product_cat-atfogo-grand","7":"product_cat-jatekok","8":"product_cat-strategiai-jatek","9":"pa_allapot-uj","10":"pa_kivitel-vastag-dvd-tokos","11":"pa_nyelv-angol","12":"pa_platform-pc-windows-7","13":"pa_platform-pc-windows-vista","14":"pa_platform-pc_windows","16":"first","17":"instock","18":"shipping-taxable","19":"purchasable","20":"product-type-simple"},"_links":{"self":[{"href":"https:\/\/www.retro-games.hu\/index.php\/wp-json\/wp\/v2\/product\/61534","targetHints":{"allow":["GET"]}}],"collection":[{"href":"https:\/\/www.retro-games.hu\/index.php\/wp-json\/wp\/v2\/product"}],"about":[{"href":"https:\/\/www.retro-games.hu\/index.php\/wp-json\/wp\/v2\/types\/product"}],"replies":[{"embeddable":true,"href":"https:\/\/www.retro-games.hu\/index.php\/wp-json\/wp\/v2\/comments?post=61534"}],"wp:featuredmedia":[{"embeddable":true,"href":"https:\/\/www.retro-games.hu\/index.php\/wp-json\/wp\/v2\/media\/61533"}],"wp:attachment":[{"href":"https:\/\/www.retro-games.hu\/index.php\/wp-json\/wp\/v2\/media?parent=61534"}],"wp:term":[{"taxonomy":"product_brand","embeddable":true,"href":"https:\/\/www.retro-games.hu\/index.php\/wp-json\/wp\/v2\/product_brand?post=61534"},{"taxonomy":"product_cat","embeddable":true,"href":"https:\/\/www.retro-games.hu\/index.php\/wp-json\/wp\/v2\/product_cat?post=61534"},{"taxonomy":"product_tag","embeddable":true,"href":"https:\/\/www.retro-games.hu\/index.php\/wp-json\/wp\/v2\/product_tag?post=61534"}],"curies":[{"name":"wp","href":"https:\/\/api.w.org\/{rel}","templated":true}]}}