{"id":61570,"date":"2025-11-03T14:29:34","date_gmt":"2025-11-03T14:29:34","guid":{"rendered":"https:\/\/www.retro-games.hu\/index.php\/termek\/escape-dead-island-uj\/"},"modified":"2025-11-03T14:29:38","modified_gmt":"2025-11-03T14:29:38","slug":"escape-dead-island-uj","status":"publish","type":"product","link":"https:\/\/www.retro-games.hu\/index.php\/termek\/escape-dead-island-uj\/","title":{"rendered":"Escape Dead Island (\u00faj)"},"content":{"rendered":"<p>K\u00fcls\u0151 n\u00e9zetes l\u00f6v\u00f6ld\u00f6z\u0151s j\u00e1t\u00e9k. Kiad\u00e1s \u00e9ve: 2014. Platform: Windows Vista\/7. Kivitel: dvd tokos, els\u0151 kiad\u00e1s, magyar\/cseh\/lengyel feliratos bor\u00edt\u00f3, eredeti dvd, angol \u00e9s lengyel nyelv\u0171 j\u00e1t\u00e9k. \u00daj, bontatlan, f\u00f3li\u00e1s! Figyelem: a term\u00e9k aktiv\u00e1l\u00e1s\u00e1hoz internetkapcsolat \u00e9s Steam-fi\u00f3k sz\u00fcks\u00e9ges!<\/p>\n","protected":false},"excerpt":{"rendered":"<p>K\u00fcls\u0151 n\u00e9zetes l\u00f6v\u00f6ld\u00f6z\u0151s j\u00e1t\u00e9k. Kiad\u00e1s \u00e9ve: 2014. Platform: Windows Vista\/7. Kivitel: dvd tokos, els\u0151 kiad\u00e1s, magyar\/cseh\/lengyel feliratos bor\u00edt\u00f3, eredeti dvd, angol \u00e9s lengyel nyelv\u0171 j\u00e1t\u00e9k. \u00daj, bontatlan, f\u00f3li\u00e1s! Figyelem: a term\u00e9k aktiv\u00e1l\u00e1s\u00e1hoz internetkapcsolat \u00e9s Steam-fi\u00f3k sz\u00fcks\u00e9ges!<\/p>\n","protected":false},"featured_media":61569,"comment_status":"open","ping_status":"closed","template":"","meta":{"_et_pb_use_builder":"","_et_pb_old_content":"","_et_gb_content_width":""},"product_brand":[],"product_cat":[21,39,155],"product_tag":[],"class_list":{"0":"post-61570","1":"product","2":"type-product","3":"status-publish","4":"has-post-thumbnail","6":"product_cat-akcio","7":"product_cat-kulso-nezetu-lovoldozos","8":"product_cat-jatekok","9":"pa_allapot-uj","10":"pa_kivitel-dvd-tokos","11":"pa_nyelv-angol","12":"pa_nyelv-lengyel","13":"pa_platform-pc-windows-7","14":"pa_platform-pc-windows-vista","16":"first","17":"instock","18":"shipping-taxable","19":"purchasable","20":"product-type-simple"},"_links":{"self":[{"href":"https:\/\/www.retro-games.hu\/index.php\/wp-json\/wp\/v2\/product\/61570","targetHints":{"allow":["GET"]}}],"collection":[{"href":"https:\/\/www.retro-games.hu\/index.php\/wp-json\/wp\/v2\/product"}],"about":[{"href":"https:\/\/www.retro-games.hu\/index.php\/wp-json\/wp\/v2\/types\/product"}],"replies":[{"embeddable":true,"href":"https:\/\/www.retro-games.hu\/index.php\/wp-json\/wp\/v2\/comments?post=61570"}],"wp:featuredmedia":[{"embeddable":true,"href":"https:\/\/www.retro-games.hu\/index.php\/wp-json\/wp\/v2\/media\/61569"}],"wp:attachment":[{"href":"https:\/\/www.retro-games.hu\/index.php\/wp-json\/wp\/v2\/media?parent=61570"}],"wp:term":[{"taxonomy":"product_brand","embeddable":true,"href":"https:\/\/www.retro-games.hu\/index.php\/wp-json\/wp\/v2\/product_brand?post=61570"},{"taxonomy":"product_cat","embeddable":true,"href":"https:\/\/www.retro-games.hu\/index.php\/wp-json\/wp\/v2\/product_cat?post=61570"},{"taxonomy":"product_tag","embeddable":true,"href":"https:\/\/www.retro-games.hu\/index.php\/wp-json\/wp\/v2\/product_tag?post=61570"}],"curies":[{"name":"wp","href":"https:\/\/api.w.org\/{rel}","templated":true}]}}