{"id":61579,"date":"2025-11-03T14:29:55","date_gmt":"2025-11-03T14:29:55","guid":{"rendered":"https:\/\/www.retro-games.hu\/index.php\/termek\/the-first-templar-special-edition-uj\/"},"modified":"2025-11-03T14:29:58","modified_gmt":"2025-11-03T14:29:58","slug":"the-first-templar-special-edition-uj","status":"publish","type":"product","link":"https:\/\/www.retro-games.hu\/index.php\/termek\/the-first-templar-special-edition-uj\/","title":{"rendered":"The First Templar Special Edition (\u00faj)"},"content":{"rendered":"<p>K\u00fcls\u0151 n\u00e9zetes hack n slash j\u00e1t\u00e9k (The Arena DLC is). Kiad\u00e1s \u00e9ve: 2011. Platform: Windows XP\/Vista\/7. Kivitel: kinyithat\u00f3 kartontokos dvd tokos, els\u0151  kiad\u00e1s, angol feliratos bor\u00edt\u00f3, angol nyelv\u0171 pap\u00edrk\u00e9zik\u00f6nyv, poszter (+ a j\u00e1t\u00e9k zen\u00e9je k\u00fcl\u00f6n let\u00f6lthet\u0151), eredeti dvd, angol nyelv\u0171 j\u00e1t\u00e9k. \u00daj, bontatlan, f\u00f3li\u00e1s! Figyelem: internetes aktiv\u00e1l\u00e1st ig\u00e9nyel.<\/p>\n","protected":false},"excerpt":{"rendered":"<p>K\u00fcls\u0151 n\u00e9zetes hack n slash j\u00e1t\u00e9k (The Arena DLC is). Kiad\u00e1s \u00e9ve: 2011. Platform: Windows XP\/Vista\/7. Kivitel: kinyithat\u00f3 kartontokos dvd tokos, els\u0151 kiad\u00e1s, angol feliratos bor\u00edt\u00f3, angol nyelv\u0171 pap\u00edrk\u00e9zik\u00f6nyv, poszter (+ a j\u00e1t\u00e9k zen\u00e9je k\u00fcl\u00f6n let\u00f6lthet\u0151), eredeti dvd, angol nyelv\u0171 j\u00e1t\u00e9k. \u00daj, bontatlan, f\u00f3li\u00e1s! Figyelem: internetes aktiv\u00e1l\u00e1st ig\u00e9nyel.<\/p>\n","protected":false},"featured_media":61578,"comment_status":"open","ping_status":"closed","template":"","meta":{"_et_pb_use_builder":"","_et_pb_old_content":"","_et_gb_content_width":""},"product_brand":[],"product_cat":[21,296,155],"product_tag":[],"class_list":{"0":"post-61579","1":"product","2":"type-product","3":"status-publish","4":"has-post-thumbnail","6":"product_cat-akcio","7":"product_cat-hack-n-slash","8":"product_cat-jatekok","9":"pa_allapot-uj","10":"pa_kivitel-dvd-tokos","11":"pa_nyelv-angol","12":"pa_platform-pc-windows-7","13":"pa_platform-pc-windows-vista","14":"pa_platform-pc_windows","16":"first","17":"instock","18":"shipping-taxable","19":"purchasable","20":"product-type-simple"},"_links":{"self":[{"href":"https:\/\/www.retro-games.hu\/index.php\/wp-json\/wp\/v2\/product\/61579","targetHints":{"allow":["GET"]}}],"collection":[{"href":"https:\/\/www.retro-games.hu\/index.php\/wp-json\/wp\/v2\/product"}],"about":[{"href":"https:\/\/www.retro-games.hu\/index.php\/wp-json\/wp\/v2\/types\/product"}],"replies":[{"embeddable":true,"href":"https:\/\/www.retro-games.hu\/index.php\/wp-json\/wp\/v2\/comments?post=61579"}],"wp:featuredmedia":[{"embeddable":true,"href":"https:\/\/www.retro-games.hu\/index.php\/wp-json\/wp\/v2\/media\/61578"}],"wp:attachment":[{"href":"https:\/\/www.retro-games.hu\/index.php\/wp-json\/wp\/v2\/media?parent=61579"}],"wp:term":[{"taxonomy":"product_brand","embeddable":true,"href":"https:\/\/www.retro-games.hu\/index.php\/wp-json\/wp\/v2\/product_brand?post=61579"},{"taxonomy":"product_cat","embeddable":true,"href":"https:\/\/www.retro-games.hu\/index.php\/wp-json\/wp\/v2\/product_cat?post=61579"},{"taxonomy":"product_tag","embeddable":true,"href":"https:\/\/www.retro-games.hu\/index.php\/wp-json\/wp\/v2\/product_tag?post=61579"}],"curies":[{"name":"wp","href":"https:\/\/api.w.org\/{rel}","templated":true}]}}