{"id":61615,"date":"2025-11-03T14:31:32","date_gmt":"2025-11-03T14:31:32","guid":{"rendered":"https:\/\/www.retro-games.hu\/index.php\/termek\/hunted-the-demons-forge-uj\/"},"modified":"2025-11-03T14:31:36","modified_gmt":"2025-11-03T14:31:36","slug":"hunted-the-demons-forge-uj","status":"publish","type":"product","link":"https:\/\/www.retro-games.hu\/index.php\/termek\/hunted-the-demons-forge-uj\/","title":{"rendered":"Hunted: The Demon&#8217;s Forge (\u00faj)"},"content":{"rendered":"<p>K\u00fcls\u0151 n\u00e9zetes akci\u00f3j\u00e1t\u00e9k. Kiad\u00e1s \u00e9ve: 2011. Platform: Windows XP\/Vista\/7. Kivitel: dvd tokos, Gamemania kiad\u00e1s, r\u00f6vid magyar nyelv\u0171 \u00fatmutat\u00f3, magyar feliratos bor\u00edt\u00f3, eredeti dvd, angol \u00e9s cseh\/lengyel nyelv\u0171 j\u00e1t\u00e9k. \u00daj, bontatlan, f\u00f3li\u00e1s!<\/p>\n","protected":false},"excerpt":{"rendered":"<p>K\u00fcls\u0151 n\u00e9zetes akci\u00f3j\u00e1t\u00e9k. Kiad\u00e1s \u00e9ve: 2011. Platform: Windows XP\/Vista\/7. Kivitel: dvd tokos, Gamemania kiad\u00e1s, r\u00f6vid magyar nyelv\u0171 \u00fatmutat\u00f3, magyar feliratos bor\u00edt\u00f3, eredeti dvd, angol \u00e9s cseh\/lengyel nyelv\u0171 j\u00e1t\u00e9k. \u00daj, bontatlan, f\u00f3li\u00e1s!<\/p>\n","protected":false},"featured_media":61614,"comment_status":"open","ping_status":"closed","template":"","meta":{"_et_pb_use_builder":"","_et_pb_old_content":"","_et_gb_content_width":""},"product_brand":[],"product_cat":[21,39,155],"product_tag":[],"class_list":{"0":"post-61615","1":"product","2":"type-product","3":"status-publish","4":"has-post-thumbnail","6":"product_cat-akcio","7":"product_cat-kulso-nezetu-lovoldozos","8":"product_cat-jatekok","9":"pa_allapot-uj","10":"pa_kivitel-dvd-tokos","11":"pa_nyelv-angol","12":"pa_nyelv-cseh","13":"pa_nyelv-lengyel","14":"pa_platform-pc-windows-7","15":"pa_platform-pc-windows-vista","16":"pa_platform-pc_windows","18":"first","19":"instock","20":"shipping-taxable","21":"purchasable","22":"product-type-simple"},"_links":{"self":[{"href":"https:\/\/www.retro-games.hu\/index.php\/wp-json\/wp\/v2\/product\/61615","targetHints":{"allow":["GET"]}}],"collection":[{"href":"https:\/\/www.retro-games.hu\/index.php\/wp-json\/wp\/v2\/product"}],"about":[{"href":"https:\/\/www.retro-games.hu\/index.php\/wp-json\/wp\/v2\/types\/product"}],"replies":[{"embeddable":true,"href":"https:\/\/www.retro-games.hu\/index.php\/wp-json\/wp\/v2\/comments?post=61615"}],"wp:featuredmedia":[{"embeddable":true,"href":"https:\/\/www.retro-games.hu\/index.php\/wp-json\/wp\/v2\/media\/61614"}],"wp:attachment":[{"href":"https:\/\/www.retro-games.hu\/index.php\/wp-json\/wp\/v2\/media?parent=61615"}],"wp:term":[{"taxonomy":"product_brand","embeddable":true,"href":"https:\/\/www.retro-games.hu\/index.php\/wp-json\/wp\/v2\/product_brand?post=61615"},{"taxonomy":"product_cat","embeddable":true,"href":"https:\/\/www.retro-games.hu\/index.php\/wp-json\/wp\/v2\/product_cat?post=61615"},{"taxonomy":"product_tag","embeddable":true,"href":"https:\/\/www.retro-games.hu\/index.php\/wp-json\/wp\/v2\/product_tag?post=61615"}],"curies":[{"name":"wp","href":"https:\/\/api.w.org\/{rel}","templated":true}]}}