{"id":61621,"date":"2025-11-03T14:31:46","date_gmt":"2025-11-03T14:31:46","guid":{"rendered":"https:\/\/www.retro-games.hu\/index.php\/termek\/jet-storm-modern-kozelharcok-jetfighter-2015-uj\/"},"modified":"2025-11-03T14:31:50","modified_gmt":"2025-11-03T14:31:50","slug":"jet-storm-modern-kozelharcok-jetfighter-2015-uj","status":"publish","type":"product","link":"https:\/\/www.retro-games.hu\/index.php\/termek\/jet-storm-modern-kozelharcok-jetfighter-2015-uj\/","title":{"rendered":"Jet Storm: Modern k\u00f6zelharcok (JetFighter 2015) (\u00faj)"},"content":{"rendered":"<p>\u00c1rk\u00e1d rep\u00fcl\u0151szimul\u00e1tor. Kiad\u00e1s \u00e9ve: 2005. Platform: Windows 98\/ME\/2000\/XP. Kivitel: dvd tokos, Cool Games Premiere kiad\u00e1s, magyar feliratos bor\u00edt\u00f3, eredeti cd, r\u00f6vid magyar nyelv\u0171 \u00fatmutat\u00f3, magyar feliratos j\u00e1t\u00e9k. \u00daj, bontatlan, f\u00f3li\u00e1s!<\/p>\n","protected":false},"excerpt":{"rendered":"<p>\u00c1rk\u00e1d rep\u00fcl\u0151szimul\u00e1tor. Kiad\u00e1s \u00e9ve: 2005. Platform: Windows 98\/ME\/2000\/XP. Kivitel: dvd tokos, Cool Games Premiere kiad\u00e1s, magyar feliratos bor\u00edt\u00f3, eredeti cd, r\u00f6vid magyar nyelv\u0171 \u00fatmutat\u00f3, magyar feliratos j\u00e1t\u00e9k. \u00daj, bontatlan, f\u00f3li\u00e1s!<\/p>\n","protected":false},"featured_media":61620,"comment_status":"open","ping_status":"closed","template":"","meta":{"_et_pb_use_builder":"","_et_pb_old_content":"","_et_gb_content_width":""},"product_brand":[],"product_cat":[11,155,9,8],"product_tag":[],"class_list":{"0":"post-61621","1":"product","2":"type-product","3":"status-publish","4":"has-post-thumbnail","6":"product_cat-harci","7":"product_cat-jatekok","8":"product_cat-repulogep-szimulator-szimulator","9":"product_cat-szimulator","10":"pa_allapot-uj","11":"pa_kivitel-dvd-tokos","12":"pa_nyelv-magyar-feliratos","13":"pa_platform-pc-windows-2000","14":"pa_platform-pc-windows-98","15":"pa_platform-pc-windows-me","16":"pa_platform-pc_windows","18":"first","19":"instock","20":"shipping-taxable","21":"purchasable","22":"product-type-simple"},"_links":{"self":[{"href":"https:\/\/www.retro-games.hu\/index.php\/wp-json\/wp\/v2\/product\/61621","targetHints":{"allow":["GET"]}}],"collection":[{"href":"https:\/\/www.retro-games.hu\/index.php\/wp-json\/wp\/v2\/product"}],"about":[{"href":"https:\/\/www.retro-games.hu\/index.php\/wp-json\/wp\/v2\/types\/product"}],"replies":[{"embeddable":true,"href":"https:\/\/www.retro-games.hu\/index.php\/wp-json\/wp\/v2\/comments?post=61621"}],"wp:featuredmedia":[{"embeddable":true,"href":"https:\/\/www.retro-games.hu\/index.php\/wp-json\/wp\/v2\/media\/61620"}],"wp:attachment":[{"href":"https:\/\/www.retro-games.hu\/index.php\/wp-json\/wp\/v2\/media?parent=61621"}],"wp:term":[{"taxonomy":"product_brand","embeddable":true,"href":"https:\/\/www.retro-games.hu\/index.php\/wp-json\/wp\/v2\/product_brand?post=61621"},{"taxonomy":"product_cat","embeddable":true,"href":"https:\/\/www.retro-games.hu\/index.php\/wp-json\/wp\/v2\/product_cat?post=61621"},{"taxonomy":"product_tag","embeddable":true,"href":"https:\/\/www.retro-games.hu\/index.php\/wp-json\/wp\/v2\/product_tag?post=61621"}],"curies":[{"name":"wp","href":"https:\/\/api.w.org\/{rel}","templated":true}]}}