{"id":61639,"date":"2025-11-03T14:32:30","date_gmt":"2025-11-03T14:32:30","guid":{"rendered":"https:\/\/www.retro-games.hu\/index.php\/termek\/jatekzene-might-magic-heroes-vi-jatek-nelkul-uj\/"},"modified":"2025-11-03T14:32:34","modified_gmt":"2025-11-03T14:32:34","slug":"jatekzene-might-magic-heroes-vi-jatek-nelkul-uj","status":"publish","type":"product","link":"https:\/\/www.retro-games.hu\/index.php\/termek\/jatekzene-might-magic-heroes-vi-jatek-nelkul-uj\/","title":{"rendered":"J\u00e1t\u00e9kzene &#8211; Might &#038; Magic Heroes VI (j\u00e1t\u00e9k n\u00e9lk\u00fcl!) (\u00faj)"},"content":{"rendered":"<p>A Might &amp; Magic Heroes VI j\u00e1t\u00e9k zen\u00e9i egy CD-n. J\u00e1t\u00e9kot NEM tartalmaz a tok! \u00daj, f\u00f3li\u00e1s.<\/p>\n","protected":false},"excerpt":{"rendered":"<p>A Might &amp; Magic Heroes VI j\u00e1t\u00e9k zen\u00e9i egy CD-n. J\u00e1t\u00e9kot NEM tartalmaz a tok! \u00daj, f\u00f3li\u00e1s.<\/p>\n","protected":false},"featured_media":61638,"comment_status":"open","ping_status":"closed","template":"","meta":{"_et_pb_use_builder":"","_et_pb_old_content":"","_et_gb_content_width":""},"product_brand":[],"product_cat":[139],"product_tag":[],"class_list":{"0":"post-61639","1":"product","2":"type-product","3":"status-publish","4":"has-post-thumbnail","6":"product_cat-zene-cd-jatek-soundtrack","7":"pa_allapot-uj","8":"pa_kivitel-dvd-tokos","9":"pa_platform-zene-cd","11":"first","12":"instock","13":"shipping-taxable","14":"purchasable","15":"product-type-simple"},"_links":{"self":[{"href":"https:\/\/www.retro-games.hu\/index.php\/wp-json\/wp\/v2\/product\/61639","targetHints":{"allow":["GET"]}}],"collection":[{"href":"https:\/\/www.retro-games.hu\/index.php\/wp-json\/wp\/v2\/product"}],"about":[{"href":"https:\/\/www.retro-games.hu\/index.php\/wp-json\/wp\/v2\/types\/product"}],"replies":[{"embeddable":true,"href":"https:\/\/www.retro-games.hu\/index.php\/wp-json\/wp\/v2\/comments?post=61639"}],"wp:featuredmedia":[{"embeddable":true,"href":"https:\/\/www.retro-games.hu\/index.php\/wp-json\/wp\/v2\/media\/61638"}],"wp:attachment":[{"href":"https:\/\/www.retro-games.hu\/index.php\/wp-json\/wp\/v2\/media?parent=61639"}],"wp:term":[{"taxonomy":"product_brand","embeddable":true,"href":"https:\/\/www.retro-games.hu\/index.php\/wp-json\/wp\/v2\/product_brand?post=61639"},{"taxonomy":"product_cat","embeddable":true,"href":"https:\/\/www.retro-games.hu\/index.php\/wp-json\/wp\/v2\/product_cat?post=61639"},{"taxonomy":"product_tag","embeddable":true,"href":"https:\/\/www.retro-games.hu\/index.php\/wp-json\/wp\/v2\/product_tag?post=61639"}],"curies":[{"name":"wp","href":"https:\/\/api.w.org\/{rel}","templated":true}]}}