{"id":61645,"date":"2025-11-03T14:32:43","date_gmt":"2025-11-03T14:32:43","guid":{"rendered":"https:\/\/www.retro-games.hu\/index.php\/termek\/painkiller-limited-black-edition-2012-battle-out-of-hell-is-benne-uj\/"},"modified":"2025-11-03T14:32:49","modified_gmt":"2025-11-03T14:32:49","slug":"painkiller-limited-black-edition-2012-battle-out-of-hell-is-benne-uj","status":"publish","type":"product","link":"https:\/\/www.retro-games.hu\/index.php\/termek\/painkiller-limited-black-edition-2012-battle-out-of-hell-is-benne-uj\/","title":{"rendered":"Painkiller: Limited Black Edition 2012 (Battle Out of Hell is benne) (\u00faj)"},"content":{"rendered":"<p>Bels\u0151 n\u00e9zetes l\u00f6v\u00f6ld\u00f6z\u0151s j\u00e1t\u00e9k (FPS). Kiad\u00e1s \u00e9ve: 2012. Platform: Windows ME\/2000\/XP\/7. Kivitel: dvd tokos, els\u0151 kiad\u00e1s pap\u00edrtokban, angol feliratos bor\u00edt\u00f3, poszter, eredeti dvd, angol, francia, n\u00e9met, olasz, spanyol nyelv\u0171 j\u00e1t\u00e9k. \u00daj, bontatlan, f\u00f3li\u00e1s!<\/p>\n","protected":false},"excerpt":{"rendered":"<p>Bels\u0151 n\u00e9zetes l\u00f6v\u00f6ld\u00f6z\u0151s j\u00e1t\u00e9k (FPS). Kiad\u00e1s \u00e9ve: 2012. Platform: Windows ME\/2000\/XP\/7. Kivitel: dvd tokos, els\u0151 kiad\u00e1s pap\u00edrtokban, angol feliratos bor\u00edt\u00f3, poszter, eredeti dvd, angol, francia, n\u00e9met, olasz, spanyol nyelv\u0171 j\u00e1t\u00e9k. \u00daj, bontatlan, f\u00f3li\u00e1s!<\/p>\n","protected":false},"featured_media":61644,"comment_status":"open","ping_status":"closed","template":"","meta":{"_et_pb_use_builder":"","_et_pb_old_content":"","_et_gb_content_width":""},"product_brand":[],"product_cat":[21,22,155],"product_tag":[],"class_list":{"0":"post-61645","1":"product","2":"type-product","3":"status-publish","4":"has-post-thumbnail","6":"product_cat-akcio","7":"product_cat-belso-nezetes-lovoldozos-fps","8":"product_cat-jatekok","9":"pa_allapot-uj","10":"pa_kivitel-dvd-tokos","11":"pa_nyelv-angol","12":"pa_nyelv-francia","13":"pa_nyelv-nemet","14":"pa_nyelv-olasz","15":"pa_nyelv-spanyol","16":"pa_platform-pc-windows-2000","17":"pa_platform-pc-windows-7","18":"pa_platform-pc-windows-me","19":"pa_platform-pc_windows","21":"first","22":"instock","23":"shipping-taxable","24":"purchasable","25":"product-type-simple"},"_links":{"self":[{"href":"https:\/\/www.retro-games.hu\/index.php\/wp-json\/wp\/v2\/product\/61645","targetHints":{"allow":["GET"]}}],"collection":[{"href":"https:\/\/www.retro-games.hu\/index.php\/wp-json\/wp\/v2\/product"}],"about":[{"href":"https:\/\/www.retro-games.hu\/index.php\/wp-json\/wp\/v2\/types\/product"}],"replies":[{"embeddable":true,"href":"https:\/\/www.retro-games.hu\/index.php\/wp-json\/wp\/v2\/comments?post=61645"}],"wp:featuredmedia":[{"embeddable":true,"href":"https:\/\/www.retro-games.hu\/index.php\/wp-json\/wp\/v2\/media\/61644"}],"wp:attachment":[{"href":"https:\/\/www.retro-games.hu\/index.php\/wp-json\/wp\/v2\/media?parent=61645"}],"wp:term":[{"taxonomy":"product_brand","embeddable":true,"href":"https:\/\/www.retro-games.hu\/index.php\/wp-json\/wp\/v2\/product_brand?post=61645"},{"taxonomy":"product_cat","embeddable":true,"href":"https:\/\/www.retro-games.hu\/index.php\/wp-json\/wp\/v2\/product_cat?post=61645"},{"taxonomy":"product_tag","embeddable":true,"href":"https:\/\/www.retro-games.hu\/index.php\/wp-json\/wp\/v2\/product_tag?post=61645"}],"curies":[{"name":"wp","href":"https:\/\/api.w.org\/{rel}","templated":true}]}}