{"id":61681,"date":"2025-11-03T14:34:14","date_gmt":"2025-11-03T14:34:14","guid":{"rendered":"https:\/\/www.retro-games.hu\/index.php\/termek\/the-raven-legacy-of-a-master-thief-uj\/"},"modified":"2025-11-03T14:34:18","modified_gmt":"2025-11-03T14:34:18","slug":"the-raven-legacy-of-a-master-thief-uj","status":"publish","type":"product","link":"https:\/\/www.retro-games.hu\/index.php\/termek\/the-raven-legacy-of-a-master-thief-uj\/","title":{"rendered":"The Raven: Legacy of a Master Thief (\u00faj)"},"content":{"rendered":"<p>Rejtv\u00e9nymegold\u00f3, nyomoz\u00f3s kalandj\u00e1t\u00e9k. Kiad\u00e1s \u00e9ve: 2013. Platform: PC &#8211; Windows XP\/Vista\/7, Apple\/Power Macintosh, Linux. Kivitel: dvd tokos, els\u0151 kiad\u00e1s, angol feliratos bor\u00edt\u00f3, angol nyelv\u0171 pap\u00edrk\u00e9zik\u00f6nyv, eredeti DVD, angol nyelv\u0171 j\u00e1t\u00e9k. \u00daj, bontatlan, f\u00f3li\u00e1s!<\/p>\n","protected":false},"excerpt":{"rendered":"<p>Rejtv\u00e9nymegold\u00f3, nyomoz\u00f3s kalandj\u00e1t\u00e9k. Kiad\u00e1s \u00e9ve: 2013. Platform: PC &#8211; Windows XP\/Vista\/7, Apple\/Power Macintosh, Linux. Kivitel: dvd tokos, els\u0151 kiad\u00e1s, angol feliratos bor\u00edt\u00f3, angol nyelv\u0171 pap\u00edrk\u00e9zik\u00f6nyv, eredeti DVD, angol nyelv\u0171 j\u00e1t\u00e9k. \u00daj, bontatlan, f\u00f3li\u00e1s!<\/p>\n","protected":false},"featured_media":61680,"comment_status":"open","ping_status":"closed","template":"","meta":{"_et_pb_use_builder":"","_et_pb_old_content":"","_et_gb_content_width":""},"product_brand":[],"product_cat":[25,155,114],"product_tag":[],"class_list":{"0":"post-61681","1":"product","2":"type-product","3":"status-publish","4":"has-post-thumbnail","6":"product_cat-kaland","7":"product_cat-jatekok","8":"product_cat-rejtvenymegoldo","9":"pa_allapot-uj","10":"pa_kivitel-dvd-tokos","11":"pa_nyelv-angol","12":"pa_platform-applepower-macintosh","13":"pa_platform-pc-linux","14":"pa_platform-pc-windows-7","15":"pa_platform-pc-windows-vista","16":"pa_platform-pc_windows","18":"first","19":"instock","20":"shipping-taxable","21":"purchasable","22":"product-type-simple"},"_links":{"self":[{"href":"https:\/\/www.retro-games.hu\/index.php\/wp-json\/wp\/v2\/product\/61681","targetHints":{"allow":["GET"]}}],"collection":[{"href":"https:\/\/www.retro-games.hu\/index.php\/wp-json\/wp\/v2\/product"}],"about":[{"href":"https:\/\/www.retro-games.hu\/index.php\/wp-json\/wp\/v2\/types\/product"}],"replies":[{"embeddable":true,"href":"https:\/\/www.retro-games.hu\/index.php\/wp-json\/wp\/v2\/comments?post=61681"}],"wp:featuredmedia":[{"embeddable":true,"href":"https:\/\/www.retro-games.hu\/index.php\/wp-json\/wp\/v2\/media\/61680"}],"wp:attachment":[{"href":"https:\/\/www.retro-games.hu\/index.php\/wp-json\/wp\/v2\/media?parent=61681"}],"wp:term":[{"taxonomy":"product_brand","embeddable":true,"href":"https:\/\/www.retro-games.hu\/index.php\/wp-json\/wp\/v2\/product_brand?post=61681"},{"taxonomy":"product_cat","embeddable":true,"href":"https:\/\/www.retro-games.hu\/index.php\/wp-json\/wp\/v2\/product_cat?post=61681"},{"taxonomy":"product_tag","embeddable":true,"href":"https:\/\/www.retro-games.hu\/index.php\/wp-json\/wp\/v2\/product_tag?post=61681"}],"curies":[{"name":"wp","href":"https:\/\/api.w.org\/{rel}","templated":true}]}}