{"id":61705,"date":"2025-11-03T14:35:13","date_gmt":"2025-11-03T14:35:13","guid":{"rendered":"https:\/\/www.retro-games.hu\/index.php\/termek\/shadowbane-uj\/"},"modified":"2025-11-03T14:35:17","modified_gmt":"2025-11-03T14:35:17","slug":"shadowbane-uj","status":"publish","type":"product","link":"https:\/\/www.retro-games.hu\/index.php\/termek\/shadowbane-uj\/","title":{"rendered":"Shadowbane (\u00faj)"},"content":{"rendered":"<p>MMORPG (nagyon sok szerepl\u0151s online szerepj\u00e1t\u00e9k). Kiad\u00e1s \u00e9ve: 2007. Platform: Windows 98\/ME\/2000\/XP \u00e9s Apple Macintosh. Kivitel: dvd tokos, els\u0151 kiad\u00e1s, angol feliratos bor\u00edt\u00f3, angol nyelv\u0171 pap\u00edrk\u00e9zik\u00f6nyv, eredeti cd angol nyelv\u0171 j\u00e1t\u00e9k. \u00daj, bontatlan, f\u00f3li\u00e1s! Megjegyz\u00e9s: Ez egy MMO, aminek m\u00e1r le\u00e1ll\u00edtott\u00e1k a szervereit, \u00edgy j\u00e1tszani nem lehet vele. Gy\u0171jtem\u00e9nybe lehet \u00e9rdekes max.<\/p>\n","protected":false},"excerpt":{"rendered":"<p>MMORPG (nagyon sok szerepl\u0151s online szerepj\u00e1t\u00e9k). Kiad\u00e1s \u00e9ve: 2007. Platform: Windows 98\/ME\/2000\/XP \u00e9s Apple Macintosh. Kivitel: dvd tokos, els\u0151 kiad\u00e1s, angol feliratos bor\u00edt\u00f3, angol nyelv\u0171 pap\u00edrk\u00e9zik\u00f6nyv, eredeti cd angol nyelv\u0171 j\u00e1t\u00e9k. \u00daj, bontatlan, f\u00f3li\u00e1s! Megjegyz\u00e9s: Ez egy MMO, aminek m\u00e1r le\u00e1ll\u00edtott\u00e1k a szervereit, \u00edgy j\u00e1tszani nem lehet vele. Gy\u0171jtem\u00e9nybe lehet \u00e9rdekes max.<\/p>\n","protected":false},"featured_media":61704,"comment_status":"open","ping_status":"closed","template":"","meta":{"_et_pb_use_builder":"","_et_pb_old_content":"","_et_gb_content_width":""},"product_brand":[],"product_cat":[147,155,272],"product_tag":[],"class_list":{"0":"post-61705","1":"product","2":"type-product","3":"status-publish","4":"has-post-thumbnail","6":"product_cat-mmo","7":"product_cat-jatekok","8":"product_cat-szerepjatek-rpg","9":"pa_allapot-uj","10":"pa_kivitel-dvd-tokos","11":"pa_nyelv-angol","12":"pa_platform-applepower-macintosh","13":"pa_platform-pc-windows-2000","14":"pa_platform-pc-windows-98","15":"pa_platform-pc-windows-me","16":"pa_platform-pc_windows","18":"first","19":"instock","20":"shipping-taxable","21":"purchasable","22":"product-type-simple"},"_links":{"self":[{"href":"https:\/\/www.retro-games.hu\/index.php\/wp-json\/wp\/v2\/product\/61705","targetHints":{"allow":["GET"]}}],"collection":[{"href":"https:\/\/www.retro-games.hu\/index.php\/wp-json\/wp\/v2\/product"}],"about":[{"href":"https:\/\/www.retro-games.hu\/index.php\/wp-json\/wp\/v2\/types\/product"}],"replies":[{"embeddable":true,"href":"https:\/\/www.retro-games.hu\/index.php\/wp-json\/wp\/v2\/comments?post=61705"}],"wp:featuredmedia":[{"embeddable":true,"href":"https:\/\/www.retro-games.hu\/index.php\/wp-json\/wp\/v2\/media\/61704"}],"wp:attachment":[{"href":"https:\/\/www.retro-games.hu\/index.php\/wp-json\/wp\/v2\/media?parent=61705"}],"wp:term":[{"taxonomy":"product_brand","embeddable":true,"href":"https:\/\/www.retro-games.hu\/index.php\/wp-json\/wp\/v2\/product_brand?post=61705"},{"taxonomy":"product_cat","embeddable":true,"href":"https:\/\/www.retro-games.hu\/index.php\/wp-json\/wp\/v2\/product_cat?post=61705"},{"taxonomy":"product_tag","embeddable":true,"href":"https:\/\/www.retro-games.hu\/index.php\/wp-json\/wp\/v2\/product_tag?post=61705"}],"curies":[{"name":"wp","href":"https:\/\/api.w.org\/{rel}","templated":true}]}}