{"id":61711,"date":"2025-11-03T14:35:28","date_gmt":"2025-11-03T14:35:28","guid":{"rendered":"https:\/\/www.retro-games.hu\/index.php\/termek\/super-street-fighter-iv-arcade-edition-uj\/"},"modified":"2025-11-03T14:35:32","modified_gmt":"2025-11-03T14:35:32","slug":"super-street-fighter-iv-arcade-edition-uj","status":"publish","type":"product","link":"https:\/\/www.retro-games.hu\/index.php\/termek\/super-street-fighter-iv-arcade-edition-uj\/","title":{"rendered":"Super Street Fighter IV Arcade Edition (\u00faj)"},"content":{"rendered":"<p>Vereked\u0151s j\u00e1t\u00e9k. Kiad\u00e1s \u00e9ve: 2011. Platform: Windows XP\/Vista. Kivitel: dvd tokos, Gamemania kiad\u00e1s, magyar feliratos bor\u00edt\u00f3, magyar nyelv\u0171 le\u00edr\u00e1s, eredeti dvd, angol nyelv\u0171 j\u00e1t\u00e9k. \u00daj, bontatlan, f\u00f3li\u00e1s! Fontos: Interneten aktiv\u00e1lni kell a j\u00e1t\u00e9kot, a ment\u00e9shez Windows Live fi\u00f3k kell, de az lehet offline is.<\/p>\n","protected":false},"excerpt":{"rendered":"<p>Vereked\u0151s j\u00e1t\u00e9k. Kiad\u00e1s \u00e9ve: 2011. Platform: Windows XP\/Vista. Kivitel: dvd tokos, Gamemania kiad\u00e1s, magyar feliratos bor\u00edt\u00f3, magyar nyelv\u0171 le\u00edr\u00e1s, eredeti dvd, angol nyelv\u0171 j\u00e1t\u00e9k. \u00daj, bontatlan, f\u00f3li\u00e1s! Fontos: Interneten aktiv\u00e1lni kell a j\u00e1t\u00e9kot, a ment\u00e9shez Windows Live fi\u00f3k kell, de az lehet offline is.<\/p>\n","protected":false},"featured_media":61710,"comment_status":"open","ping_status":"closed","template":"","meta":{"_et_pb_use_builder":"","_et_pb_old_content":"","_et_gb_content_width":""},"product_brand":[],"product_cat":[21,155,32],"product_tag":[],"class_list":{"0":"post-61711","1":"product","2":"type-product","3":"status-publish","4":"has-post-thumbnail","6":"product_cat-akcio","7":"product_cat-jatekok","8":"product_cat-verekedos-beat-em-up","9":"pa_allapot-uj","10":"pa_kivitel-dvd-tokos","11":"pa_nyelv-angol","12":"pa_platform-pc-windows-vista","13":"pa_platform-pc_windows","15":"first","16":"instock","17":"shipping-taxable","18":"purchasable","19":"product-type-simple"},"_links":{"self":[{"href":"https:\/\/www.retro-games.hu\/index.php\/wp-json\/wp\/v2\/product\/61711","targetHints":{"allow":["GET"]}}],"collection":[{"href":"https:\/\/www.retro-games.hu\/index.php\/wp-json\/wp\/v2\/product"}],"about":[{"href":"https:\/\/www.retro-games.hu\/index.php\/wp-json\/wp\/v2\/types\/product"}],"replies":[{"embeddable":true,"href":"https:\/\/www.retro-games.hu\/index.php\/wp-json\/wp\/v2\/comments?post=61711"}],"wp:featuredmedia":[{"embeddable":true,"href":"https:\/\/www.retro-games.hu\/index.php\/wp-json\/wp\/v2\/media\/61710"}],"wp:attachment":[{"href":"https:\/\/www.retro-games.hu\/index.php\/wp-json\/wp\/v2\/media?parent=61711"}],"wp:term":[{"taxonomy":"product_brand","embeddable":true,"href":"https:\/\/www.retro-games.hu\/index.php\/wp-json\/wp\/v2\/product_brand?post=61711"},{"taxonomy":"product_cat","embeddable":true,"href":"https:\/\/www.retro-games.hu\/index.php\/wp-json\/wp\/v2\/product_cat?post=61711"},{"taxonomy":"product_tag","embeddable":true,"href":"https:\/\/www.retro-games.hu\/index.php\/wp-json\/wp\/v2\/product_tag?post=61711"}],"curies":[{"name":"wp","href":"https:\/\/api.w.org\/{rel}","templated":true}]}}